{"id":36147,"date":"2026-04-24T00:41:02","date_gmt":"2026-04-24T07:41:02","guid":{"rendered":"https:\/\/www.couchbase.com\/?page_id=36147"},"modified":"2026-04-24T00:41:21","modified_gmt":"2026-04-24T07:41:21","slug":"use-cases-healthcare","status":"publish","type":"page","link":"https:\/\/www.couchbase.com\/pt\/use-cases\/healthcare\/","title":{"rendered":"Assist\u00eancia m\u00e9dica"},"content":{"rendered":"","protected":false},"excerpt":{"rendered":"","protected":false},"author":83912,"featured_media":0,"parent":0,"menu_order":0,"comment_status":"closed","ping_status":"closed","template":"flexible-components.php","meta":{"_acf_changed":false,"inline_featured_image":false,"footnotes":""},"categories":[],"tags":[],"class_list":["post-36147","page","type-page","status-publish","hentry"],"yoast_head":"<!-- This site is optimized with the Yoast SEO Premium plugin v27.3 (Yoast SEO v27.3) - https:\/\/yoast.com\/product\/yoast-seo-premium-wordpress\/ -->\n<title>Scalable NoSQL Medical Database Solutions for Healthcare Systems<\/title>\n<meta name=\"description\" content=\"Power modern healthcare with Couchbase\u2019s NoSQL medical database, built for real-time patient data, offline access, &amp; 24\/7 availability to support virtual care.\" \/>\n<meta name=\"robots\" content=\"index, follow, max-snippet:-1, max-image-preview:large, max-video-preview:-1\" \/>\n<link rel=\"canonical\" href=\"https:\/\/www.couchbase.com\/pt\/use-cases\/healthcare\/\" \/>\n<meta property=\"og:locale\" content=\"pt_BR\" \/>\n<meta property=\"og:type\" content=\"article\" \/>\n<meta property=\"og:title\" content=\"Healthcare\" \/>\n<meta property=\"og:description\" content=\"Power modern healthcare with Couchbase\u2019s NoSQL medical database, built for real-time patient data, offline access, &amp; 24\/7 availability to support virtual care.\" \/>\n<meta property=\"og:url\" content=\"https:\/\/www.couchbase.com\/pt\/use-cases\/healthcare\/\" \/>\n<meta property=\"og:site_name\" content=\"Couchbase\" \/>\n<meta property=\"article:modified_time\" content=\"2026-04-24T07:41:21+00:00\" \/>\n<meta property=\"og:image\" content=\"https:\/\/www.couchbase.com\/wp-content\/uploads\/2023\/10\/CB-Meta-Image-1.png\" \/>\n\t<meta property=\"og:image:width\" content=\"1200\" \/>\n\t<meta property=\"og:image:height\" content=\"630\" \/>\n\t<meta property=\"og:image:type\" content=\"image\/png\" \/>\n<meta name=\"twitter:card\" content=\"summary_large_image\" \/>\n<script type=\"application\/ld+json\" class=\"yoast-schema-graph\">{\"@context\":\"https:\\\/\\\/schema.org\",\"@graph\":[{\"@type\":\"WebPage\",\"@id\":\"https:\\\/\\\/www.couchbase.com\\\/pt\\\/use-cases\\\/healthcare\\\/\",\"url\":\"https:\\\/\\\/www.couchbase.com\\\/pt\\\/use-cases\\\/healthcare\\\/\",\"name\":\"Scalable NoSQL Medical Database Solutions for Healthcare Systems\",\"isPartOf\":{\"@id\":\"https:\\\/\\\/www.couchbase.com\\\/pt\\\/#website\"},\"datePublished\":\"2026-04-24T07:41:02+00:00\",\"dateModified\":\"2026-04-24T07:41:21+00:00\",\"description\":\"Power modern healthcare with Couchbase\u2019s NoSQL medical database, built for real-time patient data, offline access, & 24\\\/7 availability to support virtual care.\",\"breadcrumb\":{\"@id\":\"https:\\\/\\\/www.couchbase.com\\\/pt\\\/use-cases\\\/healthcare\\\/#breadcrumb\"},\"inLanguage\":\"pt-BR\",\"potentialAction\":[{\"@type\":\"ReadAction\",\"target\":[\"https:\\\/\\\/www.couchbase.com\\\/pt\\\/use-cases\\\/healthcare\\\/\"]}]},{\"@type\":\"BreadcrumbList\",\"@id\":\"https:\\\/\\\/www.couchbase.com\\\/pt\\\/use-cases\\\/healthcare\\\/#breadcrumb\",\"itemListElement\":[{\"@type\":\"ListItem\",\"position\":1,\"name\":\"Home\",\"item\":\"https:\\\/\\\/www.couchbase.com\\\/\"},{\"@type\":\"ListItem\",\"position\":2,\"name\":\"Healthcare\"}]},{\"@type\":\"WebSite\",\"@id\":\"https:\\\/\\\/www.couchbase.com\\\/pt\\\/#website\",\"url\":\"https:\\\/\\\/www.couchbase.com\\\/pt\\\/\",\"name\":\"Couchbase\",\"description\":\"Just another The Couchbase Blog Sites site\",\"potentialAction\":[{\"@type\":\"SearchAction\",\"target\":{\"@type\":\"EntryPoint\",\"urlTemplate\":\"https:\\\/\\\/www.couchbase.com\\\/pt\\\/?s={search_term_string}\"},\"query-input\":{\"@type\":\"PropertyValueSpecification\",\"valueRequired\":true,\"valueName\":\"search_term_string\"}}],\"inLanguage\":\"pt-BR\"}]}<\/script>\n<!-- \/ Yoast SEO Premium plugin. -->","yoast_head_json":{"title":"Solu\u00e7\u00f5es escal\u00e1veis de banco de dados m\u00e9dicos NoSQL para sistemas de sa\u00fade","description":"Potencialize o setor de sa\u00fade moderno com o banco de dados m\u00e9dico NoSQL do Couchbase, criado para dados de pacientes em tempo real, acesso off-line e disponibilidade 24 horas por dia, 7 dias por semana, para dar suporte ao atendimento virtual.","robots":{"index":"index","follow":"follow","max-snippet":"max-snippet:-1","max-image-preview":"max-image-preview:large","max-video-preview":"max-video-preview:-1"},"canonical":"https:\/\/www.couchbase.com\/pt\/use-cases\/healthcare\/","og_locale":"pt_BR","og_type":"article","og_title":"Healthcare","og_description":"Power modern healthcare with Couchbase\u2019s NoSQL medical database, built for real-time patient data, offline access, & 24\/7 availability to support virtual care.","og_url":"https:\/\/www.couchbase.com\/pt\/use-cases\/healthcare\/","og_site_name":"Couchbase","article_modified_time":"2026-04-24T07:41:21+00:00","og_image":[{"width":1200,"height":630,"url":"https:\/\/www.couchbase.com\/wp-content\/uploads\/2023\/10\/CB-Meta-Image-1.png","type":"image\/png"}],"twitter_card":"summary_large_image","schema":{"@context":"https:\/\/schema.org","@graph":[{"@type":"WebPage","@id":"https:\/\/www.couchbase.com\/pt\/use-cases\/healthcare\/","url":"https:\/\/www.couchbase.com\/pt\/use-cases\/healthcare\/","name":"Solu\u00e7\u00f5es escal\u00e1veis de banco de dados m\u00e9dicos NoSQL para sistemas de sa\u00fade","isPartOf":{"@id":"https:\/\/www.couchbase.com\/pt\/#website"},"datePublished":"2026-04-24T07:41:02+00:00","dateModified":"2026-04-24T07:41:21+00:00","description":"Potencialize o setor de sa\u00fade moderno com o banco de dados m\u00e9dico NoSQL do Couchbase, criado para dados de pacientes em tempo real, acesso off-line e disponibilidade 24 horas por dia, 7 dias por semana, para dar suporte ao atendimento virtual.","breadcrumb":{"@id":"https:\/\/www.couchbase.com\/pt\/use-cases\/healthcare\/#breadcrumb"},"inLanguage":"pt-BR","potentialAction":[{"@type":"ReadAction","target":["https:\/\/www.couchbase.com\/pt\/use-cases\/healthcare\/"]}]},{"@type":"BreadcrumbList","@id":"https:\/\/www.couchbase.com\/pt\/use-cases\/healthcare\/#breadcrumb","itemListElement":[{"@type":"ListItem","position":1,"name":"Home","item":"https:\/\/www.couchbase.com\/"},{"@type":"ListItem","position":2,"name":"Healthcare"}]},{"@type":"WebSite","@id":"https:\/\/www.couchbase.com\/pt\/#website","url":"https:\/\/www.couchbase.com\/pt\/","name":"Couchbase","description":"Apenas mais um site do The Couchbase Blog Sites","potentialAction":[{"@type":"SearchAction","target":{"@type":"EntryPoint","urlTemplate":"https:\/\/www.couchbase.com\/pt\/?s={search_term_string}"},"query-input":{"@type":"PropertyValueSpecification","valueRequired":true,"valueName":"search_term_string"}}],"inLanguage":"pt-BR"}]}},"acf":[],"_links":{"self":[{"href":"https:\/\/www.couchbase.com\/pt\/wp-json\/wp\/v2\/pages\/36147","targetHints":{"allow":["GET"]}}],"collection":[{"href":"https:\/\/www.couchbase.com\/pt\/wp-json\/wp\/v2\/pages"}],"about":[{"href":"https:\/\/www.couchbase.com\/pt\/wp-json\/wp\/v2\/types\/page"}],"author":[{"embeddable":true,"href":"https:\/\/www.couchbase.com\/pt\/wp-json\/wp\/v2\/users\/83912"}],"replies":[{"embeddable":true,"href":"https:\/\/www.couchbase.com\/pt\/wp-json\/wp\/v2\/comments?post=36147"}],"version-history":[{"count":0,"href":"https:\/\/www.couchbase.com\/pt\/wp-json\/wp\/v2\/pages\/36147\/revisions"}],"wp:attachment":[{"href":"https:\/\/www.couchbase.com\/pt\/wp-json\/wp\/v2\/media?parent=36147"}],"wp:term":[{"taxonomy":"category","embeddable":true,"href":"https:\/\/www.couchbase.com\/pt\/wp-json\/wp\/v2\/categories?post=36147"},{"taxonomy":"post_tag","embeddable":true,"href":"https:\/\/www.couchbase.com\/pt\/wp-json\/wp\/v2\/tags?post=36147"}],"curies":[{"name":"wp","href":"https:\/\/api.w.org\/{rel}","templated":true}]}}