{"id":35737,"date":"2026-01-20T00:17:10","date_gmt":"2026-01-20T08:17:10","guid":{"rendered":"https:\/\/www.couchbase.com\/?page_id=35737"},"modified":"2026-02-09T02:31:19","modified_gmt":"2026-02-09T10:31:19","slug":"what-is-big-data-analytics","status":"publish","type":"page","link":"https:\/\/www.couchbase.com\/pt\/resources\/concepts\/what-is-big-data-analytics\/","title":{"rendered":"O que \u00e9 a an\u00e1lise de Big Data?"},"content":{"rendered":"","protected":false},"excerpt":{"rendered":"","protected":false},"author":73510,"featured_media":0,"parent":0,"menu_order":0,"comment_status":"closed","ping_status":"closed","template":"flexible-components.php","meta":{"_acf_changed":false,"inline_featured_image":false,"footnotes":""},"categories":[],"tags":[],"class_list":["post-35737","page","type-page","status-publish","hentry"],"yoast_head":"<!-- This site is optimized with the Yoast SEO Premium plugin v27.0 (Yoast SEO v27.0) - https:\/\/yoast.com\/product\/yoast-seo-premium-wordpress\/ -->\n<title>What Is Big Data Analytics? | Concepts | Couchbase<\/title>\n<meta name=\"description\" content=\"This overview explains big data analytics, reviews big data use cases, and lists big data analytics tools you can use to help make business decisions.\" \/>\n<meta name=\"robots\" content=\"index, follow, max-snippet:-1, max-image-preview:large, max-video-preview:-1\" \/>\n<link rel=\"canonical\" href=\"https:\/\/www.couchbase.com\/pt\/resources\/concepts\/what-is-big-data-analytics\/\" \/>\n<meta property=\"og:locale\" content=\"pt_BR\" \/>\n<meta property=\"og:type\" content=\"article\" \/>\n<meta property=\"og:title\" content=\"What Is Big Data Analytics? | Concepts | Couchbase\" \/>\n<meta property=\"og:description\" content=\"This overview explains big data analytics, reviews big data use cases, and lists big data analytics tools you can use to help make business decisions.\" \/>\n<meta property=\"og:url\" content=\"https:\/\/www.couchbase.com\/pt\/resources\/concepts\/what-is-big-data-analytics\/\" \/>\n<meta property=\"og:site_name\" content=\"Couchbase\" \/>\n<meta property=\"article:modified_time\" content=\"2026-02-09T10:31:19+00:00\" \/>\n<meta property=\"og:image\" content=\"https:\/\/www.couchbase.com\/wp-content\/uploads\/2023\/10\/CB-Meta-Image-1.png\" \/>\n\t<meta property=\"og:image:width\" content=\"1200\" \/>\n\t<meta property=\"og:image:height\" content=\"630\" \/>\n\t<meta property=\"og:image:type\" content=\"image\/png\" \/>\n<meta name=\"twitter:card\" content=\"summary_large_image\" \/>\n<meta name=\"twitter:title\" content=\"What Is Big Data Analytics? | Concepts | Couchbase\" \/>\n<meta name=\"twitter:description\" content=\"This overview explains big data analytics, reviews big data use cases, and lists big data analytics tools you can use to help make business decisions.\" \/>\n<script type=\"application\/ld+json\" class=\"yoast-schema-graph\">{\"@context\":\"https:\/\/schema.org\",\"@graph\":[{\"@type\":\"WebPage\",\"@id\":\"https:\/\/www.couchbase.com\/pt\/resources\/concepts\/what-is-big-data-analytics\/\",\"url\":\"https:\/\/www.couchbase.com\/pt\/resources\/concepts\/what-is-big-data-analytics\/\",\"name\":\"What Is Big Data Analytics? | Concepts | Couchbase\",\"isPartOf\":{\"@id\":\"https:\/\/www.couchbase.com\/pt\/#website\"},\"datePublished\":\"2026-01-20T08:17:10+00:00\",\"dateModified\":\"2026-02-09T10:31:19+00:00\",\"description\":\"This overview explains big data analytics, reviews big data use cases, and lists big data analytics tools you can use to help make business decisions.\",\"breadcrumb\":{\"@id\":\"https:\/\/www.couchbase.com\/pt\/resources\/concepts\/what-is-big-data-analytics\/#breadcrumb\"},\"inLanguage\":\"pt-BR\",\"potentialAction\":[{\"@type\":\"ReadAction\",\"target\":[\"https:\/\/www.couchbase.com\/pt\/resources\/concepts\/what-is-big-data-analytics\/\"]}]},{\"@type\":\"BreadcrumbList\",\"@id\":\"https:\/\/www.couchbase.com\/pt\/resources\/concepts\/what-is-big-data-analytics\/#breadcrumb\",\"itemListElement\":[{\"@type\":\"ListItem\",\"position\":1,\"name\":\"Home\",\"item\":\"https:\/\/www.couchbase.com\/\"},{\"@type\":\"ListItem\",\"position\":2,\"name\":\"What Is Big Data Analytics?\"}]},{\"@type\":\"WebSite\",\"@id\":\"https:\/\/www.couchbase.com\/pt\/#website\",\"url\":\"https:\/\/www.couchbase.com\/pt\/\",\"name\":\"Couchbase\",\"description\":\"Just another The Couchbase Blog Sites site\",\"potentialAction\":[{\"@type\":\"SearchAction\",\"target\":{\"@type\":\"EntryPoint\",\"urlTemplate\":\"https:\/\/www.couchbase.com\/pt\/?s={search_term_string}\"},\"query-input\":{\"@type\":\"PropertyValueSpecification\",\"valueRequired\":true,\"valueName\":\"search_term_string\"}}],\"inLanguage\":\"pt-BR\"}]}<\/script>\n<!-- \/ Yoast SEO Premium plugin. -->","yoast_head_json":{"title":"O que \u00e9 a an\u00e1lise de Big Data? | Conceitos | Couchbase","description":"Esta vis\u00e3o geral explica a an\u00e1lise de Big Data, analisa os casos de uso de Big Data e lista as ferramentas de an\u00e1lise de Big Data que voc\u00ea pode usar para ajudar a tomar decis\u00f5es de neg\u00f3cios.","robots":{"index":"index","follow":"follow","max-snippet":"max-snippet:-1","max-image-preview":"max-image-preview:large","max-video-preview":"max-video-preview:-1"},"canonical":"https:\/\/www.couchbase.com\/pt\/resources\/concepts\/what-is-big-data-analytics\/","og_locale":"pt_BR","og_type":"article","og_title":"What Is Big Data Analytics? | Concepts | Couchbase","og_description":"This overview explains big data analytics, reviews big data use cases, and lists big data analytics tools you can use to help make business decisions.","og_url":"https:\/\/www.couchbase.com\/pt\/resources\/concepts\/what-is-big-data-analytics\/","og_site_name":"Couchbase","article_modified_time":"2026-02-09T10:31:19+00:00","og_image":[{"width":1200,"height":630,"url":"https:\/\/www.couchbase.com\/wp-content\/uploads\/2023\/10\/CB-Meta-Image-1.png","type":"image\/png"}],"twitter_card":"summary_large_image","twitter_title":"What Is Big Data Analytics? | Concepts | Couchbase","twitter_description":"This overview explains big data analytics, reviews big data use cases, and lists big data analytics tools you can use to help make business decisions.","schema":{"@context":"https:\/\/schema.org","@graph":[{"@type":"WebPage","@id":"https:\/\/www.couchbase.com\/pt\/resources\/concepts\/what-is-big-data-analytics\/","url":"https:\/\/www.couchbase.com\/pt\/resources\/concepts\/what-is-big-data-analytics\/","name":"O que \u00e9 a an\u00e1lise de Big Data? | Conceitos | Couchbase","isPartOf":{"@id":"https:\/\/www.couchbase.com\/pt\/#website"},"datePublished":"2026-01-20T08:17:10+00:00","dateModified":"2026-02-09T10:31:19+00:00","description":"Esta vis\u00e3o geral explica a an\u00e1lise de Big Data, analisa os casos de uso de Big Data e lista as ferramentas de an\u00e1lise de Big Data que voc\u00ea pode usar para ajudar a tomar decis\u00f5es de neg\u00f3cios.","breadcrumb":{"@id":"https:\/\/www.couchbase.com\/pt\/resources\/concepts\/what-is-big-data-analytics\/#breadcrumb"},"inLanguage":"pt-BR","potentialAction":[{"@type":"ReadAction","target":["https:\/\/www.couchbase.com\/pt\/resources\/concepts\/what-is-big-data-analytics\/"]}]},{"@type":"BreadcrumbList","@id":"https:\/\/www.couchbase.com\/pt\/resources\/concepts\/what-is-big-data-analytics\/#breadcrumb","itemListElement":[{"@type":"ListItem","position":1,"name":"Home","item":"https:\/\/www.couchbase.com\/"},{"@type":"ListItem","position":2,"name":"What Is Big Data Analytics?"}]},{"@type":"WebSite","@id":"https:\/\/www.couchbase.com\/pt\/#website","url":"https:\/\/www.couchbase.com\/pt\/","name":"Couchbase","description":"Apenas mais um site do The Couchbase Blog Sites","potentialAction":[{"@type":"SearchAction","target":{"@type":"EntryPoint","urlTemplate":"https:\/\/www.couchbase.com\/pt\/?s={search_term_string}"},"query-input":{"@type":"PropertyValueSpecification","valueRequired":true,"valueName":"search_term_string"}}],"inLanguage":"pt-BR"}]}},"acf":[],"_links":{"self":[{"href":"https:\/\/www.couchbase.com\/pt\/wp-json\/wp\/v2\/pages\/35737","targetHints":{"allow":["GET"]}}],"collection":[{"href":"https:\/\/www.couchbase.com\/pt\/wp-json\/wp\/v2\/pages"}],"about":[{"href":"https:\/\/www.couchbase.com\/pt\/wp-json\/wp\/v2\/types\/page"}],"author":[{"embeddable":true,"href":"https:\/\/www.couchbase.com\/pt\/wp-json\/wp\/v2\/users\/73510"}],"replies":[{"embeddable":true,"href":"https:\/\/www.couchbase.com\/pt\/wp-json\/wp\/v2\/comments?post=35737"}],"version-history":[{"count":0,"href":"https:\/\/www.couchbase.com\/pt\/wp-json\/wp\/v2\/pages\/35737\/revisions"}],"wp:attachment":[{"href":"https:\/\/www.couchbase.com\/pt\/wp-json\/wp\/v2\/media?parent=35737"}],"wp:term":[{"taxonomy":"category","embeddable":true,"href":"https:\/\/www.couchbase.com\/pt\/wp-json\/wp\/v2\/categories?post=35737"},{"taxonomy":"post_tag","embeddable":true,"href":"https:\/\/www.couchbase.com\/pt\/wp-json\/wp\/v2\/tags?post=35737"}],"curies":[{"name":"wp","href":"https:\/\/api.w.org\/{rel}","templated":true}]}}