{"id":35708,"date":"2026-01-20T00:22:32","date_gmt":"2026-01-20T08:22:32","guid":{"rendered":"https:\/\/www.couchbase.com\/?page_id=35708"},"modified":"2026-02-09T01:04:18","modified_gmt":"2026-02-09T09:04:18","slug":"semi-structured-data","status":"publish","type":"page","link":"https:\/\/www.couchbase.com\/pt\/resources\/concepts\/semi-structured-data\/","title":{"rendered":"Dados semiestruturados"},"content":{"rendered":"","protected":false},"excerpt":{"rendered":"","protected":false},"author":73510,"featured_media":0,"parent":0,"menu_order":0,"comment_status":"closed","ping_status":"closed","template":"flexible-components.php","meta":{"_acf_changed":false,"inline_featured_image":false,"footnotes":""},"categories":[],"tags":[],"class_list":["post-35708","page","type-page","status-publish","hentry"],"yoast_head":"<!-- This site is optimized with the Yoast SEO Premium plugin v27.0 (Yoast SEO v27.0) - https:\/\/yoast.com\/product\/yoast-seo-premium-wordpress\/ -->\n<title>Semi-Structured Data | Concepts | Couchbase<\/title>\n<meta name=\"description\" content=\"Semi-structured data is information that doesn\u2019t fully conform to a traditional model but has some structure. Learn more about it here.\" \/>\n<meta name=\"robots\" content=\"index, follow, max-snippet:-1, max-image-preview:large, max-video-preview:-1\" \/>\n<link rel=\"canonical\" href=\"https:\/\/www.couchbase.com\/pt\/resources\/concepts\/semi-structured-data\/\" \/>\n<meta property=\"og:locale\" content=\"pt_BR\" \/>\n<meta property=\"og:type\" content=\"article\" \/>\n<meta property=\"og:title\" content=\"Semi-Structured Data | Concepts | Couchbase\" \/>\n<meta property=\"og:description\" content=\"Semi-structured data is information that doesn\u2019t fully conform to a traditional model but has some structure. Learn more about it here.\" \/>\n<meta property=\"og:url\" content=\"https:\/\/www.couchbase.com\/pt\/resources\/concepts\/semi-structured-data\/\" \/>\n<meta property=\"og:site_name\" content=\"Couchbase\" \/>\n<meta property=\"article:modified_time\" content=\"2026-02-09T09:04:18+00:00\" \/>\n<meta property=\"og:image\" content=\"https:\/\/www.couchbase.com\/wp-content\/uploads\/2023\/10\/CB-Meta-Image-1.png\" \/>\n\t<meta property=\"og:image:width\" content=\"1200\" \/>\n\t<meta property=\"og:image:height\" content=\"630\" \/>\n\t<meta property=\"og:image:type\" content=\"image\/png\" \/>\n<meta name=\"twitter:card\" content=\"summary_large_image\" \/>\n<meta name=\"twitter:title\" content=\"Semi-Structured Data | Concepts | Couchbase\" \/>\n<meta name=\"twitter:description\" content=\"Semi-structured data is information that doesn\u2019t fully conform to a traditional model but has some structure. Learn more about it here.\" \/>\n<script type=\"application\/ld+json\" class=\"yoast-schema-graph\">{\"@context\":\"https:\/\/schema.org\",\"@graph\":[{\"@type\":\"WebPage\",\"@id\":\"https:\/\/www.couchbase.com\/pt\/resources\/concepts\/semi-structured-data\/\",\"url\":\"https:\/\/www.couchbase.com\/pt\/resources\/concepts\/semi-structured-data\/\",\"name\":\"Semi-Structured Data | Concepts | Couchbase\",\"isPartOf\":{\"@id\":\"https:\/\/www.couchbase.com\/pt\/#website\"},\"datePublished\":\"2026-01-20T08:22:32+00:00\",\"dateModified\":\"2026-02-09T09:04:18+00:00\",\"description\":\"Semi-structured data is information that doesn\u2019t fully conform to a traditional model but has some structure. Learn more about it here.\",\"breadcrumb\":{\"@id\":\"https:\/\/www.couchbase.com\/pt\/resources\/concepts\/semi-structured-data\/#breadcrumb\"},\"inLanguage\":\"pt-BR\",\"potentialAction\":[{\"@type\":\"ReadAction\",\"target\":[\"https:\/\/www.couchbase.com\/pt\/resources\/concepts\/semi-structured-data\/\"]}]},{\"@type\":\"BreadcrumbList\",\"@id\":\"https:\/\/www.couchbase.com\/pt\/resources\/concepts\/semi-structured-data\/#breadcrumb\",\"itemListElement\":[{\"@type\":\"ListItem\",\"position\":1,\"name\":\"Home\",\"item\":\"https:\/\/www.couchbase.com\/\"},{\"@type\":\"ListItem\",\"position\":2,\"name\":\"Semi-Structured Data\"}]},{\"@type\":\"WebSite\",\"@id\":\"https:\/\/www.couchbase.com\/pt\/#website\",\"url\":\"https:\/\/www.couchbase.com\/pt\/\",\"name\":\"Couchbase\",\"description\":\"Just another The Couchbase Blog Sites site\",\"potentialAction\":[{\"@type\":\"SearchAction\",\"target\":{\"@type\":\"EntryPoint\",\"urlTemplate\":\"https:\/\/www.couchbase.com\/pt\/?s={search_term_string}\"},\"query-input\":{\"@type\":\"PropertyValueSpecification\",\"valueRequired\":true,\"valueName\":\"search_term_string\"}}],\"inLanguage\":\"pt-BR\"}]}<\/script>\n<!-- \/ Yoast SEO Premium plugin. -->","yoast_head_json":{"title":"Dados semiestruturados | Conceitos | Couchbase","description":"Dados semiestruturados s\u00e3o informa\u00e7\u00f5es que n\u00e3o est\u00e3o totalmente em conformidade com um modelo tradicional, mas que t\u00eam alguma estrutura. Saiba mais sobre isso aqui.","robots":{"index":"index","follow":"follow","max-snippet":"max-snippet:-1","max-image-preview":"max-image-preview:large","max-video-preview":"max-video-preview:-1"},"canonical":"https:\/\/www.couchbase.com\/pt\/resources\/concepts\/semi-structured-data\/","og_locale":"pt_BR","og_type":"article","og_title":"Semi-Structured Data | Concepts | Couchbase","og_description":"Semi-structured data is information that doesn\u2019t fully conform to a traditional model but has some structure. Learn more about it here.","og_url":"https:\/\/www.couchbase.com\/pt\/resources\/concepts\/semi-structured-data\/","og_site_name":"Couchbase","article_modified_time":"2026-02-09T09:04:18+00:00","og_image":[{"width":1200,"height":630,"url":"https:\/\/www.couchbase.com\/wp-content\/uploads\/2023\/10\/CB-Meta-Image-1.png","type":"image\/png"}],"twitter_card":"summary_large_image","twitter_title":"Semi-Structured Data | Concepts | Couchbase","twitter_description":"Semi-structured data is information that doesn\u2019t fully conform to a traditional model but has some structure. Learn more about it here.","schema":{"@context":"https:\/\/schema.org","@graph":[{"@type":"WebPage","@id":"https:\/\/www.couchbase.com\/pt\/resources\/concepts\/semi-structured-data\/","url":"https:\/\/www.couchbase.com\/pt\/resources\/concepts\/semi-structured-data\/","name":"Dados semiestruturados | Conceitos | Couchbase","isPartOf":{"@id":"https:\/\/www.couchbase.com\/pt\/#website"},"datePublished":"2026-01-20T08:22:32+00:00","dateModified":"2026-02-09T09:04:18+00:00","description":"Dados semiestruturados s\u00e3o informa\u00e7\u00f5es que n\u00e3o est\u00e3o totalmente em conformidade com um modelo tradicional, mas que t\u00eam alguma estrutura. Saiba mais sobre isso aqui.","breadcrumb":{"@id":"https:\/\/www.couchbase.com\/pt\/resources\/concepts\/semi-structured-data\/#breadcrumb"},"inLanguage":"pt-BR","potentialAction":[{"@type":"ReadAction","target":["https:\/\/www.couchbase.com\/pt\/resources\/concepts\/semi-structured-data\/"]}]},{"@type":"BreadcrumbList","@id":"https:\/\/www.couchbase.com\/pt\/resources\/concepts\/semi-structured-data\/#breadcrumb","itemListElement":[{"@type":"ListItem","position":1,"name":"Home","item":"https:\/\/www.couchbase.com\/"},{"@type":"ListItem","position":2,"name":"Semi-Structured Data"}]},{"@type":"WebSite","@id":"https:\/\/www.couchbase.com\/pt\/#website","url":"https:\/\/www.couchbase.com\/pt\/","name":"Couchbase","description":"Apenas mais um site do The Couchbase Blog Sites","potentialAction":[{"@type":"SearchAction","target":{"@type":"EntryPoint","urlTemplate":"https:\/\/www.couchbase.com\/pt\/?s={search_term_string}"},"query-input":{"@type":"PropertyValueSpecification","valueRequired":true,"valueName":"search_term_string"}}],"inLanguage":"pt-BR"}]}},"acf":[],"_links":{"self":[{"href":"https:\/\/www.couchbase.com\/pt\/wp-json\/wp\/v2\/pages\/35708","targetHints":{"allow":["GET"]}}],"collection":[{"href":"https:\/\/www.couchbase.com\/pt\/wp-json\/wp\/v2\/pages"}],"about":[{"href":"https:\/\/www.couchbase.com\/pt\/wp-json\/wp\/v2\/types\/page"}],"author":[{"embeddable":true,"href":"https:\/\/www.couchbase.com\/pt\/wp-json\/wp\/v2\/users\/73510"}],"replies":[{"embeddable":true,"href":"https:\/\/www.couchbase.com\/pt\/wp-json\/wp\/v2\/comments?post=35708"}],"version-history":[{"count":0,"href":"https:\/\/www.couchbase.com\/pt\/wp-json\/wp\/v2\/pages\/35708\/revisions"}],"wp:attachment":[{"href":"https:\/\/www.couchbase.com\/pt\/wp-json\/wp\/v2\/media?parent=35708"}],"wp:term":[{"taxonomy":"category","embeddable":true,"href":"https:\/\/www.couchbase.com\/pt\/wp-json\/wp\/v2\/categories?post=35708"},{"taxonomy":"post_tag","embeddable":true,"href":"https:\/\/www.couchbase.com\/pt\/wp-json\/wp\/v2\/tags?post=35708"}],"curies":[{"name":"wp","href":"https:\/\/api.w.org\/{rel}","templated":true}]}}