{"id":34154,"date":"2025-05-23T12:19:56","date_gmt":"2025-05-23T19:19:56","guid":{"rendered":"https:\/\/www.couchbase.com\/?page_id=34154"},"modified":"2025-05-23T12:20:17","modified_gmt":"2025-05-23T19:20:17","slug":"resources-concepts-data-ingestion","status":"publish","type":"page","link":"https:\/\/www.couchbase.com\/pt\/resources\/concepts\/data-ingestion\/","title":{"rendered":"Ingest\u00e3o de dados"},"content":{"rendered":"","protected":false},"excerpt":{"rendered":"","protected":false},"author":15093,"featured_media":0,"parent":0,"menu_order":0,"comment_status":"closed","ping_status":"closed","template":"shortcode-template.php","meta":{"_acf_changed":false,"inline_featured_image":false,"footnotes":""},"categories":[],"tags":[],"class_list":["post-34154","page","type-page","status-publish","hentry"],"yoast_head":"<!-- This site is optimized with the Yoast SEO Premium plugin v27.3 (Yoast SEO v27.3) - https:\/\/yoast.com\/product\/yoast-seo-premium-wordpress\/ -->\n<title>Data Ingestion | Concepts | Couchbase<\/title>\n<meta name=\"description\" content=\"Data ingestion is the process of collecting and importing data from various sources into a system for storage, analysis, or processing. Learn more here.\" \/>\n<meta name=\"robots\" content=\"index, follow, max-snippet:-1, max-image-preview:large, max-video-preview:-1\" \/>\n<link rel=\"canonical\" href=\"https:\/\/www.couchbase.com\/pt\/resources\/concepts\/data-ingestion\/\" \/>\n<meta property=\"og:locale\" content=\"pt_BR\" \/>\n<meta property=\"og:type\" content=\"article\" \/>\n<meta property=\"og:title\" content=\"Data Ingestion | Concepts | Couchbase\" \/>\n<meta property=\"og:description\" content=\"Data ingestion is the process of collecting and importing data from various sources into a system for storage, analysis, or processing. Learn more here.\" \/>\n<meta property=\"og:url\" content=\"https:\/\/www.couchbase.com\/pt\/resources\/concepts\/data-ingestion\/\" \/>\n<meta property=\"og:site_name\" content=\"Couchbase\" \/>\n<meta property=\"article:modified_time\" content=\"2025-05-23T19:20:17+00:00\" \/>\n<meta property=\"og:image\" content=\"https:\/\/www.couchbase.com\/wp-content\/uploads\/2023\/10\/CB-Meta-Image-1.png\" \/>\n\t<meta property=\"og:image:width\" content=\"1200\" \/>\n\t<meta property=\"og:image:height\" content=\"630\" \/>\n\t<meta property=\"og:image:type\" content=\"image\/png\" \/>\n<meta name=\"twitter:card\" content=\"summary_large_image\" \/>\n<meta name=\"twitter:title\" content=\"Data Ingestion | Concepts | Couchbase\" \/>\n<meta name=\"twitter:description\" content=\"Data ingestion is the process of collecting and importing data from various sources into a system for storage, analysis, or processing. Learn more here.\" \/>\n<script type=\"application\/ld+json\" class=\"yoast-schema-graph\">{\"@context\":\"https:\\\/\\\/schema.org\",\"@graph\":[{\"@type\":\"WebPage\",\"@id\":\"https:\\\/\\\/www.couchbase.com\\\/pt\\\/resources\\\/concepts\\\/data-ingestion\\\/\",\"url\":\"https:\\\/\\\/www.couchbase.com\\\/resources\\\/concepts\\\/data-ingestion\\\/\",\"name\":\"Data Ingestion | Concepts | Couchbase\",\"isPartOf\":{\"@id\":\"https:\\\/\\\/www.couchbase.com\\\/pt\\\/#website\"},\"datePublished\":\"2025-05-23T19:19:56+00:00\",\"dateModified\":\"2025-05-23T19:20:17+00:00\",\"description\":\"Data ingestion is the process of collecting and importing data from various sources into a system for storage, analysis, or processing. Learn more here.\",\"breadcrumb\":{\"@id\":\"https:\\\/\\\/www.couchbase.com\\\/resources\\\/concepts\\\/data-ingestion\\\/#breadcrumb\"},\"inLanguage\":\"pt-BR\",\"potentialAction\":[{\"@type\":\"ReadAction\",\"target\":[\"https:\\\/\\\/www.couchbase.com\\\/resources\\\/concepts\\\/data-ingestion\\\/\"]}]},{\"@type\":\"BreadcrumbList\",\"@id\":\"https:\\\/\\\/www.couchbase.com\\\/resources\\\/concepts\\\/data-ingestion\\\/#breadcrumb\",\"itemListElement\":[{\"@type\":\"ListItem\",\"position\":1,\"name\":\"Home\",\"item\":\"https:\\\/\\\/www.couchbase.com\\\/\"},{\"@type\":\"ListItem\",\"position\":2,\"name\":\"Data Ingestion\"}]},{\"@type\":\"WebSite\",\"@id\":\"https:\\\/\\\/www.couchbase.com\\\/pt\\\/#website\",\"url\":\"https:\\\/\\\/www.couchbase.com\\\/pt\\\/\",\"name\":\"Couchbase\",\"description\":\"Just another The Couchbase Blog Sites site\",\"potentialAction\":[{\"@type\":\"SearchAction\",\"target\":{\"@type\":\"EntryPoint\",\"urlTemplate\":\"https:\\\/\\\/www.couchbase.com\\\/pt\\\/?s={search_term_string}\"},\"query-input\":{\"@type\":\"PropertyValueSpecification\",\"valueRequired\":true,\"valueName\":\"search_term_string\"}}],\"inLanguage\":\"pt-BR\"}]}<\/script>\n<!-- \/ Yoast SEO Premium plugin. -->","yoast_head_json":{"title":"Ingest\u00e3o de dados | Conceitos | Couchbase","description":"A ingest\u00e3o de dados \u00e9 o processo de coleta e importa\u00e7\u00e3o de dados de v\u00e1rias fontes em um sistema para armazenamento, an\u00e1lise ou processamento. Saiba mais aqui.","robots":{"index":"index","follow":"follow","max-snippet":"max-snippet:-1","max-image-preview":"max-image-preview:large","max-video-preview":"max-video-preview:-1"},"canonical":"https:\/\/www.couchbase.com\/pt\/resources\/concepts\/data-ingestion\/","og_locale":"pt_BR","og_type":"article","og_title":"Data Ingestion | Concepts | Couchbase","og_description":"Data ingestion is the process of collecting and importing data from various sources into a system for storage, analysis, or processing. Learn more here.","og_url":"https:\/\/www.couchbase.com\/pt\/resources\/concepts\/data-ingestion\/","og_site_name":"Couchbase","article_modified_time":"2025-05-23T19:20:17+00:00","og_image":[{"width":1200,"height":630,"url":"https:\/\/www.couchbase.com\/wp-content\/uploads\/2023\/10\/CB-Meta-Image-1.png","type":"image\/png"}],"twitter_card":"summary_large_image","twitter_title":"Data Ingestion | Concepts | Couchbase","twitter_description":"Data ingestion is the process of collecting and importing data from various sources into a system for storage, analysis, or processing. Learn more here.","schema":{"@context":"https:\/\/schema.org","@graph":[{"@type":"WebPage","@id":"https:\/\/www.couchbase.com\/pt\/resources\/concepts\/data-ingestion\/","url":"https:\/\/www.couchbase.com\/resources\/concepts\/data-ingestion\/","name":"Ingest\u00e3o de dados | Conceitos | Couchbase","isPartOf":{"@id":"https:\/\/www.couchbase.com\/pt\/#website"},"datePublished":"2025-05-23T19:19:56+00:00","dateModified":"2025-05-23T19:20:17+00:00","description":"A ingest\u00e3o de dados \u00e9 o processo de coleta e importa\u00e7\u00e3o de dados de v\u00e1rias fontes em um sistema para armazenamento, an\u00e1lise ou processamento. Saiba mais aqui.","breadcrumb":{"@id":"https:\/\/www.couchbase.com\/resources\/concepts\/data-ingestion\/#breadcrumb"},"inLanguage":"pt-BR","potentialAction":[{"@type":"ReadAction","target":["https:\/\/www.couchbase.com\/resources\/concepts\/data-ingestion\/"]}]},{"@type":"BreadcrumbList","@id":"https:\/\/www.couchbase.com\/resources\/concepts\/data-ingestion\/#breadcrumb","itemListElement":[{"@type":"ListItem","position":1,"name":"Home","item":"https:\/\/www.couchbase.com\/"},{"@type":"ListItem","position":2,"name":"Data Ingestion"}]},{"@type":"WebSite","@id":"https:\/\/www.couchbase.com\/pt\/#website","url":"https:\/\/www.couchbase.com\/pt\/","name":"Couchbase","description":"Apenas mais um site do The Couchbase Blog Sites","potentialAction":[{"@type":"SearchAction","target":{"@type":"EntryPoint","urlTemplate":"https:\/\/www.couchbase.com\/pt\/?s={search_term_string}"},"query-input":{"@type":"PropertyValueSpecification","valueRequired":true,"valueName":"search_term_string"}}],"inLanguage":"pt-BR"}]}},"acf":[],"_links":{"self":[{"href":"https:\/\/www.couchbase.com\/pt\/wp-json\/wp\/v2\/pages\/34154","targetHints":{"allow":["GET"]}}],"collection":[{"href":"https:\/\/www.couchbase.com\/pt\/wp-json\/wp\/v2\/pages"}],"about":[{"href":"https:\/\/www.couchbase.com\/pt\/wp-json\/wp\/v2\/types\/page"}],"author":[{"embeddable":true,"href":"https:\/\/www.couchbase.com\/pt\/wp-json\/wp\/v2\/users\/15093"}],"replies":[{"embeddable":true,"href":"https:\/\/www.couchbase.com\/pt\/wp-json\/wp\/v2\/comments?post=34154"}],"version-history":[{"count":0,"href":"https:\/\/www.couchbase.com\/pt\/wp-json\/wp\/v2\/pages\/34154\/revisions"}],"wp:attachment":[{"href":"https:\/\/www.couchbase.com\/pt\/wp-json\/wp\/v2\/media?parent=34154"}],"wp:term":[{"taxonomy":"category","embeddable":true,"href":"https:\/\/www.couchbase.com\/pt\/wp-json\/wp\/v2\/categories?post=34154"},{"taxonomy":"post_tag","embeddable":true,"href":"https:\/\/www.couchbase.com\/pt\/wp-json\/wp\/v2\/tags?post=34154"}],"curies":[{"name":"wp","href":"https:\/\/api.w.org\/{rel}","templated":true}]}}