{"id":27268,"date":"2023-11-28T16:28:49","date_gmt":"2023-11-29T00:28:49","guid":{"rendered":"https:\/\/www.couchbase.com\/?page_id=27268"},"modified":"2025-08-28T07:53:20","modified_gmt":"2025-08-28T14:53:20","slug":"full-text-search","status":"publish","type":"page","link":"https:\/\/www.couchbase.com\/pt\/products\/full-text-search\/","title":{"rendered":"Pesquisa de texto completo"},"content":{"rendered":"","protected":false},"excerpt":{"rendered":"","protected":false},"author":15093,"featured_media":0,"parent":0,"menu_order":0,"comment_status":"closed","ping_status":"closed","template":"shortcode-template.php","meta":{"_acf_changed":false,"inline_featured_image":false,"footnotes":""},"categories":[],"tags":[369],"class_list":["post-27268","page","type-page","status-publish","hentry","tag-products-and-features"],"yoast_head":"<!-- This site is optimized with the Yoast SEO Premium plugin v27.0 (Yoast SEO v27.0) - https:\/\/yoast.com\/product\/yoast-seo-premium-wordpress\/ -->\n<title>Full-Text Search Database for Apps | FTS Index Service Platform<\/title>\n<meta name=\"description\" content=\"Couchbase offers powerful full-text search capabilities integrated with JSON. Empower app search with geolocation, simple or complex terms, and vectors.\" \/>\n<meta name=\"robots\" content=\"index, follow, max-snippet:-1, max-image-preview:large, max-video-preview:-1\" \/>\n<link rel=\"canonical\" href=\"https:\/\/www.couchbase.com\/pt\/products\/full-text-search\/\" \/>\n<meta property=\"og:locale\" content=\"pt_BR\" \/>\n<meta property=\"og:type\" content=\"article\" \/>\n<meta property=\"og:title\" content=\"Full-Text Search (FTS) | Couchbase\" \/>\n<meta property=\"og:description\" content=\"Full-text search enables applications with flexible search across document fields, language-aware stemming, and relevancy-based scoring.\" \/>\n<meta property=\"og:url\" content=\"https:\/\/www.couchbase.com\/pt\/products\/full-text-search\/\" \/>\n<meta property=\"og:site_name\" content=\"Couchbase\" \/>\n<meta property=\"article:modified_time\" content=\"2025-08-28T14:53:20+00:00\" \/>\n<meta property=\"og:image\" content=\"https:\/\/www.couchbase.com\/wp-content\/uploads\/2023\/10\/CB-Meta-Image-1.png\" \/>\n\t<meta property=\"og:image:width\" content=\"1200\" \/>\n\t<meta property=\"og:image:height\" content=\"630\" \/>\n\t<meta property=\"og:image:type\" content=\"image\/png\" \/>\n<meta name=\"twitter:card\" content=\"summary_large_image\" \/>\n<meta name=\"twitter:title\" content=\"Full-Text Search (FTS) | Couchbase\" \/>\n<meta name=\"twitter:description\" content=\"Full-text search enables applications with flexible search across document fields, language-aware stemming, and relevancy-based scoring.\" \/>\n<script type=\"application\/ld+json\" class=\"yoast-schema-graph\">{\"@context\":\"https:\/\/schema.org\",\"@graph\":[{\"@type\":\"WebPage\",\"@id\":\"https:\/\/www.couchbase.com\/pt\/products\/full-text-search\/\",\"url\":\"https:\/\/www.couchbase.com\/products\/full-text-search\/\",\"name\":\"Full-Text Search Database for Apps | FTS Index Service Platform\",\"isPartOf\":{\"@id\":\"https:\/\/www.couchbase.com\/pt\/#website\"},\"datePublished\":\"2023-11-29T00:28:49+00:00\",\"dateModified\":\"2025-08-28T14:53:20+00:00\",\"description\":\"Couchbase offers powerful full-text search capabilities integrated with JSON. Empower app search with geolocation, simple or complex terms, and vectors.\",\"breadcrumb\":{\"@id\":\"https:\/\/www.couchbase.com\/products\/full-text-search\/#breadcrumb\"},\"inLanguage\":\"pt-BR\",\"potentialAction\":[{\"@type\":\"ReadAction\",\"target\":[\"https:\/\/www.couchbase.com\/products\/full-text-search\/\"]}]},{\"@type\":\"BreadcrumbList\",\"@id\":\"https:\/\/www.couchbase.com\/products\/full-text-search\/#breadcrumb\",\"itemListElement\":[{\"@type\":\"ListItem\",\"position\":1,\"name\":\"Home\",\"item\":\"https:\/\/www.couchbase.com\/\"},{\"@type\":\"ListItem\",\"position\":2,\"name\":\"Full text search\"}]},{\"@type\":\"WebSite\",\"@id\":\"https:\/\/www.couchbase.com\/pt\/#website\",\"url\":\"https:\/\/www.couchbase.com\/pt\/\",\"name\":\"Couchbase\",\"description\":\"Just another The Couchbase Blog Sites site\",\"potentialAction\":[{\"@type\":\"SearchAction\",\"target\":{\"@type\":\"EntryPoint\",\"urlTemplate\":\"https:\/\/www.couchbase.com\/pt\/?s={search_term_string}\"},\"query-input\":{\"@type\":\"PropertyValueSpecification\",\"valueRequired\":true,\"valueName\":\"search_term_string\"}}],\"inLanguage\":\"pt-BR\"}]}<\/script>\n<!-- \/ Yoast SEO Premium plugin. -->","yoast_head_json":{"title":"Banco de dados de pesquisa de texto completo para aplicativos | Plataforma de servi\u00e7o de \u00edndice FTS","description":"O Couchbase oferece recursos avan\u00e7ados de pesquisa de texto completo integrados ao JSON. Capacite a pesquisa de aplicativos com geolocaliza\u00e7\u00e3o, termos simples ou complexos e vetores.","robots":{"index":"index","follow":"follow","max-snippet":"max-snippet:-1","max-image-preview":"max-image-preview:large","max-video-preview":"max-video-preview:-1"},"canonical":"https:\/\/www.couchbase.com\/pt\/products\/full-text-search\/","og_locale":"pt_BR","og_type":"article","og_title":"Full-Text Search (FTS) | Couchbase","og_description":"Full-text search enables applications with flexible search across document fields, language-aware stemming, and relevancy-based scoring.","og_url":"https:\/\/www.couchbase.com\/pt\/products\/full-text-search\/","og_site_name":"Couchbase","article_modified_time":"2025-08-28T14:53:20+00:00","og_image":[{"width":1200,"height":630,"url":"https:\/\/www.couchbase.com\/wp-content\/uploads\/2023\/10\/CB-Meta-Image-1.png","type":"image\/png"}],"twitter_card":"summary_large_image","twitter_title":"Full-Text Search (FTS) | Couchbase","twitter_description":"Full-text search enables applications with flexible search across document fields, language-aware stemming, and relevancy-based scoring.","schema":{"@context":"https:\/\/schema.org","@graph":[{"@type":"WebPage","@id":"https:\/\/www.couchbase.com\/pt\/products\/full-text-search\/","url":"https:\/\/www.couchbase.com\/products\/full-text-search\/","name":"Banco de dados de pesquisa de texto completo para aplicativos | Plataforma de servi\u00e7o de \u00edndice FTS","isPartOf":{"@id":"https:\/\/www.couchbase.com\/pt\/#website"},"datePublished":"2023-11-29T00:28:49+00:00","dateModified":"2025-08-28T14:53:20+00:00","description":"O Couchbase oferece recursos avan\u00e7ados de pesquisa de texto completo integrados ao JSON. Capacite a pesquisa de aplicativos com geolocaliza\u00e7\u00e3o, termos simples ou complexos e vetores.","breadcrumb":{"@id":"https:\/\/www.couchbase.com\/products\/full-text-search\/#breadcrumb"},"inLanguage":"pt-BR","potentialAction":[{"@type":"ReadAction","target":["https:\/\/www.couchbase.com\/products\/full-text-search\/"]}]},{"@type":"BreadcrumbList","@id":"https:\/\/www.couchbase.com\/products\/full-text-search\/#breadcrumb","itemListElement":[{"@type":"ListItem","position":1,"name":"Home","item":"https:\/\/www.couchbase.com\/"},{"@type":"ListItem","position":2,"name":"Full text search"}]},{"@type":"WebSite","@id":"https:\/\/www.couchbase.com\/pt\/#website","url":"https:\/\/www.couchbase.com\/pt\/","name":"Couchbase","description":"Apenas mais um site do The Couchbase Blog Sites","potentialAction":[{"@type":"SearchAction","target":{"@type":"EntryPoint","urlTemplate":"https:\/\/www.couchbase.com\/pt\/?s={search_term_string}"},"query-input":{"@type":"PropertyValueSpecification","valueRequired":true,"valueName":"search_term_string"}}],"inLanguage":"pt-BR"}]}},"acf":[],"_links":{"self":[{"href":"https:\/\/www.couchbase.com\/pt\/wp-json\/wp\/v2\/pages\/27268","targetHints":{"allow":["GET"]}}],"collection":[{"href":"https:\/\/www.couchbase.com\/pt\/wp-json\/wp\/v2\/pages"}],"about":[{"href":"https:\/\/www.couchbase.com\/pt\/wp-json\/wp\/v2\/types\/page"}],"author":[{"embeddable":true,"href":"https:\/\/www.couchbase.com\/pt\/wp-json\/wp\/v2\/users\/15093"}],"replies":[{"embeddable":true,"href":"https:\/\/www.couchbase.com\/pt\/wp-json\/wp\/v2\/comments?post=27268"}],"version-history":[{"count":0,"href":"https:\/\/www.couchbase.com\/pt\/wp-json\/wp\/v2\/pages\/27268\/revisions"}],"wp:attachment":[{"href":"https:\/\/www.couchbase.com\/pt\/wp-json\/wp\/v2\/media?parent=27268"}],"wp:term":[{"taxonomy":"category","embeddable":true,"href":"https:\/\/www.couchbase.com\/pt\/wp-json\/wp\/v2\/categories?post=27268"},{"taxonomy":"post_tag","embeddable":true,"href":"https:\/\/www.couchbase.com\/pt\/wp-json\/wp\/v2\/tags?post=27268"}],"curies":[{"name":"wp","href":"https:\/\/api.w.org\/{rel}","templated":true}]}}