{"id":27173,"date":"2023-11-28T17:14:53","date_gmt":"2023-11-29T01:14:53","guid":{"rendered":"https:\/\/www.couchbase.com\/?page_id=27173"},"modified":"2026-03-10T10:35:41","modified_gmt":"2026-03-10T17:35:41","slug":"products-n1ql-2","status":"publish","type":"page","link":"https:\/\/www.couchbase.com\/pt\/products\/n1ql\/","title":{"rendered":"SQL++"},"content":{"rendered":"","protected":false},"excerpt":{"rendered":"","protected":false},"author":15093,"featured_media":0,"parent":0,"menu_order":0,"comment_status":"closed","ping_status":"closed","template":"shortcode-template.php","meta":{"_acf_changed":false,"inline_featured_image":false,"footnotes":""},"categories":[],"tags":[369],"class_list":["post-27173","page","type-page","status-publish","hentry","tag-products-and-features"],"yoast_head":"<!-- This site is optimized with the Yoast SEO Premium plugin v27.3 (Yoast SEO v27.3) - https:\/\/yoast.com\/product\/yoast-seo-premium-wordpress\/ -->\n<title>SQL++ Database Language: ANSI SQL for JSON<\/title>\n<meta name=\"description\" content=\"SQL++ is a fast, cost-efficient SQL for JSON with industry-standard ANSI syntax. Learn all about Couchbase&#039;s powerful database query language here.\" \/>\n<meta name=\"robots\" content=\"index, follow, max-snippet:-1, max-image-preview:large, max-video-preview:-1\" \/>\n<link rel=\"canonical\" href=\"https:\/\/www.couchbase.com\/pt\/products\/n1ql\/\" \/>\n<meta property=\"og:locale\" content=\"pt_BR\" \/>\n<meta property=\"og:type\" content=\"article\" \/>\n<meta property=\"og:title\" content=\"N1QL | SQL-Like JSON Database Query Language | SQL++\" \/>\n<meta property=\"og:description\" content=\"N1QL is a database query language that extends SQL for JSON. Learn how you can query data via native framework &amp; language integration, a fluent API, and more!\" \/>\n<meta property=\"og:url\" content=\"https:\/\/www.couchbase.com\/pt\/products\/n1ql\/\" \/>\n<meta property=\"og:site_name\" content=\"Couchbase\" \/>\n<meta property=\"article:modified_time\" content=\"2026-03-10T17:35:41+00:00\" \/>\n<meta property=\"og:image\" content=\"https:\/\/www.couchbase.com\/wp-content\/uploads\/2023\/10\/CB-Meta-Image-1.png\" \/>\n\t<meta property=\"og:image:width\" content=\"1200\" \/>\n\t<meta property=\"og:image:height\" content=\"630\" \/>\n\t<meta property=\"og:image:type\" content=\"image\/png\" \/>\n<meta name=\"twitter:card\" content=\"summary_large_image\" \/>\n<meta name=\"twitter:title\" content=\"N1QL | SQL-Like JSON Database Query Language | SQL++\" \/>\n<meta name=\"twitter:description\" content=\"N1QL is a database query language that extends SQL for JSON. Learn how you can query data via native framework &amp; language integration, a fluent API, and more!\" \/>\n<script type=\"application\/ld+json\" class=\"yoast-schema-graph\">{\"@context\":\"https:\\\/\\\/schema.org\",\"@graph\":[{\"@type\":\"WebPage\",\"@id\":\"https:\\\/\\\/www.couchbase.com\\\/pt\\\/products\\\/n1ql\\\/\",\"url\":\"https:\\\/\\\/www.couchbase.com\\\/products\\\/n1ql\\\/\",\"name\":\"SQL++ Database Language: ANSI SQL for JSON\",\"isPartOf\":{\"@id\":\"https:\\\/\\\/www.couchbase.com\\\/pt\\\/#website\"},\"datePublished\":\"2023-11-29T01:14:53+00:00\",\"dateModified\":\"2026-03-10T17:35:41+00:00\",\"description\":\"SQL++ is a fast, cost-efficient SQL for JSON with industry-standard ANSI syntax. Learn all about Couchbase's powerful database query language here.\",\"breadcrumb\":{\"@id\":\"https:\\\/\\\/www.couchbase.com\\\/products\\\/n1ql\\\/#breadcrumb\"},\"inLanguage\":\"pt-BR\",\"potentialAction\":[{\"@type\":\"ReadAction\",\"target\":[\"https:\\\/\\\/www.couchbase.com\\\/products\\\/n1ql\\\/\"]}]},{\"@type\":\"BreadcrumbList\",\"@id\":\"https:\\\/\\\/www.couchbase.com\\\/products\\\/n1ql\\\/#breadcrumb\",\"itemListElement\":[{\"@type\":\"ListItem\",\"position\":1,\"name\":\"Home\",\"item\":\"https:\\\/\\\/www.couchbase.com\\\/\"},{\"@type\":\"ListItem\",\"position\":2,\"name\":\"SQL++\"}]},{\"@type\":\"WebSite\",\"@id\":\"https:\\\/\\\/www.couchbase.com\\\/pt\\\/#website\",\"url\":\"https:\\\/\\\/www.couchbase.com\\\/pt\\\/\",\"name\":\"Couchbase\",\"description\":\"Just another The Couchbase Blog Sites site\",\"potentialAction\":[{\"@type\":\"SearchAction\",\"target\":{\"@type\":\"EntryPoint\",\"urlTemplate\":\"https:\\\/\\\/www.couchbase.com\\\/pt\\\/?s={search_term_string}\"},\"query-input\":{\"@type\":\"PropertyValueSpecification\",\"valueRequired\":true,\"valueName\":\"search_term_string\"}}],\"inLanguage\":\"pt-BR\"}]}<\/script>\n<!-- \/ Yoast SEO Premium plugin. -->","yoast_head_json":{"title":"Linguagem de banco de dados SQL++: ANSI SQL para JSON","description":"O SQL++ \u00e9 um SQL r\u00e1pido e econ\u00f4mico para JSON com sintaxe ANSI padr\u00e3o do setor. Saiba tudo sobre a poderosa linguagem de consulta de banco de dados do Couchbase aqui.","robots":{"index":"index","follow":"follow","max-snippet":"max-snippet:-1","max-image-preview":"max-image-preview:large","max-video-preview":"max-video-preview:-1"},"canonical":"https:\/\/www.couchbase.com\/pt\/products\/n1ql\/","og_locale":"pt_BR","og_type":"article","og_title":"N1QL | SQL-Like JSON Database Query Language | SQL++","og_description":"N1QL is a database query language that extends SQL for JSON. Learn how you can query data via native framework & language integration, a fluent API, and more!","og_url":"https:\/\/www.couchbase.com\/pt\/products\/n1ql\/","og_site_name":"Couchbase","article_modified_time":"2026-03-10T17:35:41+00:00","og_image":[{"width":1200,"height":630,"url":"https:\/\/www.couchbase.com\/wp-content\/uploads\/2023\/10\/CB-Meta-Image-1.png","type":"image\/png"}],"twitter_card":"summary_large_image","twitter_title":"N1QL | SQL-Like JSON Database Query Language | SQL++","twitter_description":"N1QL is a database query language that extends SQL for JSON. Learn how you can query data via native framework & language integration, a fluent API, and more!","schema":{"@context":"https:\/\/schema.org","@graph":[{"@type":"WebPage","@id":"https:\/\/www.couchbase.com\/pt\/products\/n1ql\/","url":"https:\/\/www.couchbase.com\/products\/n1ql\/","name":"Linguagem de banco de dados SQL++: ANSI SQL para JSON","isPartOf":{"@id":"https:\/\/www.couchbase.com\/pt\/#website"},"datePublished":"2023-11-29T01:14:53+00:00","dateModified":"2026-03-10T17:35:41+00:00","description":"O SQL++ \u00e9 um SQL r\u00e1pido e econ\u00f4mico para JSON com sintaxe ANSI padr\u00e3o do setor. Saiba tudo sobre a poderosa linguagem de consulta de banco de dados do Couchbase aqui.","breadcrumb":{"@id":"https:\/\/www.couchbase.com\/products\/n1ql\/#breadcrumb"},"inLanguage":"pt-BR","potentialAction":[{"@type":"ReadAction","target":["https:\/\/www.couchbase.com\/products\/n1ql\/"]}]},{"@type":"BreadcrumbList","@id":"https:\/\/www.couchbase.com\/products\/n1ql\/#breadcrumb","itemListElement":[{"@type":"ListItem","position":1,"name":"Home","item":"https:\/\/www.couchbase.com\/"},{"@type":"ListItem","position":2,"name":"SQL++"}]},{"@type":"WebSite","@id":"https:\/\/www.couchbase.com\/pt\/#website","url":"https:\/\/www.couchbase.com\/pt\/","name":"Couchbase","description":"Apenas mais um site do The Couchbase Blog Sites","potentialAction":[{"@type":"SearchAction","target":{"@type":"EntryPoint","urlTemplate":"https:\/\/www.couchbase.com\/pt\/?s={search_term_string}"},"query-input":{"@type":"PropertyValueSpecification","valueRequired":true,"valueName":"search_term_string"}}],"inLanguage":"pt-BR"}]}},"acf":[],"_links":{"self":[{"href":"https:\/\/www.couchbase.com\/pt\/wp-json\/wp\/v2\/pages\/27173","targetHints":{"allow":["GET"]}}],"collection":[{"href":"https:\/\/www.couchbase.com\/pt\/wp-json\/wp\/v2\/pages"}],"about":[{"href":"https:\/\/www.couchbase.com\/pt\/wp-json\/wp\/v2\/types\/page"}],"author":[{"embeddable":true,"href":"https:\/\/www.couchbase.com\/pt\/wp-json\/wp\/v2\/users\/15093"}],"replies":[{"embeddable":true,"href":"https:\/\/www.couchbase.com\/pt\/wp-json\/wp\/v2\/comments?post=27173"}],"version-history":[{"count":0,"href":"https:\/\/www.couchbase.com\/pt\/wp-json\/wp\/v2\/pages\/27173\/revisions"}],"wp:attachment":[{"href":"https:\/\/www.couchbase.com\/pt\/wp-json\/wp\/v2\/media?parent=27173"}],"wp:term":[{"taxonomy":"category","embeddable":true,"href":"https:\/\/www.couchbase.com\/pt\/wp-json\/wp\/v2\/categories?post=27173"},{"taxonomy":"post_tag","embeddable":true,"href":"https:\/\/www.couchbase.com\/pt\/wp-json\/wp\/v2\/tags?post=27173"}],"curies":[{"name":"wp","href":"https:\/\/api.w.org\/{rel}","templated":true}]}}