{"id":26159,"date":"2023-10-31T05:21:31","date_gmt":"2023-10-31T12:21:31","guid":{"rendered":"https:\/\/www.couchbase.com\/?page_id=26159"},"modified":"2025-08-21T08:27:34","modified_gmt":"2025-08-21T15:27:34","slug":"products-operator","status":"publish","type":"page","link":"https:\/\/www.couchbase.com\/pt\/products\/operator\/","title":{"rendered":"Operador aut\u00f4nomo do Couchbase"},"content":{"rendered":"","protected":false},"excerpt":{"rendered":"","protected":false},"author":83874,"featured_media":0,"parent":0,"menu_order":0,"comment_status":"closed","ping_status":"closed","template":"shortcode-template.php","meta":{"_acf_changed":false,"inline_featured_image":false,"footnotes":""},"categories":[],"tags":[369],"class_list":["post-26159","page","type-page","status-publish","hentry","tag-products-and-features"],"yoast_head":"<!-- This site is optimized with the Yoast SEO Premium plugin v27.3 (Yoast SEO v27.3) - https:\/\/yoast.com\/product\/yoast-seo-premium-wordpress\/ -->\n<title>Autonomous Operator: DevOps Automation for Kubernetes &amp; More<\/title>\n<meta name=\"description\" content=\"Couchbase Autonomous Operator enables DevOps automation for Kubernetes &amp; cloud-native databases. Support apps with high performance &amp; flexibility.\" \/>\n<meta name=\"robots\" content=\"index, follow, max-snippet:-1, max-image-preview:large, max-video-preview:-1\" \/>\n<link rel=\"canonical\" href=\"https:\/\/www.couchbase.com\/pt\/products\/operator\/\" \/>\n<meta property=\"og:locale\" content=\"pt_BR\" \/>\n<meta property=\"og:type\" content=\"article\" \/>\n<meta property=\"og:title\" content=\"Couchbase Autonomus Operator\" \/>\n<meta property=\"og:description\" content=\"Couchbase Autonomous Operator enables DevOps automation for Kubernetes &amp; cloud-native databases. Support apps with high performance &amp; flexibility.\" \/>\n<meta property=\"og:url\" content=\"https:\/\/www.couchbase.com\/pt\/products\/operator\/\" \/>\n<meta property=\"og:site_name\" content=\"Couchbase\" \/>\n<meta property=\"article:modified_time\" content=\"2025-08-21T15:27:34+00:00\" \/>\n<meta property=\"og:image\" content=\"https:\/\/www.couchbase.com\/wp-content\/uploads\/2023\/10\/CB-Meta-Image-1.png\" \/>\n\t<meta property=\"og:image:width\" content=\"1200\" \/>\n\t<meta property=\"og:image:height\" content=\"630\" \/>\n\t<meta property=\"og:image:type\" content=\"image\/png\" \/>\n<meta name=\"twitter:card\" content=\"summary_large_image\" \/>\n<script type=\"application\/ld+json\" class=\"yoast-schema-graph\">{\"@context\":\"https:\\\/\\\/schema.org\",\"@graph\":[{\"@type\":\"WebPage\",\"@id\":\"https:\\\/\\\/www.couchbase.com\\\/pt\\\/products\\\/operator\\\/\",\"url\":\"https:\\\/\\\/www.couchbase.com\\\/pt\\\/products\\\/operator\\\/\",\"name\":\"Autonomous Operator: DevOps Automation for Kubernetes & More\",\"isPartOf\":{\"@id\":\"https:\\\/\\\/www.couchbase.com\\\/pt\\\/#website\"},\"datePublished\":\"2023-10-31T12:21:31+00:00\",\"dateModified\":\"2025-08-21T15:27:34+00:00\",\"description\":\"Couchbase Autonomous Operator enables DevOps automation for Kubernetes & cloud-native databases. Support apps with high performance & flexibility.\",\"breadcrumb\":{\"@id\":\"https:\\\/\\\/www.couchbase.com\\\/pt\\\/products\\\/operator\\\/#breadcrumb\"},\"inLanguage\":\"pt-BR\",\"potentialAction\":[{\"@type\":\"ReadAction\",\"target\":[\"https:\\\/\\\/www.couchbase.com\\\/pt\\\/products\\\/operator\\\/\"]}]},{\"@type\":\"BreadcrumbList\",\"@id\":\"https:\\\/\\\/www.couchbase.com\\\/pt\\\/products\\\/operator\\\/#breadcrumb\",\"itemListElement\":[{\"@type\":\"ListItem\",\"position\":1,\"name\":\"Home\",\"item\":\"https:\\\/\\\/www.couchbase.com\\\/\"},{\"@type\":\"ListItem\",\"position\":2,\"name\":\"Couchbase Autonomus Operator\"}]},{\"@type\":\"WebSite\",\"@id\":\"https:\\\/\\\/www.couchbase.com\\\/pt\\\/#website\",\"url\":\"https:\\\/\\\/www.couchbase.com\\\/pt\\\/\",\"name\":\"Couchbase\",\"description\":\"Just another The Couchbase Blog Sites site\",\"potentialAction\":[{\"@type\":\"SearchAction\",\"target\":{\"@type\":\"EntryPoint\",\"urlTemplate\":\"https:\\\/\\\/www.couchbase.com\\\/pt\\\/?s={search_term_string}\"},\"query-input\":{\"@type\":\"PropertyValueSpecification\",\"valueRequired\":true,\"valueName\":\"search_term_string\"}}],\"inLanguage\":\"pt-BR\"}]}<\/script>\n<!-- \/ Yoast SEO Premium plugin. -->","yoast_head_json":{"title":"Operador aut\u00f4nomo: Automa\u00e7\u00e3o DevOps para Kubernetes e muito mais","description":"O Couchbase Autonomous Operator permite a automa\u00e7\u00e3o de DevOps para Kubernetes e bancos de dados nativos da nuvem. Ofere\u00e7a suporte a aplicativos com alto desempenho e flexibilidade.","robots":{"index":"index","follow":"follow","max-snippet":"max-snippet:-1","max-image-preview":"max-image-preview:large","max-video-preview":"max-video-preview:-1"},"canonical":"https:\/\/www.couchbase.com\/pt\/products\/operator\/","og_locale":"pt_BR","og_type":"article","og_title":"Couchbase Autonomus Operator","og_description":"Couchbase Autonomous Operator enables DevOps automation for Kubernetes & cloud-native databases. Support apps with high performance & flexibility.","og_url":"https:\/\/www.couchbase.com\/pt\/products\/operator\/","og_site_name":"Couchbase","article_modified_time":"2025-08-21T15:27:34+00:00","og_image":[{"width":1200,"height":630,"url":"https:\/\/www.couchbase.com\/wp-content\/uploads\/2023\/10\/CB-Meta-Image-1.png","type":"image\/png"}],"twitter_card":"summary_large_image","schema":{"@context":"https:\/\/schema.org","@graph":[{"@type":"WebPage","@id":"https:\/\/www.couchbase.com\/pt\/products\/operator\/","url":"https:\/\/www.couchbase.com\/pt\/products\/operator\/","name":"Operador aut\u00f4nomo: Automa\u00e7\u00e3o DevOps para Kubernetes e muito mais","isPartOf":{"@id":"https:\/\/www.couchbase.com\/pt\/#website"},"datePublished":"2023-10-31T12:21:31+00:00","dateModified":"2025-08-21T15:27:34+00:00","description":"O Couchbase Autonomous Operator permite a automa\u00e7\u00e3o de DevOps para Kubernetes e bancos de dados nativos da nuvem. Ofere\u00e7a suporte a aplicativos com alto desempenho e flexibilidade.","breadcrumb":{"@id":"https:\/\/www.couchbase.com\/pt\/products\/operator\/#breadcrumb"},"inLanguage":"pt-BR","potentialAction":[{"@type":"ReadAction","target":["https:\/\/www.couchbase.com\/pt\/products\/operator\/"]}]},{"@type":"BreadcrumbList","@id":"https:\/\/www.couchbase.com\/pt\/products\/operator\/#breadcrumb","itemListElement":[{"@type":"ListItem","position":1,"name":"Home","item":"https:\/\/www.couchbase.com\/"},{"@type":"ListItem","position":2,"name":"Couchbase Autonomus Operator"}]},{"@type":"WebSite","@id":"https:\/\/www.couchbase.com\/pt\/#website","url":"https:\/\/www.couchbase.com\/pt\/","name":"Couchbase","description":"Apenas mais um site do The Couchbase Blog Sites","potentialAction":[{"@type":"SearchAction","target":{"@type":"EntryPoint","urlTemplate":"https:\/\/www.couchbase.com\/pt\/?s={search_term_string}"},"query-input":{"@type":"PropertyValueSpecification","valueRequired":true,"valueName":"search_term_string"}}],"inLanguage":"pt-BR"}]}},"acf":[],"_links":{"self":[{"href":"https:\/\/www.couchbase.com\/pt\/wp-json\/wp\/v2\/pages\/26159","targetHints":{"allow":["GET"]}}],"collection":[{"href":"https:\/\/www.couchbase.com\/pt\/wp-json\/wp\/v2\/pages"}],"about":[{"href":"https:\/\/www.couchbase.com\/pt\/wp-json\/wp\/v2\/types\/page"}],"author":[{"embeddable":true,"href":"https:\/\/www.couchbase.com\/pt\/wp-json\/wp\/v2\/users\/83874"}],"replies":[{"embeddable":true,"href":"https:\/\/www.couchbase.com\/pt\/wp-json\/wp\/v2\/comments?post=26159"}],"version-history":[{"count":0,"href":"https:\/\/www.couchbase.com\/pt\/wp-json\/wp\/v2\/pages\/26159\/revisions"}],"wp:attachment":[{"href":"https:\/\/www.couchbase.com\/pt\/wp-json\/wp\/v2\/media?parent=26159"}],"wp:term":[{"taxonomy":"category","embeddable":true,"href":"https:\/\/www.couchbase.com\/pt\/wp-json\/wp\/v2\/categories?post=26159"},{"taxonomy":"post_tag","embeddable":true,"href":"https:\/\/www.couchbase.com\/pt\/wp-json\/wp\/v2\/tags?post=26159"}],"curies":[{"name":"wp","href":"https:\/\/api.w.org\/{rel}","templated":true}]}}