{"id":24135,"date":"2023-02-13T02:31:18","date_gmt":"2023-02-13T10:31:18","guid":{"rendered":"https:\/\/www.couchbase.com\/?page_id=24135"},"modified":"2023-11-03T10:33:24","modified_gmt":"2023-11-03T17:33:24","slug":"sanctioned-thank-you","status":"publish","type":"page","link":"https:\/\/www.couchbase.com\/pt\/sanctioned-thank-you\/","title":{"rendered":"Agradecimento sancionado"},"content":{"rendered":"<h3>Obrigado por seu envio.<\/h3>\n<h6>Um representante do Couchbase entrar\u00e1 em contato com voc\u00ea em breve.<\/h6>\n<p>Como consequ\u00eancia do cumprimento das san\u00e7\u00f5es abrangentes dos EUA que pro\u00edbem downloads de software por usu\u00e1rios em determinadas regi\u00f5es da Ucr\u00e2nia, precisamos primeiro verificar se voc\u00ea est\u00e1 em uma regi\u00e3o n\u00e3o sancionada antes de fornecer o link para download. Entraremos em contato em breve.<\/p>","protected":false},"excerpt":{"rendered":"<p>Thank You for Your Submission. A Couchbase representative will be in touch with you shortly. As a consequence of complying with comprehensive U.S. sanctions which prohibit software downloads by users in certain regions of Ukraine we must first verify you [&hellip;]<\/p>\n","protected":false},"author":73510,"featured_media":0,"parent":0,"menu_order":0,"comment_status":"closed","ping_status":"closed","template":"sanctioned-thank-you.php","meta":{"_acf_changed":false,"inline_featured_image":false,"footnotes":""},"categories":[],"tags":[],"class_list":["post-24135","page","type-page","status-publish","hentry"],"yoast_head":"<!-- This site is optimized with the Yoast SEO Premium plugin v27.3 (Yoast SEO v27.3) - https:\/\/yoast.com\/product\/yoast-seo-premium-wordpress\/ -->\n<title>Sanctioned Thank You - Couchbase<\/title>\n<meta name=\"robots\" content=\"index, follow, max-snippet:-1, max-image-preview:large, max-video-preview:-1\" \/>\n<link rel=\"canonical\" href=\"https:\/\/www.couchbase.com\/pt\/sanctioned-thank-you\/\" \/>\n<meta property=\"og:locale\" content=\"pt_BR\" \/>\n<meta property=\"og:type\" content=\"article\" \/>\n<meta property=\"og:title\" content=\"Sanctioned Thank You\" \/>\n<meta property=\"og:description\" content=\"Thank You for Your Submission. A Couchbase representative will be in touch with you shortly. As a consequence of complying with comprehensive U.S. sanctions which prohibit software downloads by users in certain regions of Ukraine we must first verify you [&hellip;]\" \/>\n<meta property=\"og:url\" content=\"https:\/\/www.couchbase.com\/pt\/sanctioned-thank-you\/\" \/>\n<meta property=\"og:site_name\" content=\"Couchbase\" \/>\n<meta property=\"article:modified_time\" content=\"2023-11-03T17:33:24+00:00\" \/>\n<meta property=\"og:image\" content=\"https:\/\/www.couchbase.com\/wp-content\/uploads\/2023\/10\/CB-Meta-Image-1.png\" \/>\n\t<meta property=\"og:image:width\" content=\"1200\" \/>\n\t<meta property=\"og:image:height\" content=\"630\" \/>\n\t<meta property=\"og:image:type\" content=\"image\/png\" \/>\n<meta name=\"twitter:card\" content=\"summary_large_image\" \/>\n<meta name=\"twitter:label1\" content=\"Est. reading time\" \/>\n\t<meta name=\"twitter:data1\" content=\"1 minuto\" \/>\n<script type=\"application\/ld+json\" class=\"yoast-schema-graph\">{\"@context\":\"https:\\\/\\\/schema.org\",\"@graph\":[{\"@type\":\"WebPage\",\"@id\":\"https:\\\/\\\/www.couchbase.com\\\/pt\\\/sanctioned-thank-you\\\/\",\"url\":\"https:\\\/\\\/www.couchbase.com\\\/pt\\\/sanctioned-thank-you\\\/\",\"name\":\"Sanctioned Thank You - Couchbase\",\"isPartOf\":{\"@id\":\"https:\\\/\\\/www.couchbase.com\\\/pt\\\/#website\"},\"datePublished\":\"2023-02-13T10:31:18+00:00\",\"dateModified\":\"2023-11-03T17:33:24+00:00\",\"breadcrumb\":{\"@id\":\"https:\\\/\\\/www.couchbase.com\\\/pt\\\/sanctioned-thank-you\\\/#breadcrumb\"},\"inLanguage\":\"pt-BR\",\"potentialAction\":[{\"@type\":\"ReadAction\",\"target\":[\"https:\\\/\\\/www.couchbase.com\\\/pt\\\/sanctioned-thank-you\\\/\"]}]},{\"@type\":\"BreadcrumbList\",\"@id\":\"https:\\\/\\\/www.couchbase.com\\\/pt\\\/sanctioned-thank-you\\\/#breadcrumb\",\"itemListElement\":[{\"@type\":\"ListItem\",\"position\":1,\"name\":\"Home\",\"item\":\"https:\\\/\\\/www.couchbase.com\\\/\"},{\"@type\":\"ListItem\",\"position\":2,\"name\":\"Sanctioned Thank You\"}]},{\"@type\":\"WebSite\",\"@id\":\"https:\\\/\\\/www.couchbase.com\\\/pt\\\/#website\",\"url\":\"https:\\\/\\\/www.couchbase.com\\\/pt\\\/\",\"name\":\"Couchbase\",\"description\":\"Just another The Couchbase Blog Sites site\",\"potentialAction\":[{\"@type\":\"SearchAction\",\"target\":{\"@type\":\"EntryPoint\",\"urlTemplate\":\"https:\\\/\\\/www.couchbase.com\\\/pt\\\/?s={search_term_string}\"},\"query-input\":{\"@type\":\"PropertyValueSpecification\",\"valueRequired\":true,\"valueName\":\"search_term_string\"}}],\"inLanguage\":\"pt-BR\"}]}<\/script>\n<!-- \/ Yoast SEO Premium plugin. -->","yoast_head_json":{"title":"Agradecimento sancionado - Couchbase","robots":{"index":"index","follow":"follow","max-snippet":"max-snippet:-1","max-image-preview":"max-image-preview:large","max-video-preview":"max-video-preview:-1"},"canonical":"https:\/\/www.couchbase.com\/pt\/sanctioned-thank-you\/","og_locale":"pt_BR","og_type":"article","og_title":"Sanctioned Thank You","og_description":"Thank You for Your Submission. A Couchbase representative will be in touch with you shortly. As a consequence of complying with comprehensive U.S. sanctions which prohibit software downloads by users in certain regions of Ukraine we must first verify you [&hellip;]","og_url":"https:\/\/www.couchbase.com\/pt\/sanctioned-thank-you\/","og_site_name":"Couchbase","article_modified_time":"2023-11-03T17:33:24+00:00","og_image":[{"width":1200,"height":630,"url":"https:\/\/www.couchbase.com\/wp-content\/uploads\/2023\/10\/CB-Meta-Image-1.png","type":"image\/png"}],"twitter_card":"summary_large_image","twitter_misc":{"Est. reading time":"1 minuto"},"schema":{"@context":"https:\/\/schema.org","@graph":[{"@type":"WebPage","@id":"https:\/\/www.couchbase.com\/pt\/sanctioned-thank-you\/","url":"https:\/\/www.couchbase.com\/pt\/sanctioned-thank-you\/","name":"Agradecimento sancionado - Couchbase","isPartOf":{"@id":"https:\/\/www.couchbase.com\/pt\/#website"},"datePublished":"2023-02-13T10:31:18+00:00","dateModified":"2023-11-03T17:33:24+00:00","breadcrumb":{"@id":"https:\/\/www.couchbase.com\/pt\/sanctioned-thank-you\/#breadcrumb"},"inLanguage":"pt-BR","potentialAction":[{"@type":"ReadAction","target":["https:\/\/www.couchbase.com\/pt\/sanctioned-thank-you\/"]}]},{"@type":"BreadcrumbList","@id":"https:\/\/www.couchbase.com\/pt\/sanctioned-thank-you\/#breadcrumb","itemListElement":[{"@type":"ListItem","position":1,"name":"Home","item":"https:\/\/www.couchbase.com\/"},{"@type":"ListItem","position":2,"name":"Sanctioned Thank You"}]},{"@type":"WebSite","@id":"https:\/\/www.couchbase.com\/pt\/#website","url":"https:\/\/www.couchbase.com\/pt\/","name":"Couchbase","description":"Apenas mais um site do The Couchbase Blog Sites","potentialAction":[{"@type":"SearchAction","target":{"@type":"EntryPoint","urlTemplate":"https:\/\/www.couchbase.com\/pt\/?s={search_term_string}"},"query-input":{"@type":"PropertyValueSpecification","valueRequired":true,"valueName":"search_term_string"}}],"inLanguage":"pt-BR"}]}},"acf":[],"_links":{"self":[{"href":"https:\/\/www.couchbase.com\/pt\/wp-json\/wp\/v2\/pages\/24135","targetHints":{"allow":["GET"]}}],"collection":[{"href":"https:\/\/www.couchbase.com\/pt\/wp-json\/wp\/v2\/pages"}],"about":[{"href":"https:\/\/www.couchbase.com\/pt\/wp-json\/wp\/v2\/types\/page"}],"author":[{"embeddable":true,"href":"https:\/\/www.couchbase.com\/pt\/wp-json\/wp\/v2\/users\/73510"}],"replies":[{"embeddable":true,"href":"https:\/\/www.couchbase.com\/pt\/wp-json\/wp\/v2\/comments?post=24135"}],"version-history":[{"count":0,"href":"https:\/\/www.couchbase.com\/pt\/wp-json\/wp\/v2\/pages\/24135\/revisions"}],"wp:attachment":[{"href":"https:\/\/www.couchbase.com\/pt\/wp-json\/wp\/v2\/media?parent=24135"}],"wp:term":[{"taxonomy":"category","embeddable":true,"href":"https:\/\/www.couchbase.com\/pt\/wp-json\/wp\/v2\/categories?post=24135"},{"taxonomy":"post_tag","embeddable":true,"href":"https:\/\/www.couchbase.com\/pt\/wp-json\/wp\/v2\/tags?post=24135"}],"curies":[{"name":"wp","href":"https:\/\/api.w.org\/{rel}","templated":true}]}}