{"id":19196,"date":"2022-08-01T13:41:26","date_gmt":"2022-08-01T20:41:26","guid":{"rendered":"https:\/\/staging.couchbase.com\/?page_id=19196&#038;preview_id=19196"},"modified":"2025-05-13T10:27:28","modified_gmt":"2025-05-13T17:27:28","slug":"hammerhead","status":"publish","type":"page","link":"https:\/\/www.couchbase.com\/pt\/customers\/hammerhead\/","title":{"rendered":"Cabe\u00e7a de martelo"},"content":{"rendered":"","protected":false},"excerpt":{"rendered":"","protected":false},"author":73510,"featured_media":0,"parent":0,"menu_order":0,"comment_status":"closed","ping_status":"closed","template":"customers-child.php","meta":{"_acf_changed":false,"inline_featured_image":false,"footnotes":""},"categories":[],"tags":[364],"class_list":["post-19196","page","type-page","status-publish","hentry","tag-customers"],"yoast_head":"<!-- This site is optimized with the Yoast SEO Premium plugin v27.3 (Yoast SEO v27.3) - https:\/\/yoast.com\/product\/yoast-seo-premium-wordpress\/ -->\n<title>Hammerhead \u2013 Mobile &amp; Edge Customer Case Study | Couchbase<\/title>\n<meta name=\"description\" content=\"Learn how Hammerhead enables high performance and scalability, offline availability, and seamless data sync for its bicycling app with Couchbase Mobile.\" \/>\n<meta name=\"robots\" content=\"index, follow, max-snippet:-1, max-image-preview:large, max-video-preview:-1\" \/>\n<link rel=\"canonical\" href=\"https:\/\/www.couchbase.com\/pt\/customers\/hammerhead\/\" \/>\n<meta property=\"og:locale\" content=\"pt_BR\" \/>\n<meta property=\"og:type\" content=\"article\" \/>\n<meta property=\"og:title\" content=\"Hammerhead \u2013 Mobile &amp; Edge Customer Case Study | Couchbase\" \/>\n<meta property=\"og:description\" content=\"Learn how Hammerhead enables high performance and scalability, offline availability, and seamless data sync for its bicycling app with Couchbase Mobile.\" \/>\n<meta property=\"og:url\" content=\"https:\/\/www.couchbase.com\/pt\/customers\/hammerhead\/\" \/>\n<meta property=\"og:site_name\" content=\"Couchbase\" \/>\n<meta property=\"article:modified_time\" content=\"2025-05-13T17:27:28+00:00\" \/>\n<meta property=\"og:image\" content=\"https:\/\/www.couchbase.com\/wp-content\/uploads\/2023\/10\/CB-Meta-Image-1.png\" \/>\n\t<meta property=\"og:image:width\" content=\"1200\" \/>\n\t<meta property=\"og:image:height\" content=\"630\" \/>\n\t<meta property=\"og:image:type\" content=\"image\/png\" \/>\n<meta name=\"twitter:card\" content=\"summary_large_image\" \/>\n<meta name=\"twitter:title\" content=\"Hammerhead \u2013 Mobile &amp; Edge Customer Case Study | Couchbase\" \/>\n<meta name=\"twitter:description\" content=\"Learn how Hammerhead enables high performance and scalability, offline availability, and seamless data sync for its bicycling app with Couchbase Mobile.\" \/>\n<script type=\"application\/ld+json\" class=\"yoast-schema-graph\">{\"@context\":\"https:\\\/\\\/schema.org\",\"@graph\":[{\"@type\":\"WebPage\",\"@id\":\"https:\\\/\\\/www.couchbase.com\\\/pt\\\/customers\\\/hammerhead\\\/\",\"url\":\"https:\\\/\\\/www.couchbase.com\\\/pt\\\/customers\\\/hammerhead\\\/\",\"name\":\"Hammerhead \u2013 Mobile & Edge Customer Case Study | Couchbase\",\"isPartOf\":{\"@id\":\"https:\\\/\\\/www.couchbase.com\\\/pt\\\/#website\"},\"datePublished\":\"2022-08-01T20:41:26+00:00\",\"dateModified\":\"2025-05-13T17:27:28+00:00\",\"description\":\"Learn how Hammerhead enables high performance and scalability, offline availability, and seamless data sync for its bicycling app with Couchbase Mobile.\",\"breadcrumb\":{\"@id\":\"https:\\\/\\\/www.couchbase.com\\\/pt\\\/customers\\\/hammerhead\\\/#breadcrumb\"},\"inLanguage\":\"pt-BR\",\"potentialAction\":[{\"@type\":\"ReadAction\",\"target\":[\"https:\\\/\\\/www.couchbase.com\\\/pt\\\/customers\\\/hammerhead\\\/\"]}]},{\"@type\":\"BreadcrumbList\",\"@id\":\"https:\\\/\\\/www.couchbase.com\\\/pt\\\/customers\\\/hammerhead\\\/#breadcrumb\",\"itemListElement\":[{\"@type\":\"ListItem\",\"position\":1,\"name\":\"Home\",\"item\":\"https:\\\/\\\/www.couchbase.com\\\/\"},{\"@type\":\"ListItem\",\"position\":2,\"name\":\"Hammerhead\"}]},{\"@type\":\"WebSite\",\"@id\":\"https:\\\/\\\/www.couchbase.com\\\/pt\\\/#website\",\"url\":\"https:\\\/\\\/www.couchbase.com\\\/pt\\\/\",\"name\":\"Couchbase\",\"description\":\"Just another The Couchbase Blog Sites site\",\"potentialAction\":[{\"@type\":\"SearchAction\",\"target\":{\"@type\":\"EntryPoint\",\"urlTemplate\":\"https:\\\/\\\/www.couchbase.com\\\/pt\\\/?s={search_term_string}\"},\"query-input\":{\"@type\":\"PropertyValueSpecification\",\"valueRequired\":true,\"valueName\":\"search_term_string\"}}],\"inLanguage\":\"pt-BR\"}]}<\/script>\n<!-- \/ Yoast SEO Premium plugin. -->","yoast_head_json":{"title":"Hammerhead - Estudo de caso de cliente m\u00f3vel e de borda | Couchbase","description":"Saiba como a Hammerhead permite alto desempenho e escalabilidade, disponibilidade off-line e sincroniza\u00e7\u00e3o cont\u00ednua de dados para seu aplicativo de ciclismo com o Couchbase Mobile.","robots":{"index":"index","follow":"follow","max-snippet":"max-snippet:-1","max-image-preview":"max-image-preview:large","max-video-preview":"max-video-preview:-1"},"canonical":"https:\/\/www.couchbase.com\/pt\/customers\/hammerhead\/","og_locale":"pt_BR","og_type":"article","og_title":"Hammerhead \u2013 Mobile & Edge Customer Case Study | Couchbase","og_description":"Learn how Hammerhead enables high performance and scalability, offline availability, and seamless data sync for its bicycling app with Couchbase Mobile.","og_url":"https:\/\/www.couchbase.com\/pt\/customers\/hammerhead\/","og_site_name":"Couchbase","article_modified_time":"2025-05-13T17:27:28+00:00","og_image":[{"width":1200,"height":630,"url":"https:\/\/www.couchbase.com\/wp-content\/uploads\/2023\/10\/CB-Meta-Image-1.png","type":"image\/png"}],"twitter_card":"summary_large_image","twitter_title":"Hammerhead \u2013 Mobile & Edge Customer Case Study | Couchbase","twitter_description":"Learn how Hammerhead enables high performance and scalability, offline availability, and seamless data sync for its bicycling app with Couchbase Mobile.","schema":{"@context":"https:\/\/schema.org","@graph":[{"@type":"WebPage","@id":"https:\/\/www.couchbase.com\/pt\/customers\/hammerhead\/","url":"https:\/\/www.couchbase.com\/pt\/customers\/hammerhead\/","name":"Hammerhead - Estudo de caso de cliente m\u00f3vel e de borda | Couchbase","isPartOf":{"@id":"https:\/\/www.couchbase.com\/pt\/#website"},"datePublished":"2022-08-01T20:41:26+00:00","dateModified":"2025-05-13T17:27:28+00:00","description":"Saiba como a Hammerhead permite alto desempenho e escalabilidade, disponibilidade off-line e sincroniza\u00e7\u00e3o cont\u00ednua de dados para seu aplicativo de ciclismo com o Couchbase Mobile.","breadcrumb":{"@id":"https:\/\/www.couchbase.com\/pt\/customers\/hammerhead\/#breadcrumb"},"inLanguage":"pt-BR","potentialAction":[{"@type":"ReadAction","target":["https:\/\/www.couchbase.com\/pt\/customers\/hammerhead\/"]}]},{"@type":"BreadcrumbList","@id":"https:\/\/www.couchbase.com\/pt\/customers\/hammerhead\/#breadcrumb","itemListElement":[{"@type":"ListItem","position":1,"name":"Home","item":"https:\/\/www.couchbase.com\/"},{"@type":"ListItem","position":2,"name":"Hammerhead"}]},{"@type":"WebSite","@id":"https:\/\/www.couchbase.com\/pt\/#website","url":"https:\/\/www.couchbase.com\/pt\/","name":"Couchbase","description":"Apenas mais um site do The Couchbase Blog Sites","potentialAction":[{"@type":"SearchAction","target":{"@type":"EntryPoint","urlTemplate":"https:\/\/www.couchbase.com\/pt\/?s={search_term_string}"},"query-input":{"@type":"PropertyValueSpecification","valueRequired":true,"valueName":"search_term_string"}}],"inLanguage":"pt-BR"}]}},"acf":[],"_links":{"self":[{"href":"https:\/\/www.couchbase.com\/pt\/wp-json\/wp\/v2\/pages\/19196","targetHints":{"allow":["GET"]}}],"collection":[{"href":"https:\/\/www.couchbase.com\/pt\/wp-json\/wp\/v2\/pages"}],"about":[{"href":"https:\/\/www.couchbase.com\/pt\/wp-json\/wp\/v2\/types\/page"}],"author":[{"embeddable":true,"href":"https:\/\/www.couchbase.com\/pt\/wp-json\/wp\/v2\/users\/73510"}],"replies":[{"embeddable":true,"href":"https:\/\/www.couchbase.com\/pt\/wp-json\/wp\/v2\/comments?post=19196"}],"version-history":[{"count":0,"href":"https:\/\/www.couchbase.com\/pt\/wp-json\/wp\/v2\/pages\/19196\/revisions"}],"wp:attachment":[{"href":"https:\/\/www.couchbase.com\/pt\/wp-json\/wp\/v2\/media?parent=19196"}],"wp:term":[{"taxonomy":"category","embeddable":true,"href":"https:\/\/www.couchbase.com\/pt\/wp-json\/wp\/v2\/categories?post=19196"},{"taxonomy":"post_tag","embeddable":true,"href":"https:\/\/www.couchbase.com\/pt\/wp-json\/wp\/v2\/tags?post=19196"}],"curies":[{"name":"wp","href":"https:\/\/api.w.org\/{rel}","templated":true}]}}