{"id":16708,"date":"2022-06-27T03:57:07","date_gmt":"2022-06-27T10:57:07","guid":{"rendered":"https:\/\/staging.couchbase.com\/?page_id=16708"},"modified":"2026-01-19T04:50:36","modified_gmt":"2026-01-19T12:50:36","slug":"sql","status":"publish","type":"page","link":"https:\/\/www.couchbase.com\/pt\/sqlplusplus\/","title":{"rendered":"SQL++"},"content":{"rendered":"<h2>Exemplos de consultas SQL++<\/h2>\n<p class=\"para-18\"> O Couchbase est\u00e1 liderando a ado\u00e7\u00e3o antecipada da especifica\u00e7\u00e3o SQL++, usando-a para desbloquear a intera\u00e7\u00e3o anal\u00edtica de dados JSON no Couchbase Server. Ao usar o SQL++ como uma base padronizada para consultas, os usu\u00e1rios se beneficiam ao transferir facilmente suas habilidades dos bancos de dados relacionais tradicionais para o dom\u00ednio NoSQL. Reduzir a barreira para consultar bancos de dados NoSQL \u00e9 essencial para capacitar as empresas a extrair valor de seus acervos de dados JSON. O N1QL for Analytics \u00e9 a linguagem de consulta do Couchbase criada com base no SQL++.<\/p>","protected":false},"excerpt":{"rendered":"<p>Exemplos de consulta SQL++ O Couchbase est\u00e1 liderando a ado\u00e7\u00e3o antecipada da especifica\u00e7\u00e3o SQL++, usando-a para desbloquear a intera\u00e7\u00e3o anal\u00edtica de dados JSON no Couchbase Server. Ao usar o SQL++ como uma base padronizada para consultas, os usu\u00e1rios se beneficiam com a facilidade [...]<\/p>","protected":false},"author":15093,"featured_media":0,"parent":0,"menu_order":0,"comment_status":"closed","ping_status":"closed","template":"sqlplusplus.php","meta":{"_acf_changed":false,"inline_featured_image":false,"footnotes":""},"categories":[],"tags":[],"class_list":["post-16708","page","type-page","status-publish","hentry"],"yoast_head":"<!-- This site is optimized with the Yoast SEO Premium plugin v27.0 (Yoast SEO v27.0) - https:\/\/yoast.com\/product\/yoast-seo-premium-wordpress\/ -->\n<title>SQL++ - Query Language for Managing JSON Data | Couchbase<\/title>\n<meta name=\"description\" content=\"Querying complex JSON data has been made easy. The next-generation query language for managing JSON data is SQL++. Read the tutorial at Couchbase.\" \/>\n<meta name=\"robots\" content=\"index, follow, max-snippet:-1, max-image-preview:large, max-video-preview:-1\" \/>\n<link rel=\"canonical\" href=\"https:\/\/www.couchbase.com\/pt\/sqlplusplus\/\" \/>\n<meta property=\"og:locale\" content=\"pt_BR\" \/>\n<meta property=\"og:type\" content=\"article\" \/>\n<meta property=\"og:title\" content=\"SQL++ | Couchbase\" \/>\n<meta property=\"og:description\" content=\"Couchbase N1QL for Analytics is leading the way in the early adoption of the SQL++ specification, use it to write queries that unlock JSON data. See sample SQL++ in action and find related resources.\" \/>\n<meta property=\"og:url\" content=\"https:\/\/www.couchbase.com\/pt\/sqlplusplus\/\" \/>\n<meta property=\"og:site_name\" content=\"Couchbase\" \/>\n<meta property=\"article:modified_time\" content=\"2026-01-19T12:50:36+00:00\" \/>\n<meta property=\"og:image\" content=\"https:\/\/www.couchbase.com\/wp-content\/uploads\/2023\/10\/CB-Meta-Image-1.png\" \/>\n\t<meta property=\"og:image:width\" content=\"1200\" \/>\n\t<meta property=\"og:image:height\" content=\"630\" \/>\n\t<meta property=\"og:image:type\" content=\"image\/png\" \/>\n<meta name=\"twitter:card\" content=\"summary_large_image\" \/>\n<meta name=\"twitter:title\" content=\"SQL++ | Couchbase\" \/>\n<meta name=\"twitter:description\" content=\"Couchbase N1QL for Analytics is leading the way in the early adoption of the SQL++ specification, use it to write queries that unlock JSON data. See sample SQL++ in action and find related resources.\" \/>\n<meta name=\"twitter:label1\" content=\"Est. reading time\" \/>\n\t<meta name=\"twitter:data1\" content=\"1 minuto\" \/>\n<script type=\"application\/ld+json\" class=\"yoast-schema-graph\">{\"@context\":\"https:\/\/schema.org\",\"@graph\":[{\"@type\":\"WebPage\",\"@id\":\"https:\/\/www.couchbase.com\/pt\/sqlplusplus\/\",\"url\":\"https:\/\/www.couchbase.com\/pt\/sqlplusplus\/\",\"name\":\"SQL++ - Query Language for Managing JSON Data | Couchbase\",\"isPartOf\":{\"@id\":\"https:\/\/www.couchbase.com\/pt\/#website\"},\"datePublished\":\"2022-06-27T10:57:07+00:00\",\"dateModified\":\"2026-01-19T12:50:36+00:00\",\"description\":\"Querying complex JSON data has been made easy. The next-generation query language for managing JSON data is SQL++. Read the tutorial at Couchbase.\",\"breadcrumb\":{\"@id\":\"https:\/\/www.couchbase.com\/pt\/sqlplusplus\/#breadcrumb\"},\"inLanguage\":\"pt-BR\",\"potentialAction\":[{\"@type\":\"ReadAction\",\"target\":[\"https:\/\/www.couchbase.com\/pt\/sqlplusplus\/\"]}]},{\"@type\":\"BreadcrumbList\",\"@id\":\"https:\/\/www.couchbase.com\/pt\/sqlplusplus\/#breadcrumb\",\"itemListElement\":[{\"@type\":\"ListItem\",\"position\":1,\"name\":\"Home\",\"item\":\"https:\/\/www.couchbase.com\/\"},{\"@type\":\"ListItem\",\"position\":2,\"name\":\"SQL++\"}]},{\"@type\":\"WebSite\",\"@id\":\"https:\/\/www.couchbase.com\/pt\/#website\",\"url\":\"https:\/\/www.couchbase.com\/pt\/\",\"name\":\"Couchbase\",\"description\":\"Just another The Couchbase Blog Sites site\",\"potentialAction\":[{\"@type\":\"SearchAction\",\"target\":{\"@type\":\"EntryPoint\",\"urlTemplate\":\"https:\/\/www.couchbase.com\/pt\/?s={search_term_string}\"},\"query-input\":{\"@type\":\"PropertyValueSpecification\",\"valueRequired\":true,\"valueName\":\"search_term_string\"}}],\"inLanguage\":\"pt-BR\"}]}<\/script>\n<!-- \/ Yoast SEO Premium plugin. -->","yoast_head_json":{"title":"SQL++ - Linguagem de consulta para gerenciar dados JSON | Couchbase","description":"A consulta de dados JSON complexos ficou mais f\u00e1cil. A linguagem de consulta de \u00faltima gera\u00e7\u00e3o para gerenciar dados JSON \u00e9 SQL++. Leia o tutorial no Couchbase.","robots":{"index":"index","follow":"follow","max-snippet":"max-snippet:-1","max-image-preview":"max-image-preview:large","max-video-preview":"max-video-preview:-1"},"canonical":"https:\/\/www.couchbase.com\/pt\/sqlplusplus\/","og_locale":"pt_BR","og_type":"article","og_title":"SQL++ | Couchbase","og_description":"Couchbase N1QL for Analytics is leading the way in the early adoption of the SQL++ specification, use it to write queries that unlock JSON data. See sample SQL++ in action and find related resources.","og_url":"https:\/\/www.couchbase.com\/pt\/sqlplusplus\/","og_site_name":"Couchbase","article_modified_time":"2026-01-19T12:50:36+00:00","og_image":[{"width":1200,"height":630,"url":"https:\/\/www.couchbase.com\/wp-content\/uploads\/2023\/10\/CB-Meta-Image-1.png","type":"image\/png"}],"twitter_card":"summary_large_image","twitter_title":"SQL++ | Couchbase","twitter_description":"Couchbase N1QL for Analytics is leading the way in the early adoption of the SQL++ specification, use it to write queries that unlock JSON data. See sample SQL++ in action and find related resources.","twitter_misc":{"Est. reading time":"1 minuto"},"schema":{"@context":"https:\/\/schema.org","@graph":[{"@type":"WebPage","@id":"https:\/\/www.couchbase.com\/pt\/sqlplusplus\/","url":"https:\/\/www.couchbase.com\/pt\/sqlplusplus\/","name":"SQL++ - Linguagem de consulta para gerenciar dados JSON | Couchbase","isPartOf":{"@id":"https:\/\/www.couchbase.com\/pt\/#website"},"datePublished":"2022-06-27T10:57:07+00:00","dateModified":"2026-01-19T12:50:36+00:00","description":"A consulta de dados JSON complexos ficou mais f\u00e1cil. A linguagem de consulta de \u00faltima gera\u00e7\u00e3o para gerenciar dados JSON \u00e9 SQL++. Leia o tutorial no Couchbase.","breadcrumb":{"@id":"https:\/\/www.couchbase.com\/pt\/sqlplusplus\/#breadcrumb"},"inLanguage":"pt-BR","potentialAction":[{"@type":"ReadAction","target":["https:\/\/www.couchbase.com\/pt\/sqlplusplus\/"]}]},{"@type":"BreadcrumbList","@id":"https:\/\/www.couchbase.com\/pt\/sqlplusplus\/#breadcrumb","itemListElement":[{"@type":"ListItem","position":1,"name":"Home","item":"https:\/\/www.couchbase.com\/"},{"@type":"ListItem","position":2,"name":"SQL++"}]},{"@type":"WebSite","@id":"https:\/\/www.couchbase.com\/pt\/#website","url":"https:\/\/www.couchbase.com\/pt\/","name":"Couchbase","description":"Apenas mais um site do The Couchbase Blog Sites","potentialAction":[{"@type":"SearchAction","target":{"@type":"EntryPoint","urlTemplate":"https:\/\/www.couchbase.com\/pt\/?s={search_term_string}"},"query-input":{"@type":"PropertyValueSpecification","valueRequired":true,"valueName":"search_term_string"}}],"inLanguage":"pt-BR"}]}},"acf":[],"_links":{"self":[{"href":"https:\/\/www.couchbase.com\/pt\/wp-json\/wp\/v2\/pages\/16708","targetHints":{"allow":["GET"]}}],"collection":[{"href":"https:\/\/www.couchbase.com\/pt\/wp-json\/wp\/v2\/pages"}],"about":[{"href":"https:\/\/www.couchbase.com\/pt\/wp-json\/wp\/v2\/types\/page"}],"author":[{"embeddable":true,"href":"https:\/\/www.couchbase.com\/pt\/wp-json\/wp\/v2\/users\/15093"}],"replies":[{"embeddable":true,"href":"https:\/\/www.couchbase.com\/pt\/wp-json\/wp\/v2\/comments?post=16708"}],"version-history":[{"count":0,"href":"https:\/\/www.couchbase.com\/pt\/wp-json\/wp\/v2\/pages\/16708\/revisions"}],"wp:attachment":[{"href":"https:\/\/www.couchbase.com\/pt\/wp-json\/wp\/v2\/media?parent=16708"}],"wp:term":[{"taxonomy":"category","embeddable":true,"href":"https:\/\/www.couchbase.com\/pt\/wp-json\/wp\/v2\/categories?post=16708"},{"taxonomy":"post_tag","embeddable":true,"href":"https:\/\/www.couchbase.com\/pt\/wp-json\/wp\/v2\/tags?post=16708"}],"curies":[{"name":"wp","href":"https:\/\/api.w.org\/{rel}","templated":true}]}}