{"id":36150,"date":"2026-04-24T00:37:54","date_gmt":"2026-04-24T07:37:54","guid":{"rendered":"https:\/\/www.couchbase.com\/?page_id=36150"},"modified":"2026-04-24T00:38:18","modified_gmt":"2026-04-24T07:38:18","slug":"use-cases-gaming","status":"publish","type":"page","link":"https:\/\/www.couchbase.com\/fr\/use-cases\/gaming\/","title":{"rendered":"Government Solutions"},"content":{"rendered":"","protected":false},"excerpt":{"rendered":"","protected":false},"author":83912,"featured_media":0,"parent":0,"menu_order":0,"comment_status":"closed","ping_status":"closed","template":"flexible-components.php","meta":{"_acf_changed":false,"inline_featured_image":false,"footnotes":""},"categories":[],"tags":[],"class_list":["post-36150","page","type-page","status-publish","hentry"],"yoast_head":"<!-- This site is optimized with the Yoast SEO Premium plugin v27.3 (Yoast SEO v27.3) - https:\/\/yoast.com\/product\/yoast-seo-premium-wordpress\/ -->\n<title>NoSQL Database for Gaming Developement | Couchbase<\/title>\n<meta name=\"description\" content=\"Power high-performance gaming applications with Couchbase, a scalable NoSQL database. Support real-time gameplay, mobile sync, and more. Try it today!\" \/>\n<meta name=\"robots\" content=\"index, follow, max-snippet:-1, max-image-preview:large, max-video-preview:-1\" \/>\n<link rel=\"canonical\" href=\"https:\/\/www.couchbase.com\/fr\/use-cases\/gaming\/\" \/>\n<meta property=\"og:locale\" content=\"fr_FR\" \/>\n<meta property=\"og:type\" content=\"article\" \/>\n<meta property=\"og:title\" content=\"Government Solutions\" \/>\n<meta property=\"og:description\" content=\"Power high-performance gaming applications with Couchbase, a scalable NoSQL database. Support real-time gameplay, mobile sync, and more. Try it today!\" \/>\n<meta property=\"og:url\" content=\"https:\/\/www.couchbase.com\/fr\/use-cases\/gaming\/\" \/>\n<meta property=\"og:site_name\" content=\"Couchbase\" \/>\n<meta property=\"article:modified_time\" content=\"2026-04-24T07:38:18+00:00\" \/>\n<meta property=\"og:image\" content=\"https:\/\/www.couchbase.com\/wp-content\/uploads\/2023\/10\/CB-Meta-Image-1.png\" \/>\n\t<meta property=\"og:image:width\" content=\"1200\" \/>\n\t<meta property=\"og:image:height\" content=\"630\" \/>\n\t<meta property=\"og:image:type\" content=\"image\/png\" \/>\n<meta name=\"twitter:card\" content=\"summary_large_image\" \/>\n<script type=\"application\/ld+json\" class=\"yoast-schema-graph\">{\"@context\":\"https:\\\/\\\/schema.org\",\"@graph\":[{\"@type\":\"WebPage\",\"@id\":\"https:\\\/\\\/www.couchbase.com\\\/fr\\\/use-cases\\\/gaming\\\/\",\"url\":\"https:\\\/\\\/www.couchbase.com\\\/fr\\\/use-cases\\\/gaming\\\/\",\"name\":\"NoSQL Database for Gaming Developement | Couchbase\",\"isPartOf\":{\"@id\":\"https:\\\/\\\/www.couchbase.com\\\/fr\\\/#website\"},\"datePublished\":\"2026-04-24T07:37:54+00:00\",\"dateModified\":\"2026-04-24T07:38:18+00:00\",\"description\":\"Power high-performance gaming applications with Couchbase, a scalable NoSQL database. Support real-time gameplay, mobile sync, and more. Try it today!\",\"breadcrumb\":{\"@id\":\"https:\\\/\\\/www.couchbase.com\\\/fr\\\/use-cases\\\/gaming\\\/#breadcrumb\"},\"inLanguage\":\"fr-FR\",\"potentialAction\":[{\"@type\":\"ReadAction\",\"target\":[\"https:\\\/\\\/www.couchbase.com\\\/fr\\\/use-cases\\\/gaming\\\/\"]}]},{\"@type\":\"BreadcrumbList\",\"@id\":\"https:\\\/\\\/www.couchbase.com\\\/fr\\\/use-cases\\\/gaming\\\/#breadcrumb\",\"itemListElement\":[{\"@type\":\"ListItem\",\"position\":1,\"name\":\"Home\",\"item\":\"https:\\\/\\\/www.couchbase.com\\\/\"},{\"@type\":\"ListItem\",\"position\":2,\"name\":\"Government Solutions\"}]},{\"@type\":\"WebSite\",\"@id\":\"https:\\\/\\\/www.couchbase.com\\\/fr\\\/#website\",\"url\":\"https:\\\/\\\/www.couchbase.com\\\/fr\\\/\",\"name\":\"Couchbase\",\"description\":\"Just another The Couchbase Blog Sites site\",\"potentialAction\":[{\"@type\":\"SearchAction\",\"target\":{\"@type\":\"EntryPoint\",\"urlTemplate\":\"https:\\\/\\\/www.couchbase.com\\\/fr\\\/?s={search_term_string}\"},\"query-input\":{\"@type\":\"PropertyValueSpecification\",\"valueRequired\":true,\"valueName\":\"search_term_string\"}}],\"inLanguage\":\"fr-FR\"}]}<\/script>\n<!-- \/ Yoast SEO Premium plugin. -->","yoast_head_json":{"title":"Base de donn\u00e9es NoSQL pour le d\u00e9veloppement de jeux vid\u00e9o | Couchbase","description":"D\u00e9veloppez des applications de jeux hautes performances avec Couchbase, une base de donn\u00e9es NoSQL \u00e9volutive. Prenez en charge les jeux en temps r\u00e9el, la synchronisation mobile et bien plus encore. Essayez-le d\u00e8s aujourd'hui !","robots":{"index":"index","follow":"follow","max-snippet":"max-snippet:-1","max-image-preview":"max-image-preview:large","max-video-preview":"max-video-preview:-1"},"canonical":"https:\/\/www.couchbase.com\/fr\/use-cases\/gaming\/","og_locale":"fr_FR","og_type":"article","og_title":"Government Solutions","og_description":"Power high-performance gaming applications with Couchbase, a scalable NoSQL database. Support real-time gameplay, mobile sync, and more. Try it today!","og_url":"https:\/\/www.couchbase.com\/fr\/use-cases\/gaming\/","og_site_name":"Couchbase","article_modified_time":"2026-04-24T07:38:18+00:00","og_image":[{"width":1200,"height":630,"url":"https:\/\/www.couchbase.com\/wp-content\/uploads\/2023\/10\/CB-Meta-Image-1.png","type":"image\/png"}],"twitter_card":"summary_large_image","schema":{"@context":"https:\/\/schema.org","@graph":[{"@type":"WebPage","@id":"https:\/\/www.couchbase.com\/fr\/use-cases\/gaming\/","url":"https:\/\/www.couchbase.com\/fr\/use-cases\/gaming\/","name":"Base de donn\u00e9es NoSQL pour le d\u00e9veloppement de jeux vid\u00e9o | Couchbase","isPartOf":{"@id":"https:\/\/www.couchbase.com\/fr\/#website"},"datePublished":"2026-04-24T07:37:54+00:00","dateModified":"2026-04-24T07:38:18+00:00","description":"D\u00e9veloppez des applications de jeux hautes performances avec Couchbase, une base de donn\u00e9es NoSQL \u00e9volutive. Prenez en charge les jeux en temps r\u00e9el, la synchronisation mobile et bien plus encore. Essayez-le d\u00e8s aujourd'hui !","breadcrumb":{"@id":"https:\/\/www.couchbase.com\/fr\/use-cases\/gaming\/#breadcrumb"},"inLanguage":"fr-FR","potentialAction":[{"@type":"ReadAction","target":["https:\/\/www.couchbase.com\/fr\/use-cases\/gaming\/"]}]},{"@type":"BreadcrumbList","@id":"https:\/\/www.couchbase.com\/fr\/use-cases\/gaming\/#breadcrumb","itemListElement":[{"@type":"ListItem","position":1,"name":"Home","item":"https:\/\/www.couchbase.com\/"},{"@type":"ListItem","position":2,"name":"Government Solutions"}]},{"@type":"WebSite","@id":"https:\/\/www.couchbase.com\/fr\/#website","url":"https:\/\/www.couchbase.com\/fr\/","name":"Couchbase","description":"Encore un site The Couchbase Blog Sites","potentialAction":[{"@type":"SearchAction","target":{"@type":"EntryPoint","urlTemplate":"https:\/\/www.couchbase.com\/fr\/?s={search_term_string}"},"query-input":{"@type":"PropertyValueSpecification","valueRequired":true,"valueName":"search_term_string"}}],"inLanguage":"fr-FR"}]}},"acf":[],"_links":{"self":[{"href":"https:\/\/www.couchbase.com\/fr\/wp-json\/wp\/v2\/pages\/36150","targetHints":{"allow":["GET"]}}],"collection":[{"href":"https:\/\/www.couchbase.com\/fr\/wp-json\/wp\/v2\/pages"}],"about":[{"href":"https:\/\/www.couchbase.com\/fr\/wp-json\/wp\/v2\/types\/page"}],"author":[{"embeddable":true,"href":"https:\/\/www.couchbase.com\/fr\/wp-json\/wp\/v2\/users\/83912"}],"replies":[{"embeddable":true,"href":"https:\/\/www.couchbase.com\/fr\/wp-json\/wp\/v2\/comments?post=36150"}],"version-history":[{"count":0,"href":"https:\/\/www.couchbase.com\/fr\/wp-json\/wp\/v2\/pages\/36150\/revisions"}],"wp:attachment":[{"href":"https:\/\/www.couchbase.com\/fr\/wp-json\/wp\/v2\/media?parent=36150"}],"wp:term":[{"taxonomy":"category","embeddable":true,"href":"https:\/\/www.couchbase.com\/fr\/wp-json\/wp\/v2\/categories?post=36150"},{"taxonomy":"post_tag","embeddable":true,"href":"https:\/\/www.couchbase.com\/fr\/wp-json\/wp\/v2\/tags?post=36150"}],"curies":[{"name":"wp","href":"https:\/\/api.w.org\/{rel}","templated":true}]}}