{"id":36101,"date":"2026-04-24T01:04:57","date_gmt":"2026-04-24T08:04:57","guid":{"rendered":"https:\/\/www.couchbase.com\/?page_id=36101"},"modified":"2026-04-24T01:05:20","modified_gmt":"2026-04-24T08:05:20","slug":"dynamic-internet-of-things-use-case","status":"publish","type":"page","link":"https:\/\/www.couchbase.com\/fr\/use-cases\/iot\/","title":{"rendered":"Cas d'utilisation de l'internet des objets dynamique"},"content":{"rendered":"","protected":false},"excerpt":{"rendered":"","protected":false},"author":83912,"featured_media":0,"parent":0,"menu_order":0,"comment_status":"closed","ping_status":"closed","template":"flexible-components.php","meta":{"_acf_changed":false,"inline_featured_image":false,"footnotes":""},"categories":[],"tags":[],"class_list":["post-36101","page","type-page","status-publish","hentry"],"yoast_head":"<!-- This site is optimized with the Yoast SEO Premium plugin v27.3 (Yoast SEO v27.3) - https:\/\/yoast.com\/product\/yoast-seo-premium-wordpress\/ -->\n<title>NoSQL Database for Internet of Things (IoT) Applications<\/title>\n<meta name=\"description\" content=\"Develop IoT applications that operate reliably and securely with Couchbase\u2019s NoSQL database. Achieve real-time analytics, offline synchronization, and more.\" \/>\n<meta name=\"robots\" content=\"index, follow, max-snippet:-1, max-image-preview:large, max-video-preview:-1\" \/>\n<link rel=\"canonical\" href=\"https:\/\/www.couchbase.com\/fr\/use-cases\/iot\/\" \/>\n<meta property=\"og:locale\" content=\"fr_FR\" \/>\n<meta property=\"og:type\" content=\"article\" \/>\n<meta property=\"og:title\" content=\"Dynamic Internet of Things Use Case\" \/>\n<meta property=\"og:description\" content=\"Develop IoT applications that operate reliably and securely with Couchbase\u2019s NoSQL database. Achieve real-time analytics, offline synchronization, and more.\" \/>\n<meta property=\"og:url\" content=\"https:\/\/www.couchbase.com\/fr\/use-cases\/iot\/\" \/>\n<meta property=\"og:site_name\" content=\"Couchbase\" \/>\n<meta property=\"article:modified_time\" content=\"2026-04-24T08:05:20+00:00\" \/>\n<meta property=\"og:image\" content=\"https:\/\/www.couchbase.com\/wp-content\/uploads\/2023\/10\/CB-Meta-Image-1.png\" \/>\n\t<meta property=\"og:image:width\" content=\"1200\" \/>\n\t<meta property=\"og:image:height\" content=\"630\" \/>\n\t<meta property=\"og:image:type\" content=\"image\/png\" \/>\n<meta name=\"twitter:card\" content=\"summary_large_image\" \/>\n<script type=\"application\/ld+json\" class=\"yoast-schema-graph\">{\"@context\":\"https:\\\/\\\/schema.org\",\"@graph\":[{\"@type\":\"WebPage\",\"@id\":\"https:\\\/\\\/www.couchbase.com\\\/fr\\\/use-cases\\\/iot\\\/\",\"url\":\"https:\\\/\\\/www.couchbase.com\\\/fr\\\/use-cases\\\/iot\\\/\",\"name\":\"NoSQL Database for Internet of Things (IoT) Applications\",\"isPartOf\":{\"@id\":\"https:\\\/\\\/www.couchbase.com\\\/fr\\\/#website\"},\"datePublished\":\"2026-04-24T08:04:57+00:00\",\"dateModified\":\"2026-04-24T08:05:20+00:00\",\"description\":\"Develop IoT applications that operate reliably and securely with Couchbase\u2019s NoSQL database. Achieve real-time analytics, offline synchronization, and more.\",\"breadcrumb\":{\"@id\":\"https:\\\/\\\/www.couchbase.com\\\/fr\\\/use-cases\\\/iot\\\/#breadcrumb\"},\"inLanguage\":\"fr-FR\",\"potentialAction\":[{\"@type\":\"ReadAction\",\"target\":[\"https:\\\/\\\/www.couchbase.com\\\/fr\\\/use-cases\\\/iot\\\/\"]}]},{\"@type\":\"BreadcrumbList\",\"@id\":\"https:\\\/\\\/www.couchbase.com\\\/fr\\\/use-cases\\\/iot\\\/#breadcrumb\",\"itemListElement\":[{\"@type\":\"ListItem\",\"position\":1,\"name\":\"Home\",\"item\":\"https:\\\/\\\/www.couchbase.com\\\/\"},{\"@type\":\"ListItem\",\"position\":2,\"name\":\"Dynamic Internet of Things Use Case\"}]},{\"@type\":\"WebSite\",\"@id\":\"https:\\\/\\\/www.couchbase.com\\\/fr\\\/#website\",\"url\":\"https:\\\/\\\/www.couchbase.com\\\/fr\\\/\",\"name\":\"Couchbase\",\"description\":\"Just another The Couchbase Blog Sites site\",\"potentialAction\":[{\"@type\":\"SearchAction\",\"target\":{\"@type\":\"EntryPoint\",\"urlTemplate\":\"https:\\\/\\\/www.couchbase.com\\\/fr\\\/?s={search_term_string}\"},\"query-input\":{\"@type\":\"PropertyValueSpecification\",\"valueRequired\":true,\"valueName\":\"search_term_string\"}}],\"inLanguage\":\"fr-FR\"}]}<\/script>\n<!-- \/ Yoast SEO Premium plugin. -->","yoast_head_json":{"title":"Base de donn\u00e9es NoSQL pour les applications de l'internet des objets (IoT)","description":"D\u00e9veloppez des applications IoT qui fonctionnent de mani\u00e8re fiable et s\u00e9curis\u00e9e avec la base de donn\u00e9es NoSQL de Couchbase. R\u00e9alisez des analyses en temps r\u00e9el, une synchronisation hors ligne, et bien plus encore.","robots":{"index":"index","follow":"follow","max-snippet":"max-snippet:-1","max-image-preview":"max-image-preview:large","max-video-preview":"max-video-preview:-1"},"canonical":"https:\/\/www.couchbase.com\/fr\/use-cases\/iot\/","og_locale":"fr_FR","og_type":"article","og_title":"Dynamic Internet of Things Use Case","og_description":"Develop IoT applications that operate reliably and securely with Couchbase\u2019s NoSQL database. Achieve real-time analytics, offline synchronization, and more.","og_url":"https:\/\/www.couchbase.com\/fr\/use-cases\/iot\/","og_site_name":"Couchbase","article_modified_time":"2026-04-24T08:05:20+00:00","og_image":[{"width":1200,"height":630,"url":"https:\/\/www.couchbase.com\/wp-content\/uploads\/2023\/10\/CB-Meta-Image-1.png","type":"image\/png"}],"twitter_card":"summary_large_image","schema":{"@context":"https:\/\/schema.org","@graph":[{"@type":"WebPage","@id":"https:\/\/www.couchbase.com\/fr\/use-cases\/iot\/","url":"https:\/\/www.couchbase.com\/fr\/use-cases\/iot\/","name":"Base de donn\u00e9es NoSQL pour les applications de l'internet des objets (IoT)","isPartOf":{"@id":"https:\/\/www.couchbase.com\/fr\/#website"},"datePublished":"2026-04-24T08:04:57+00:00","dateModified":"2026-04-24T08:05:20+00:00","description":"D\u00e9veloppez des applications IoT qui fonctionnent de mani\u00e8re fiable et s\u00e9curis\u00e9e avec la base de donn\u00e9es NoSQL de Couchbase. R\u00e9alisez des analyses en temps r\u00e9el, une synchronisation hors ligne, et bien plus encore.","breadcrumb":{"@id":"https:\/\/www.couchbase.com\/fr\/use-cases\/iot\/#breadcrumb"},"inLanguage":"fr-FR","potentialAction":[{"@type":"ReadAction","target":["https:\/\/www.couchbase.com\/fr\/use-cases\/iot\/"]}]},{"@type":"BreadcrumbList","@id":"https:\/\/www.couchbase.com\/fr\/use-cases\/iot\/#breadcrumb","itemListElement":[{"@type":"ListItem","position":1,"name":"Home","item":"https:\/\/www.couchbase.com\/"},{"@type":"ListItem","position":2,"name":"Dynamic Internet of Things Use Case"}]},{"@type":"WebSite","@id":"https:\/\/www.couchbase.com\/fr\/#website","url":"https:\/\/www.couchbase.com\/fr\/","name":"Couchbase","description":"Encore un site The Couchbase Blog Sites","potentialAction":[{"@type":"SearchAction","target":{"@type":"EntryPoint","urlTemplate":"https:\/\/www.couchbase.com\/fr\/?s={search_term_string}"},"query-input":{"@type":"PropertyValueSpecification","valueRequired":true,"valueName":"search_term_string"}}],"inLanguage":"fr-FR"}]}},"acf":[],"_links":{"self":[{"href":"https:\/\/www.couchbase.com\/fr\/wp-json\/wp\/v2\/pages\/36101","targetHints":{"allow":["GET"]}}],"collection":[{"href":"https:\/\/www.couchbase.com\/fr\/wp-json\/wp\/v2\/pages"}],"about":[{"href":"https:\/\/www.couchbase.com\/fr\/wp-json\/wp\/v2\/types\/page"}],"author":[{"embeddable":true,"href":"https:\/\/www.couchbase.com\/fr\/wp-json\/wp\/v2\/users\/83912"}],"replies":[{"embeddable":true,"href":"https:\/\/www.couchbase.com\/fr\/wp-json\/wp\/v2\/comments?post=36101"}],"version-history":[{"count":0,"href":"https:\/\/www.couchbase.com\/fr\/wp-json\/wp\/v2\/pages\/36101\/revisions"}],"wp:attachment":[{"href":"https:\/\/www.couchbase.com\/fr\/wp-json\/wp\/v2\/media?parent=36101"}],"wp:term":[{"taxonomy":"category","embeddable":true,"href":"https:\/\/www.couchbase.com\/fr\/wp-json\/wp\/v2\/categories?post=36101"},{"taxonomy":"post_tag","embeddable":true,"href":"https:\/\/www.couchbase.com\/fr\/wp-json\/wp\/v2\/tags?post=36101"}],"curies":[{"name":"wp","href":"https:\/\/api.w.org\/{rel}","templated":true}]}}