{"id":35958,"date":"2026-04-30T02:23:16","date_gmt":"2026-04-30T09:23:16","guid":{"rendered":"https:\/\/www.couchbase.com\/?page_id=35958"},"modified":"2026-04-30T03:57:41","modified_gmt":"2026-04-30T10:57:41","slug":"products-vector-search","status":"publish","type":"page","link":"https:\/\/www.couchbase.com\/fr\/products\/vector-search\/","title":{"rendered":"Solution de base de donn\u00e9es de recherche vectorielle"},"content":{"rendered":"","protected":false},"excerpt":{"rendered":"","protected":false},"author":83912,"featured_media":0,"parent":0,"menu_order":0,"comment_status":"closed","ping_status":"closed","template":"flexible-components.php","meta":{"_acf_changed":false,"inline_featured_image":false,"footnotes":""},"categories":[],"tags":[],"class_list":["post-35958","page","type-page","status-publish","hentry"],"yoast_head":"<!-- This site is optimized with the Yoast SEO Premium plugin v27.3 (Yoast SEO v27.3) - https:\/\/yoast.com\/product\/yoast-seo-premium-wordpress\/ -->\n<title>Vector Search Database - Scalable, Enterprise-Level Solutions<\/title>\n<meta name=\"description\" content=\"Build smarter apps with Couchbase Vector Search. Get real-time performance, in-memory speed, and GenAI-ready search for scalable NoSQL applications.\" \/>\n<meta name=\"robots\" content=\"index, follow, max-snippet:-1, max-image-preview:large, max-video-preview:-1\" \/>\n<link rel=\"canonical\" href=\"https:\/\/www.couchbase.com\/fr\/products\/vector-search\/\" \/>\n<meta property=\"og:locale\" content=\"fr_FR\" \/>\n<meta property=\"og:type\" content=\"article\" \/>\n<meta property=\"og:title\" content=\"Vector Search Database Solution\" \/>\n<meta property=\"og:description\" content=\"Build smarter apps with Couchbase Vector Search. Get real-time performance, in-memory speed, and GenAI-ready search for scalable NoSQL applications.\" \/>\n<meta property=\"og:url\" content=\"https:\/\/www.couchbase.com\/fr\/products\/vector-search\/\" \/>\n<meta property=\"og:site_name\" content=\"Couchbase\" \/>\n<meta property=\"article:modified_time\" content=\"2026-04-30T10:57:41+00:00\" \/>\n<meta property=\"og:image\" content=\"https:\/\/www.couchbase.com\/wp-content\/uploads\/2023\/10\/CB-Meta-Image-1.png\" \/>\n\t<meta property=\"og:image:width\" content=\"1200\" \/>\n\t<meta property=\"og:image:height\" content=\"630\" \/>\n\t<meta property=\"og:image:type\" content=\"image\/png\" \/>\n<meta name=\"twitter:card\" content=\"summary_large_image\" \/>\n<script type=\"application\/ld+json\" class=\"yoast-schema-graph\">{\"@context\":\"https:\\\/\\\/schema.org\",\"@graph\":[{\"@type\":\"WebPage\",\"@id\":\"https:\\\/\\\/www.couchbase.com\\\/fr\\\/products\\\/vector-search\\\/\",\"url\":\"https:\\\/\\\/www.couchbase.com\\\/fr\\\/products\\\/vector-search\\\/\",\"name\":\"Vector Search Database - Scalable, Enterprise-Level Solutions\",\"isPartOf\":{\"@id\":\"https:\\\/\\\/www.couchbase.com\\\/fr\\\/#website\"},\"datePublished\":\"2026-04-30T09:23:16+00:00\",\"dateModified\":\"2026-04-30T10:57:41+00:00\",\"description\":\"Build smarter apps with Couchbase Vector Search. Get real-time performance, in-memory speed, and GenAI-ready search for scalable NoSQL applications.\",\"breadcrumb\":{\"@id\":\"https:\\\/\\\/www.couchbase.com\\\/fr\\\/products\\\/vector-search\\\/#breadcrumb\"},\"inLanguage\":\"fr-FR\",\"potentialAction\":[{\"@type\":\"ReadAction\",\"target\":[\"https:\\\/\\\/www.couchbase.com\\\/fr\\\/products\\\/vector-search\\\/\"]}]},{\"@type\":\"BreadcrumbList\",\"@id\":\"https:\\\/\\\/www.couchbase.com\\\/fr\\\/products\\\/vector-search\\\/#breadcrumb\",\"itemListElement\":[{\"@type\":\"ListItem\",\"position\":1,\"name\":\"Home\",\"item\":\"https:\\\/\\\/www.couchbase.com\\\/\"},{\"@type\":\"ListItem\",\"position\":2,\"name\":\"Vector Search Database Solution\"}]},{\"@type\":\"WebSite\",\"@id\":\"https:\\\/\\\/www.couchbase.com\\\/fr\\\/#website\",\"url\":\"https:\\\/\\\/www.couchbase.com\\\/fr\\\/\",\"name\":\"Couchbase\",\"description\":\"Just another The Couchbase Blog Sites site\",\"potentialAction\":[{\"@type\":\"SearchAction\",\"target\":{\"@type\":\"EntryPoint\",\"urlTemplate\":\"https:\\\/\\\/www.couchbase.com\\\/fr\\\/?s={search_term_string}\"},\"query-input\":{\"@type\":\"PropertyValueSpecification\",\"valueRequired\":true,\"valueName\":\"search_term_string\"}}],\"inLanguage\":\"fr-FR\"}]}<\/script>\n<!-- \/ Yoast SEO Premium plugin. -->","yoast_head_json":{"title":"Base de donn\u00e9es de recherche vectorielle - Solutions \u00e9volutives au niveau de l'entreprise","description":"Construisez des applications plus intelligentes avec Couchbase Vector Search. B\u00e9n\u00e9ficiez de performances en temps r\u00e9el, d'une vitesse en m\u00e9moire et d'une recherche adapt\u00e9e \u00e0 la GenAI pour des applications NoSQL \u00e9volutives.","robots":{"index":"index","follow":"follow","max-snippet":"max-snippet:-1","max-image-preview":"max-image-preview:large","max-video-preview":"max-video-preview:-1"},"canonical":"https:\/\/www.couchbase.com\/fr\/products\/vector-search\/","og_locale":"fr_FR","og_type":"article","og_title":"Vector Search Database Solution","og_description":"Build smarter apps with Couchbase Vector Search. Get real-time performance, in-memory speed, and GenAI-ready search for scalable NoSQL applications.","og_url":"https:\/\/www.couchbase.com\/fr\/products\/vector-search\/","og_site_name":"Couchbase","article_modified_time":"2026-04-30T10:57:41+00:00","og_image":[{"width":1200,"height":630,"url":"https:\/\/www.couchbase.com\/wp-content\/uploads\/2023\/10\/CB-Meta-Image-1.png","type":"image\/png"}],"twitter_card":"summary_large_image","schema":{"@context":"https:\/\/schema.org","@graph":[{"@type":"WebPage","@id":"https:\/\/www.couchbase.com\/fr\/products\/vector-search\/","url":"https:\/\/www.couchbase.com\/fr\/products\/vector-search\/","name":"Base de donn\u00e9es de recherche vectorielle - Solutions \u00e9volutives au niveau de l'entreprise","isPartOf":{"@id":"https:\/\/www.couchbase.com\/fr\/#website"},"datePublished":"2026-04-30T09:23:16+00:00","dateModified":"2026-04-30T10:57:41+00:00","description":"Construisez des applications plus intelligentes avec Couchbase Vector Search. B\u00e9n\u00e9ficiez de performances en temps r\u00e9el, d'une vitesse en m\u00e9moire et d'une recherche adapt\u00e9e \u00e0 la GenAI pour des applications NoSQL \u00e9volutives.","breadcrumb":{"@id":"https:\/\/www.couchbase.com\/fr\/products\/vector-search\/#breadcrumb"},"inLanguage":"fr-FR","potentialAction":[{"@type":"ReadAction","target":["https:\/\/www.couchbase.com\/fr\/products\/vector-search\/"]}]},{"@type":"BreadcrumbList","@id":"https:\/\/www.couchbase.com\/fr\/products\/vector-search\/#breadcrumb","itemListElement":[{"@type":"ListItem","position":1,"name":"Home","item":"https:\/\/www.couchbase.com\/"},{"@type":"ListItem","position":2,"name":"Vector Search Database Solution"}]},{"@type":"WebSite","@id":"https:\/\/www.couchbase.com\/fr\/#website","url":"https:\/\/www.couchbase.com\/fr\/","name":"Couchbase","description":"Encore un site The Couchbase Blog Sites","potentialAction":[{"@type":"SearchAction","target":{"@type":"EntryPoint","urlTemplate":"https:\/\/www.couchbase.com\/fr\/?s={search_term_string}"},"query-input":{"@type":"PropertyValueSpecification","valueRequired":true,"valueName":"search_term_string"}}],"inLanguage":"fr-FR"}]}},"acf":[],"_links":{"self":[{"href":"https:\/\/www.couchbase.com\/fr\/wp-json\/wp\/v2\/pages\/35958","targetHints":{"allow":["GET"]}}],"collection":[{"href":"https:\/\/www.couchbase.com\/fr\/wp-json\/wp\/v2\/pages"}],"about":[{"href":"https:\/\/www.couchbase.com\/fr\/wp-json\/wp\/v2\/types\/page"}],"author":[{"embeddable":true,"href":"https:\/\/www.couchbase.com\/fr\/wp-json\/wp\/v2\/users\/83912"}],"replies":[{"embeddable":true,"href":"https:\/\/www.couchbase.com\/fr\/wp-json\/wp\/v2\/comments?post=35958"}],"version-history":[{"count":0,"href":"https:\/\/www.couchbase.com\/fr\/wp-json\/wp\/v2\/pages\/35958\/revisions"}],"wp:attachment":[{"href":"https:\/\/www.couchbase.com\/fr\/wp-json\/wp\/v2\/media?parent=35958"}],"wp:term":[{"taxonomy":"category","embeddable":true,"href":"https:\/\/www.couchbase.com\/fr\/wp-json\/wp\/v2\/categories?post=35958"},{"taxonomy":"post_tag","embeddable":true,"href":"https:\/\/www.couchbase.com\/fr\/wp-json\/wp\/v2\/tags?post=35958"}],"curies":[{"name":"wp","href":"https:\/\/api.w.org\/{rel}","templated":true}]}}