{"id":35723,"date":"2026-01-20T00:29:37","date_gmt":"2026-01-20T08:29:37","guid":{"rendered":"https:\/\/www.couchbase.com\/?page_id=35723"},"modified":"2026-02-09T01:29:47","modified_gmt":"2026-02-09T09:29:47","slug":"24579-2","status":"publish","type":"page","link":"https:\/\/www.couchbase.com\/fr\/resources\/concepts\/public-cloud-vs-private-cloud\/","title":{"rendered":"Nuage public ou nuage priv\u00e9"},"content":{"rendered":"","protected":false},"excerpt":{"rendered":"","protected":false},"author":73510,"featured_media":0,"parent":0,"menu_order":0,"comment_status":"closed","ping_status":"closed","template":"flexible-components.php","meta":{"_acf_changed":false,"inline_featured_image":false,"footnotes":""},"categories":[],"tags":[],"class_list":["post-35723","page","type-page","status-publish","hentry"],"yoast_head":"<!-- This site is optimized with the Yoast SEO Premium plugin v27.0 (Yoast SEO v27.0) - https:\/\/yoast.com\/product\/yoast-seo-premium-wordpress\/ -->\n<title>Public Cloud vs. Private Cloud | Concepts | Couchbase<\/title>\n<meta name=\"description\" content=\"This overview explains the key differences between a public and private cloud, the pros and cons of each, and the cloud deployment models Couchbase supports.\" \/>\n<meta name=\"robots\" content=\"index, follow, max-snippet:-1, max-image-preview:large, max-video-preview:-1\" \/>\n<link rel=\"canonical\" href=\"https:\/\/www.couchbase.com\/fr\/resources\/concepts\/public-cloud-vs-private-cloud\/\" \/>\n<meta property=\"og:locale\" content=\"fr_FR\" \/>\n<meta property=\"og:type\" content=\"article\" \/>\n<meta property=\"og:title\" content=\"Public Cloud vs. Private Cloud | Concepts | Couchbase\" \/>\n<meta property=\"og:description\" content=\"This overview explains the key differences between a public and private cloud, the pros and cons of each, and the cloud deployment models Couchbase supports.\" \/>\n<meta property=\"og:url\" content=\"https:\/\/www.couchbase.com\/fr\/resources\/concepts\/public-cloud-vs-private-cloud\/\" \/>\n<meta property=\"og:site_name\" content=\"Couchbase\" \/>\n<meta property=\"article:modified_time\" content=\"2026-02-09T09:29:47+00:00\" \/>\n<meta property=\"og:image\" content=\"https:\/\/www.couchbase.com\/wp-content\/uploads\/2023\/10\/CB-Meta-Image-1.png\" \/>\n\t<meta property=\"og:image:width\" content=\"1200\" \/>\n\t<meta property=\"og:image:height\" content=\"630\" \/>\n\t<meta property=\"og:image:type\" content=\"image\/png\" \/>\n<meta name=\"twitter:card\" content=\"summary_large_image\" \/>\n<meta name=\"twitter:title\" content=\"Public Cloud vs. Private Cloud | Concepts | Couchbase\" \/>\n<meta name=\"twitter:description\" content=\"This overview explains the key differences between a public and private cloud, the pros and cons of each, and the cloud deployment models Couchbase supports.\" \/>\n<script type=\"application\/ld+json\" class=\"yoast-schema-graph\">{\"@context\":\"https:\/\/schema.org\",\"@graph\":[{\"@type\":\"WebPage\",\"@id\":\"https:\/\/www.couchbase.com\/fr\/resources\/concepts\/public-cloud-vs-private-cloud\/\",\"url\":\"https:\/\/www.couchbase.com\/fr\/resources\/concepts\/public-cloud-vs-private-cloud\/\",\"name\":\"Public Cloud vs. Private Cloud | Concepts | Couchbase\",\"isPartOf\":{\"@id\":\"https:\/\/www.couchbase.com\/fr\/#website\"},\"datePublished\":\"2026-01-20T08:29:37+00:00\",\"dateModified\":\"2026-02-09T09:29:47+00:00\",\"description\":\"This overview explains the key differences between a public and private cloud, the pros and cons of each, and the cloud deployment models Couchbase supports.\",\"breadcrumb\":{\"@id\":\"https:\/\/www.couchbase.com\/fr\/resources\/concepts\/public-cloud-vs-private-cloud\/#breadcrumb\"},\"inLanguage\":\"fr-FR\",\"potentialAction\":[{\"@type\":\"ReadAction\",\"target\":[\"https:\/\/www.couchbase.com\/fr\/resources\/concepts\/public-cloud-vs-private-cloud\/\"]}]},{\"@type\":\"BreadcrumbList\",\"@id\":\"https:\/\/www.couchbase.com\/fr\/resources\/concepts\/public-cloud-vs-private-cloud\/#breadcrumb\",\"itemListElement\":[{\"@type\":\"ListItem\",\"position\":1,\"name\":\"Home\",\"item\":\"https:\/\/www.couchbase.com\/\"},{\"@type\":\"ListItem\",\"position\":2,\"name\":\"Public Cloud vs. Private Cloud\"}]},{\"@type\":\"WebSite\",\"@id\":\"https:\/\/www.couchbase.com\/fr\/#website\",\"url\":\"https:\/\/www.couchbase.com\/fr\/\",\"name\":\"Couchbase\",\"description\":\"Just another The Couchbase Blog Sites site\",\"potentialAction\":[{\"@type\":\"SearchAction\",\"target\":{\"@type\":\"EntryPoint\",\"urlTemplate\":\"https:\/\/www.couchbase.com\/fr\/?s={search_term_string}\"},\"query-input\":{\"@type\":\"PropertyValueSpecification\",\"valueRequired\":true,\"valueName\":\"search_term_string\"}}],\"inLanguage\":\"fr-FR\"}]}<\/script>\n<!-- \/ Yoast SEO Premium plugin. -->","yoast_head_json":{"title":"Cloud public vs. Cloud priv\u00e9 | Concepts | Couchbase","description":"Cette pr\u00e9sentation explique les principales diff\u00e9rences entre un cloud public et un cloud priv\u00e9, les avantages et les inconv\u00e9nients de chacun, et les mod\u00e8les de d\u00e9ploiement de cloud que Couchbase prend en charge.","robots":{"index":"index","follow":"follow","max-snippet":"max-snippet:-1","max-image-preview":"max-image-preview:large","max-video-preview":"max-video-preview:-1"},"canonical":"https:\/\/www.couchbase.com\/fr\/resources\/concepts\/public-cloud-vs-private-cloud\/","og_locale":"fr_FR","og_type":"article","og_title":"Public Cloud vs. Private Cloud | Concepts | Couchbase","og_description":"This overview explains the key differences between a public and private cloud, the pros and cons of each, and the cloud deployment models Couchbase supports.","og_url":"https:\/\/www.couchbase.com\/fr\/resources\/concepts\/public-cloud-vs-private-cloud\/","og_site_name":"Couchbase","article_modified_time":"2026-02-09T09:29:47+00:00","og_image":[{"width":1200,"height":630,"url":"https:\/\/www.couchbase.com\/wp-content\/uploads\/2023\/10\/CB-Meta-Image-1.png","type":"image\/png"}],"twitter_card":"summary_large_image","twitter_title":"Public Cloud vs. Private Cloud | Concepts | Couchbase","twitter_description":"This overview explains the key differences between a public and private cloud, the pros and cons of each, and the cloud deployment models Couchbase supports.","schema":{"@context":"https:\/\/schema.org","@graph":[{"@type":"WebPage","@id":"https:\/\/www.couchbase.com\/fr\/resources\/concepts\/public-cloud-vs-private-cloud\/","url":"https:\/\/www.couchbase.com\/fr\/resources\/concepts\/public-cloud-vs-private-cloud\/","name":"Cloud public vs. Cloud priv\u00e9 | Concepts | Couchbase","isPartOf":{"@id":"https:\/\/www.couchbase.com\/fr\/#website"},"datePublished":"2026-01-20T08:29:37+00:00","dateModified":"2026-02-09T09:29:47+00:00","description":"Cette pr\u00e9sentation explique les principales diff\u00e9rences entre un cloud public et un cloud priv\u00e9, les avantages et les inconv\u00e9nients de chacun, et les mod\u00e8les de d\u00e9ploiement de cloud que Couchbase prend en charge.","breadcrumb":{"@id":"https:\/\/www.couchbase.com\/fr\/resources\/concepts\/public-cloud-vs-private-cloud\/#breadcrumb"},"inLanguage":"fr-FR","potentialAction":[{"@type":"ReadAction","target":["https:\/\/www.couchbase.com\/fr\/resources\/concepts\/public-cloud-vs-private-cloud\/"]}]},{"@type":"BreadcrumbList","@id":"https:\/\/www.couchbase.com\/fr\/resources\/concepts\/public-cloud-vs-private-cloud\/#breadcrumb","itemListElement":[{"@type":"ListItem","position":1,"name":"Home","item":"https:\/\/www.couchbase.com\/"},{"@type":"ListItem","position":2,"name":"Public Cloud vs. Private Cloud"}]},{"@type":"WebSite","@id":"https:\/\/www.couchbase.com\/fr\/#website","url":"https:\/\/www.couchbase.com\/fr\/","name":"Couchbase","description":"Encore un site The Couchbase Blog Sites","potentialAction":[{"@type":"SearchAction","target":{"@type":"EntryPoint","urlTemplate":"https:\/\/www.couchbase.com\/fr\/?s={search_term_string}"},"query-input":{"@type":"PropertyValueSpecification","valueRequired":true,"valueName":"search_term_string"}}],"inLanguage":"fr-FR"}]}},"acf":[],"_links":{"self":[{"href":"https:\/\/www.couchbase.com\/fr\/wp-json\/wp\/v2\/pages\/35723","targetHints":{"allow":["GET"]}}],"collection":[{"href":"https:\/\/www.couchbase.com\/fr\/wp-json\/wp\/v2\/pages"}],"about":[{"href":"https:\/\/www.couchbase.com\/fr\/wp-json\/wp\/v2\/types\/page"}],"author":[{"embeddable":true,"href":"https:\/\/www.couchbase.com\/fr\/wp-json\/wp\/v2\/users\/73510"}],"replies":[{"embeddable":true,"href":"https:\/\/www.couchbase.com\/fr\/wp-json\/wp\/v2\/comments?post=35723"}],"version-history":[{"count":0,"href":"https:\/\/www.couchbase.com\/fr\/wp-json\/wp\/v2\/pages\/35723\/revisions"}],"wp:attachment":[{"href":"https:\/\/www.couchbase.com\/fr\/wp-json\/wp\/v2\/media?parent=35723"}],"wp:term":[{"taxonomy":"category","embeddable":true,"href":"https:\/\/www.couchbase.com\/fr\/wp-json\/wp\/v2\/categories?post=35723"},{"taxonomy":"post_tag","embeddable":true,"href":"https:\/\/www.couchbase.com\/fr\/wp-json\/wp\/v2\/tags?post=35723"}],"curies":[{"name":"wp","href":"https:\/\/api.w.org\/{rel}","templated":true}]}}