{"id":35716,"date":"2026-01-20T00:04:37","date_gmt":"2026-01-20T08:04:37","guid":{"rendered":"https:\/\/www.couchbase.com\/?page_id=35716"},"modified":"2026-02-09T01:15:36","modified_gmt":"2026-02-09T09:15:36","slug":"serverless-database","status":"publish","type":"page","link":"https:\/\/www.couchbase.com\/fr\/resources\/concepts\/serverless-databases\/","title":{"rendered":"Bases de donn\u00e9es sans serveur"},"content":{"rendered":"","protected":false},"excerpt":{"rendered":"","protected":false},"author":73510,"featured_media":0,"parent":0,"menu_order":0,"comment_status":"closed","ping_status":"closed","template":"flexible-components.php","meta":{"_acf_changed":false,"inline_featured_image":false,"footnotes":""},"categories":[],"tags":[],"class_list":["post-35716","page","type-page","status-publish","hentry"],"yoast_head":"<!-- This site is optimized with the Yoast SEO Premium plugin v27.3 (Yoast SEO v27.3) - https:\/\/yoast.com\/product\/yoast-seo-premium-wordpress\/ -->\n<title>Serverless Databases | Concepts | Couchbase<\/title>\n<meta name=\"description\" content=\"Serverless databases are elastically scaling databases that don\u2019t expose the infrastructure they operate on. Continue reading to learn more about them.\" \/>\n<meta name=\"robots\" content=\"index, follow, max-snippet:-1, max-image-preview:large, max-video-preview:-1\" \/>\n<link rel=\"canonical\" href=\"https:\/\/www.couchbase.com\/fr\/resources\/concepts\/serverless-databases\/\" \/>\n<meta property=\"og:locale\" content=\"fr_FR\" \/>\n<meta property=\"og:type\" content=\"article\" \/>\n<meta property=\"og:title\" content=\"Serverless Databases\" \/>\n<meta property=\"og:description\" content=\"Serverless databases are elastically scaling databases that don\u2019t expose the infrastructure they operate on. Continue reading to learn more about them.\" \/>\n<meta property=\"og:url\" content=\"https:\/\/www.couchbase.com\/fr\/resources\/concepts\/serverless-databases\/\" \/>\n<meta property=\"og:site_name\" content=\"Couchbase\" \/>\n<meta property=\"article:modified_time\" content=\"2026-02-09T09:15:36+00:00\" \/>\n<meta property=\"og:image\" content=\"https:\/\/www.couchbase.com\/wp-content\/uploads\/2023\/10\/CB-Meta-Image-1.png\" \/>\n\t<meta property=\"og:image:width\" content=\"1200\" \/>\n\t<meta property=\"og:image:height\" content=\"630\" \/>\n\t<meta property=\"og:image:type\" content=\"image\/png\" \/>\n<meta name=\"twitter:card\" content=\"summary_large_image\" \/>\n<script type=\"application\/ld+json\" class=\"yoast-schema-graph\">{\"@context\":\"https:\\\/\\\/schema.org\",\"@graph\":[{\"@type\":\"WebPage\",\"@id\":\"https:\\\/\\\/www.couchbase.com\\\/fr\\\/resources\\\/concepts\\\/serverless-databases\\\/\",\"url\":\"https:\\\/\\\/www.couchbase.com\\\/fr\\\/resources\\\/concepts\\\/serverless-databases\\\/\",\"name\":\"Serverless Databases | Concepts | Couchbase\",\"isPartOf\":{\"@id\":\"https:\\\/\\\/www.couchbase.com\\\/fr\\\/#website\"},\"datePublished\":\"2026-01-20T08:04:37+00:00\",\"dateModified\":\"2026-02-09T09:15:36+00:00\",\"description\":\"Serverless databases are elastically scaling databases that don\u2019t expose the infrastructure they operate on. Continue reading to learn more about them.\",\"breadcrumb\":{\"@id\":\"https:\\\/\\\/www.couchbase.com\\\/fr\\\/resources\\\/concepts\\\/serverless-databases\\\/#breadcrumb\"},\"inLanguage\":\"fr-FR\",\"potentialAction\":[{\"@type\":\"ReadAction\",\"target\":[\"https:\\\/\\\/www.couchbase.com\\\/fr\\\/resources\\\/concepts\\\/serverless-databases\\\/\"]}]},{\"@type\":\"BreadcrumbList\",\"@id\":\"https:\\\/\\\/www.couchbase.com\\\/fr\\\/resources\\\/concepts\\\/serverless-databases\\\/#breadcrumb\",\"itemListElement\":[{\"@type\":\"ListItem\",\"position\":1,\"name\":\"Home\",\"item\":\"https:\\\/\\\/www.couchbase.com\\\/\"},{\"@type\":\"ListItem\",\"position\":2,\"name\":\"Serverless Databases\"}]},{\"@type\":\"WebSite\",\"@id\":\"https:\\\/\\\/www.couchbase.com\\\/fr\\\/#website\",\"url\":\"https:\\\/\\\/www.couchbase.com\\\/fr\\\/\",\"name\":\"Couchbase\",\"description\":\"Just another The Couchbase Blog Sites site\",\"potentialAction\":[{\"@type\":\"SearchAction\",\"target\":{\"@type\":\"EntryPoint\",\"urlTemplate\":\"https:\\\/\\\/www.couchbase.com\\\/fr\\\/?s={search_term_string}\"},\"query-input\":{\"@type\":\"PropertyValueSpecification\",\"valueRequired\":true,\"valueName\":\"search_term_string\"}}],\"inLanguage\":\"fr-FR\"}]}<\/script>\n<!-- \/ Yoast SEO Premium plugin. -->","yoast_head_json":{"title":"Bases de donn\u00e9es sans serveur | Concepts | Couchbase","description":"Les bases de donn\u00e9es sans serveur sont des bases de donn\u00e9es \u00e0 \u00e9volution \u00e9lastique qui n'exposent pas l'infrastructure sur laquelle elles fonctionnent. Poursuivez votre lecture pour en savoir plus sur ces bases de donn\u00e9es.","robots":{"index":"index","follow":"follow","max-snippet":"max-snippet:-1","max-image-preview":"max-image-preview:large","max-video-preview":"max-video-preview:-1"},"canonical":"https:\/\/www.couchbase.com\/fr\/resources\/concepts\/serverless-databases\/","og_locale":"fr_FR","og_type":"article","og_title":"Serverless Databases","og_description":"Serverless databases are elastically scaling databases that don\u2019t expose the infrastructure they operate on. Continue reading to learn more about them.","og_url":"https:\/\/www.couchbase.com\/fr\/resources\/concepts\/serverless-databases\/","og_site_name":"Couchbase","article_modified_time":"2026-02-09T09:15:36+00:00","og_image":[{"width":1200,"height":630,"url":"https:\/\/www.couchbase.com\/wp-content\/uploads\/2023\/10\/CB-Meta-Image-1.png","type":"image\/png"}],"twitter_card":"summary_large_image","schema":{"@context":"https:\/\/schema.org","@graph":[{"@type":"WebPage","@id":"https:\/\/www.couchbase.com\/fr\/resources\/concepts\/serverless-databases\/","url":"https:\/\/www.couchbase.com\/fr\/resources\/concepts\/serverless-databases\/","name":"Bases de donn\u00e9es sans serveur | Concepts | Couchbase","isPartOf":{"@id":"https:\/\/www.couchbase.com\/fr\/#website"},"datePublished":"2026-01-20T08:04:37+00:00","dateModified":"2026-02-09T09:15:36+00:00","description":"Les bases de donn\u00e9es sans serveur sont des bases de donn\u00e9es \u00e0 \u00e9volution \u00e9lastique qui n'exposent pas l'infrastructure sur laquelle elles fonctionnent. Poursuivez votre lecture pour en savoir plus sur ces bases de donn\u00e9es.","breadcrumb":{"@id":"https:\/\/www.couchbase.com\/fr\/resources\/concepts\/serverless-databases\/#breadcrumb"},"inLanguage":"fr-FR","potentialAction":[{"@type":"ReadAction","target":["https:\/\/www.couchbase.com\/fr\/resources\/concepts\/serverless-databases\/"]}]},{"@type":"BreadcrumbList","@id":"https:\/\/www.couchbase.com\/fr\/resources\/concepts\/serverless-databases\/#breadcrumb","itemListElement":[{"@type":"ListItem","position":1,"name":"Home","item":"https:\/\/www.couchbase.com\/"},{"@type":"ListItem","position":2,"name":"Serverless Databases"}]},{"@type":"WebSite","@id":"https:\/\/www.couchbase.com\/fr\/#website","url":"https:\/\/www.couchbase.com\/fr\/","name":"Couchbase","description":"Encore un site The Couchbase Blog Sites","potentialAction":[{"@type":"SearchAction","target":{"@type":"EntryPoint","urlTemplate":"https:\/\/www.couchbase.com\/fr\/?s={search_term_string}"},"query-input":{"@type":"PropertyValueSpecification","valueRequired":true,"valueName":"search_term_string"}}],"inLanguage":"fr-FR"}]}},"acf":[],"_links":{"self":[{"href":"https:\/\/www.couchbase.com\/fr\/wp-json\/wp\/v2\/pages\/35716","targetHints":{"allow":["GET"]}}],"collection":[{"href":"https:\/\/www.couchbase.com\/fr\/wp-json\/wp\/v2\/pages"}],"about":[{"href":"https:\/\/www.couchbase.com\/fr\/wp-json\/wp\/v2\/types\/page"}],"author":[{"embeddable":true,"href":"https:\/\/www.couchbase.com\/fr\/wp-json\/wp\/v2\/users\/73510"}],"replies":[{"embeddable":true,"href":"https:\/\/www.couchbase.com\/fr\/wp-json\/wp\/v2\/comments?post=35716"}],"version-history":[{"count":0,"href":"https:\/\/www.couchbase.com\/fr\/wp-json\/wp\/v2\/pages\/35716\/revisions"}],"wp:attachment":[{"href":"https:\/\/www.couchbase.com\/fr\/wp-json\/wp\/v2\/media?parent=35716"}],"wp:term":[{"taxonomy":"category","embeddable":true,"href":"https:\/\/www.couchbase.com\/fr\/wp-json\/wp\/v2\/categories?post=35716"},{"taxonomy":"post_tag","embeddable":true,"href":"https:\/\/www.couchbase.com\/fr\/wp-json\/wp\/v2\/tags?post=35716"}],"curies":[{"name":"wp","href":"https:\/\/api.w.org\/{rel}","templated":true}]}}