{"id":35700,"date":"2026-01-19T23:43:23","date_gmt":"2026-01-20T07:43:23","guid":{"rendered":"https:\/\/www.couchbase.com\/?page_id=35700"},"modified":"2026-02-09T00:41:39","modified_gmt":"2026-02-09T08:41:39","slug":"scalability-in-cloud-computing","status":"publish","type":"page","link":"https:\/\/www.couchbase.com\/fr\/resources\/concepts\/scalability-in-cloud-computing\/","title":{"rendered":"L'\u00e9volutivit\u00e9 dans l'informatique en nuage"},"content":{"rendered":"","protected":false},"excerpt":{"rendered":"","protected":false},"author":73510,"featured_media":0,"parent":0,"menu_order":0,"comment_status":"closed","ping_status":"closed","template":"flexible-components.php","meta":{"_acf_changed":false,"inline_featured_image":false,"footnotes":""},"categories":[],"tags":[],"class_list":["post-35700","page","type-page","status-publish","hentry"],"yoast_head":"<!-- This site is optimized with the Yoast SEO Premium plugin v27.3 (Yoast SEO v27.3) - https:\/\/yoast.com\/product\/yoast-seo-premium-wordpress\/ -->\n<title>Scalability in Cloud Computing | Concepts | Couchbase<\/title>\n<meta name=\"description\" content=\"Scalability in cloud computing refers to your infrastructure\u2019s ability to scale computing resources up or down to meet demand. Learn more about it here.\" \/>\n<meta name=\"robots\" content=\"index, follow, max-snippet:-1, max-image-preview:large, max-video-preview:-1\" \/>\n<link rel=\"canonical\" href=\"https:\/\/www.couchbase.com\/fr\/resources\/concepts\/scalability-in-cloud-computing\/\" \/>\n<meta property=\"og:locale\" content=\"fr_FR\" \/>\n<meta property=\"og:type\" content=\"article\" \/>\n<meta property=\"og:title\" content=\"Batch Processing | Concepts | Couchbase\" \/>\n<meta property=\"og:description\" content=\"Batch processing collects and processes data in batches at scheduled intervals and is typically suited for large volumes of data. Learn more about it here.\" \/>\n<meta property=\"og:url\" content=\"https:\/\/www.couchbase.com\/fr\/resources\/concepts\/scalability-in-cloud-computing\/\" \/>\n<meta property=\"og:site_name\" content=\"Couchbase\" \/>\n<meta property=\"article:modified_time\" content=\"2026-02-09T08:41:39+00:00\" \/>\n<meta property=\"og:image\" content=\"https:\/\/www.couchbase.com\/wp-content\/uploads\/2023\/10\/CB-Meta-Image-1.png\" \/>\n\t<meta property=\"og:image:width\" content=\"1200\" \/>\n\t<meta property=\"og:image:height\" content=\"630\" \/>\n\t<meta property=\"og:image:type\" content=\"image\/png\" \/>\n<meta name=\"twitter:card\" content=\"summary_large_image\" \/>\n<meta name=\"twitter:title\" content=\"Batch Processing | Concepts | Couchbase\" \/>\n<meta name=\"twitter:description\" content=\"Batch processing collects and processes data in batches at scheduled intervals and is typically suited for large volumes of data. Learn more about it here.\" \/>\n<script type=\"application\/ld+json\" class=\"yoast-schema-graph\">{\"@context\":\"https:\\\/\\\/schema.org\",\"@graph\":[{\"@type\":\"WebPage\",\"@id\":\"https:\\\/\\\/www.couchbase.com\\\/fr\\\/resources\\\/concepts\\\/scalability-in-cloud-computing\\\/\",\"url\":\"https:\\\/\\\/www.couchbase.com\\\/fr\\\/resources\\\/concepts\\\/scalability-in-cloud-computing\\\/\",\"name\":\"Scalability in Cloud Computing | Concepts | Couchbase\",\"isPartOf\":{\"@id\":\"https:\\\/\\\/www.couchbase.com\\\/fr\\\/#website\"},\"datePublished\":\"2026-01-20T07:43:23+00:00\",\"dateModified\":\"2026-02-09T08:41:39+00:00\",\"description\":\"Scalability in cloud computing refers to your infrastructure\u2019s ability to scale computing resources up or down to meet demand. Learn more about it here.\",\"breadcrumb\":{\"@id\":\"https:\\\/\\\/www.couchbase.com\\\/fr\\\/resources\\\/concepts\\\/scalability-in-cloud-computing\\\/#breadcrumb\"},\"inLanguage\":\"fr-FR\",\"potentialAction\":[{\"@type\":\"ReadAction\",\"target\":[\"https:\\\/\\\/www.couchbase.com\\\/fr\\\/resources\\\/concepts\\\/scalability-in-cloud-computing\\\/\"]}]},{\"@type\":\"BreadcrumbList\",\"@id\":\"https:\\\/\\\/www.couchbase.com\\\/fr\\\/resources\\\/concepts\\\/scalability-in-cloud-computing\\\/#breadcrumb\",\"itemListElement\":[{\"@type\":\"ListItem\",\"position\":1,\"name\":\"Home\",\"item\":\"https:\\\/\\\/www.couchbase.com\\\/\"},{\"@type\":\"ListItem\",\"position\":2,\"name\":\"Scalability in Cloud Computing\"}]},{\"@type\":\"WebSite\",\"@id\":\"https:\\\/\\\/www.couchbase.com\\\/fr\\\/#website\",\"url\":\"https:\\\/\\\/www.couchbase.com\\\/fr\\\/\",\"name\":\"Couchbase\",\"description\":\"Just another The Couchbase Blog Sites site\",\"potentialAction\":[{\"@type\":\"SearchAction\",\"target\":{\"@type\":\"EntryPoint\",\"urlTemplate\":\"https:\\\/\\\/www.couchbase.com\\\/fr\\\/?s={search_term_string}\"},\"query-input\":{\"@type\":\"PropertyValueSpecification\",\"valueRequired\":true,\"valueName\":\"search_term_string\"}}],\"inLanguage\":\"fr-FR\"}]}<\/script>\n<!-- \/ Yoast SEO Premium plugin. -->","yoast_head_json":{"title":"Scalabilit\u00e9 dans l'informatique en nuage | Concepts | Couchbase","description":"Dans le domaine de l'informatique en nuage, l'\u00e9volutivit\u00e9 d\u00e9signe la capacit\u00e9 de votre infrastructure \u00e0 augmenter ou \u00e0 r\u00e9duire les ressources informatiques pour r\u00e9pondre \u00e0 la demande. Pour en savoir plus, cliquez ici.","robots":{"index":"index","follow":"follow","max-snippet":"max-snippet:-1","max-image-preview":"max-image-preview:large","max-video-preview":"max-video-preview:-1"},"canonical":"https:\/\/www.couchbase.com\/fr\/resources\/concepts\/scalability-in-cloud-computing\/","og_locale":"fr_FR","og_type":"article","og_title":"Batch Processing | Concepts | Couchbase","og_description":"Batch processing collects and processes data in batches at scheduled intervals and is typically suited for large volumes of data. Learn more about it here.","og_url":"https:\/\/www.couchbase.com\/fr\/resources\/concepts\/scalability-in-cloud-computing\/","og_site_name":"Couchbase","article_modified_time":"2026-02-09T08:41:39+00:00","og_image":[{"width":1200,"height":630,"url":"https:\/\/www.couchbase.com\/wp-content\/uploads\/2023\/10\/CB-Meta-Image-1.png","type":"image\/png"}],"twitter_card":"summary_large_image","twitter_title":"Batch Processing | Concepts | Couchbase","twitter_description":"Batch processing collects and processes data in batches at scheduled intervals and is typically suited for large volumes of data. Learn more about it here.","schema":{"@context":"https:\/\/schema.org","@graph":[{"@type":"WebPage","@id":"https:\/\/www.couchbase.com\/fr\/resources\/concepts\/scalability-in-cloud-computing\/","url":"https:\/\/www.couchbase.com\/fr\/resources\/concepts\/scalability-in-cloud-computing\/","name":"Scalabilit\u00e9 dans l'informatique en nuage | Concepts | Couchbase","isPartOf":{"@id":"https:\/\/www.couchbase.com\/fr\/#website"},"datePublished":"2026-01-20T07:43:23+00:00","dateModified":"2026-02-09T08:41:39+00:00","description":"Dans le domaine de l'informatique en nuage, l'\u00e9volutivit\u00e9 d\u00e9signe la capacit\u00e9 de votre infrastructure \u00e0 augmenter ou \u00e0 r\u00e9duire les ressources informatiques pour r\u00e9pondre \u00e0 la demande. Pour en savoir plus, cliquez ici.","breadcrumb":{"@id":"https:\/\/www.couchbase.com\/fr\/resources\/concepts\/scalability-in-cloud-computing\/#breadcrumb"},"inLanguage":"fr-FR","potentialAction":[{"@type":"ReadAction","target":["https:\/\/www.couchbase.com\/fr\/resources\/concepts\/scalability-in-cloud-computing\/"]}]},{"@type":"BreadcrumbList","@id":"https:\/\/www.couchbase.com\/fr\/resources\/concepts\/scalability-in-cloud-computing\/#breadcrumb","itemListElement":[{"@type":"ListItem","position":1,"name":"Home","item":"https:\/\/www.couchbase.com\/"},{"@type":"ListItem","position":2,"name":"Scalability in Cloud Computing"}]},{"@type":"WebSite","@id":"https:\/\/www.couchbase.com\/fr\/#website","url":"https:\/\/www.couchbase.com\/fr\/","name":"Couchbase","description":"Encore un site The Couchbase Blog Sites","potentialAction":[{"@type":"SearchAction","target":{"@type":"EntryPoint","urlTemplate":"https:\/\/www.couchbase.com\/fr\/?s={search_term_string}"},"query-input":{"@type":"PropertyValueSpecification","valueRequired":true,"valueName":"search_term_string"}}],"inLanguage":"fr-FR"}]}},"acf":[],"_links":{"self":[{"href":"https:\/\/www.couchbase.com\/fr\/wp-json\/wp\/v2\/pages\/35700","targetHints":{"allow":["GET"]}}],"collection":[{"href":"https:\/\/www.couchbase.com\/fr\/wp-json\/wp\/v2\/pages"}],"about":[{"href":"https:\/\/www.couchbase.com\/fr\/wp-json\/wp\/v2\/types\/page"}],"author":[{"embeddable":true,"href":"https:\/\/www.couchbase.com\/fr\/wp-json\/wp\/v2\/users\/73510"}],"replies":[{"embeddable":true,"href":"https:\/\/www.couchbase.com\/fr\/wp-json\/wp\/v2\/comments?post=35700"}],"version-history":[{"count":0,"href":"https:\/\/www.couchbase.com\/fr\/wp-json\/wp\/v2\/pages\/35700\/revisions"}],"wp:attachment":[{"href":"https:\/\/www.couchbase.com\/fr\/wp-json\/wp\/v2\/media?parent=35700"}],"wp:term":[{"taxonomy":"category","embeddable":true,"href":"https:\/\/www.couchbase.com\/fr\/wp-json\/wp\/v2\/categories?post=35700"},{"taxonomy":"post_tag","embeddable":true,"href":"https:\/\/www.couchbase.com\/fr\/wp-json\/wp\/v2\/tags?post=35700"}],"curies":[{"name":"wp","href":"https:\/\/api.w.org\/{rel}","templated":true}]}}