{"id":33390,"date":"2025-03-11T12:24:27","date_gmt":"2025-03-11T19:24:27","guid":{"rendered":"https:\/\/www.couchbase.com\/?page_id=33390"},"modified":"2025-03-11T12:24:27","modified_gmt":"2025-03-11T19:24:27","slug":"scalable-ai-applications","status":"publish","type":"page","link":"https:\/\/www.couchbase.com\/fr\/scalable-ai-applications\/","title":{"rendered":"Born For This Campaign Nouvelle version du logo LP"},"content":{"rendered":"","protected":false},"excerpt":{"rendered":"","protected":false},"author":15093,"featured_media":0,"parent":0,"menu_order":0,"comment_status":"closed","ping_status":"closed","template":"shortcode-template.php","meta":{"_acf_changed":false,"inline_featured_image":false,"footnotes":""},"categories":[],"tags":[],"class_list":["post-33390","page","type-page","status-publish","hentry"],"yoast_head":"<!-- This site is optimized with the Yoast SEO Premium plugin v27.3 (Yoast SEO v27.3) - https:\/\/yoast.com\/product\/yoast-seo-premium-wordpress\/ -->\n<title>Build AI Applications on Couchbase&#039;s Scalable NoSQL Database<\/title>\n<meta name=\"description\" content=\"Learn how Couchbase&#039;s flexible, scalable NoSQL database simplifies managing the large, diverse datasets essential for AI applications.\" \/>\n<meta name=\"robots\" content=\"index, follow, max-snippet:-1, max-image-preview:large, max-video-preview:-1\" \/>\n<link rel=\"canonical\" href=\"https:\/\/www.couchbase.com\/fr\/scalable-ai-applications\/\" \/>\n<meta property=\"og:locale\" content=\"fr_FR\" \/>\n<meta property=\"og:type\" content=\"article\" \/>\n<meta property=\"og:title\" content=\"Build AI Applications on Couchbase&#039;s Scalable NoSQL Database\" \/>\n<meta property=\"og:description\" content=\"Learn how Couchbase&#039;s flexible, scalable NoSQL database simplifies managing the large, diverse datasets essential for AI applications.\" \/>\n<meta property=\"og:url\" content=\"https:\/\/www.couchbase.com\/fr\/scalable-ai-applications\/\" \/>\n<meta property=\"og:site_name\" content=\"Couchbase\" \/>\n<meta property=\"og:image\" content=\"https:\/\/www.couchbase.com\/wp-content\/uploads\/2023\/10\/CB-Meta-Image-1.png\" \/>\n\t<meta property=\"og:image:width\" content=\"1200\" \/>\n\t<meta property=\"og:image:height\" content=\"630\" \/>\n\t<meta property=\"og:image:type\" content=\"image\/png\" \/>\n<meta name=\"twitter:card\" content=\"summary_large_image\" \/>\n<meta name=\"twitter:title\" content=\"Build AI Applications on Couchbase&#039;s Scalable NoSQL Database\" \/>\n<meta name=\"twitter:description\" content=\"Learn how Couchbase&#039;s flexible, scalable NoSQL database simplifies managing the large, diverse datasets essential for AI applications.\" \/>\n<script type=\"application\/ld+json\" class=\"yoast-schema-graph\">{\"@context\":\"https:\\\/\\\/schema.org\",\"@graph\":[{\"@type\":\"WebPage\",\"@id\":\"https:\\\/\\\/www.couchbase.com\\\/fr\\\/scalable-ai-applications\\\/\",\"url\":\"https:\\\/\\\/www.couchbase.com\\\/scalable-ai-applications\\\/\",\"name\":\"Build AI Applications on Couchbase's Scalable NoSQL Database\",\"isPartOf\":{\"@id\":\"https:\\\/\\\/www.couchbase.com\\\/fr\\\/#website\"},\"datePublished\":\"2025-03-11T19:24:27+00:00\",\"description\":\"Learn how Couchbase's flexible, scalable NoSQL database simplifies managing the large, diverse datasets essential for AI applications.\",\"breadcrumb\":{\"@id\":\"https:\\\/\\\/www.couchbase.com\\\/scalable-ai-applications\\\/#breadcrumb\"},\"inLanguage\":\"fr-FR\",\"potentialAction\":[{\"@type\":\"ReadAction\",\"target\":[\"https:\\\/\\\/www.couchbase.com\\\/scalable-ai-applications\\\/\"]}]},{\"@type\":\"BreadcrumbList\",\"@id\":\"https:\\\/\\\/www.couchbase.com\\\/scalable-ai-applications\\\/#breadcrumb\",\"itemListElement\":[{\"@type\":\"ListItem\",\"position\":1,\"name\":\"Home\",\"item\":\"https:\\\/\\\/www.couchbase.com\\\/\"},{\"@type\":\"ListItem\",\"position\":2,\"name\":\"Born For This Campaign New logo version LP\"}]},{\"@type\":\"WebSite\",\"@id\":\"https:\\\/\\\/www.couchbase.com\\\/fr\\\/#website\",\"url\":\"https:\\\/\\\/www.couchbase.com\\\/fr\\\/\",\"name\":\"Couchbase\",\"description\":\"Just another The Couchbase Blog Sites site\",\"potentialAction\":[{\"@type\":\"SearchAction\",\"target\":{\"@type\":\"EntryPoint\",\"urlTemplate\":\"https:\\\/\\\/www.couchbase.com\\\/fr\\\/?s={search_term_string}\"},\"query-input\":{\"@type\":\"PropertyValueSpecification\",\"valueRequired\":true,\"valueName\":\"search_term_string\"}}],\"inLanguage\":\"fr-FR\"}]}<\/script>\n<!-- \/ Yoast SEO Premium plugin. -->","yoast_head_json":{"title":"Construire des applications d'IA sur la base de donn\u00e9es NoSQL \u00e9volutive de Couchbase","description":"D\u00e9couvrez comment la base de donn\u00e9es NoSQL flexible et \u00e9volutive de Couchbase simplifie la gestion des ensembles de donn\u00e9es volumineux et diversifi\u00e9s indispensables aux applications d'IA.","robots":{"index":"index","follow":"follow","max-snippet":"max-snippet:-1","max-image-preview":"max-image-preview:large","max-video-preview":"max-video-preview:-1"},"canonical":"https:\/\/www.couchbase.com\/fr\/scalable-ai-applications\/","og_locale":"fr_FR","og_type":"article","og_title":"Build AI Applications on Couchbase's Scalable NoSQL Database","og_description":"Learn how Couchbase's flexible, scalable NoSQL database simplifies managing the large, diverse datasets essential for AI applications.","og_url":"https:\/\/www.couchbase.com\/fr\/scalable-ai-applications\/","og_site_name":"Couchbase","og_image":[{"width":1200,"height":630,"url":"https:\/\/www.couchbase.com\/wp-content\/uploads\/2023\/10\/CB-Meta-Image-1.png","type":"image\/png"}],"twitter_card":"summary_large_image","twitter_title":"Build AI Applications on Couchbase's Scalable NoSQL Database","twitter_description":"Learn how Couchbase's flexible, scalable NoSQL database simplifies managing the large, diverse datasets essential for AI applications.","schema":{"@context":"https:\/\/schema.org","@graph":[{"@type":"WebPage","@id":"https:\/\/www.couchbase.com\/fr\/scalable-ai-applications\/","url":"https:\/\/www.couchbase.com\/scalable-ai-applications\/","name":"Construire des applications d'IA sur la base de donn\u00e9es NoSQL \u00e9volutive de Couchbase","isPartOf":{"@id":"https:\/\/www.couchbase.com\/fr\/#website"},"datePublished":"2025-03-11T19:24:27+00:00","description":"D\u00e9couvrez comment la base de donn\u00e9es NoSQL flexible et \u00e9volutive de Couchbase simplifie la gestion des ensembles de donn\u00e9es volumineux et diversifi\u00e9s indispensables aux applications d'IA.","breadcrumb":{"@id":"https:\/\/www.couchbase.com\/scalable-ai-applications\/#breadcrumb"},"inLanguage":"fr-FR","potentialAction":[{"@type":"ReadAction","target":["https:\/\/www.couchbase.com\/scalable-ai-applications\/"]}]},{"@type":"BreadcrumbList","@id":"https:\/\/www.couchbase.com\/scalable-ai-applications\/#breadcrumb","itemListElement":[{"@type":"ListItem","position":1,"name":"Home","item":"https:\/\/www.couchbase.com\/"},{"@type":"ListItem","position":2,"name":"Born For This Campaign New logo version LP"}]},{"@type":"WebSite","@id":"https:\/\/www.couchbase.com\/fr\/#website","url":"https:\/\/www.couchbase.com\/fr\/","name":"Couchbase","description":"Encore un site The Couchbase Blog Sites","potentialAction":[{"@type":"SearchAction","target":{"@type":"EntryPoint","urlTemplate":"https:\/\/www.couchbase.com\/fr\/?s={search_term_string}"},"query-input":{"@type":"PropertyValueSpecification","valueRequired":true,"valueName":"search_term_string"}}],"inLanguage":"fr-FR"}]}},"acf":[],"_links":{"self":[{"href":"https:\/\/www.couchbase.com\/fr\/wp-json\/wp\/v2\/pages\/33390","targetHints":{"allow":["GET"]}}],"collection":[{"href":"https:\/\/www.couchbase.com\/fr\/wp-json\/wp\/v2\/pages"}],"about":[{"href":"https:\/\/www.couchbase.com\/fr\/wp-json\/wp\/v2\/types\/page"}],"author":[{"embeddable":true,"href":"https:\/\/www.couchbase.com\/fr\/wp-json\/wp\/v2\/users\/15093"}],"replies":[{"embeddable":true,"href":"https:\/\/www.couchbase.com\/fr\/wp-json\/wp\/v2\/comments?post=33390"}],"version-history":[{"count":0,"href":"https:\/\/www.couchbase.com\/fr\/wp-json\/wp\/v2\/pages\/33390\/revisions"}],"wp:attachment":[{"href":"https:\/\/www.couchbase.com\/fr\/wp-json\/wp\/v2\/media?parent=33390"}],"wp:term":[{"taxonomy":"category","embeddable":true,"href":"https:\/\/www.couchbase.com\/fr\/wp-json\/wp\/v2\/categories?post=33390"},{"taxonomy":"post_tag","embeddable":true,"href":"https:\/\/www.couchbase.com\/fr\/wp-json\/wp\/v2\/tags?post=33390"}],"curies":[{"name":"wp","href":"https:\/\/api.w.org\/{rel}","templated":true}]}}