{"id":32383,"date":"2024-12-19T06:45:11","date_gmt":"2024-12-19T14:45:11","guid":{"rendered":"https:\/\/www.couchbase.com\/?page_id=32383"},"modified":"2024-12-19T06:45:44","modified_gmt":"2024-12-19T14:45:44","slug":"what-is-an-in-memory-database","status":"publish","type":"page","link":"https:\/\/www.couchbase.com\/fr\/resources\/concepts\/in-memory-database\/","title":{"rendered":"Qu'est-ce qu'une base de donn\u00e9es en m\u00e9moire ?"},"content":{"rendered":"","protected":false},"excerpt":{"rendered":"","protected":false},"author":83874,"featured_media":0,"parent":0,"menu_order":0,"comment_status":"closed","ping_status":"closed","template":"shortcode-template.php","meta":{"_acf_changed":false,"inline_featured_image":false,"footnotes":""},"categories":[],"tags":[],"class_list":["post-32383","page","type-page","status-publish","hentry"],"yoast_head":"<!-- This site is optimized with the Yoast SEO Premium plugin v27.3 (Yoast SEO v27.3) - https:\/\/yoast.com\/product\/yoast-seo-premium-wordpress\/ -->\n<title>What Is an In-Memory Database? w\/ Examples | Couchbase<\/title>\n<meta name=\"description\" content=\"What is an in-memory database? IMDBs are high-speed data storage systems with all data in the computer\u2019s main memory for fast data retrieval and processing.\" \/>\n<meta name=\"robots\" content=\"index, follow, max-snippet:-1, max-image-preview:large, max-video-preview:-1\" \/>\n<link rel=\"canonical\" href=\"https:\/\/www.couchbase.com\/fr\/resources\/concepts\/in-memory-database\/\" \/>\n<meta property=\"og:locale\" content=\"fr_FR\" \/>\n<meta property=\"og:type\" content=\"article\" \/>\n<meta property=\"og:title\" content=\"What Is an In-Memory Database?\" \/>\n<meta property=\"og:description\" content=\"What is an in-memory database? IMDBs are high-speed data storage systems with all data in the computer\u2019s main memory for fast data retrieval and processing.\" \/>\n<meta property=\"og:url\" content=\"https:\/\/www.couchbase.com\/fr\/resources\/concepts\/in-memory-database\/\" \/>\n<meta property=\"og:site_name\" content=\"Couchbase\" \/>\n<meta property=\"article:modified_time\" content=\"2024-12-19T14:45:44+00:00\" \/>\n<meta property=\"og:image\" content=\"https:\/\/www.couchbase.com\/wp-content\/uploads\/2023\/10\/CB-Meta-Image-1.png\" \/>\n\t<meta property=\"og:image:width\" content=\"1200\" \/>\n\t<meta property=\"og:image:height\" content=\"630\" \/>\n\t<meta property=\"og:image:type\" content=\"image\/png\" \/>\n<meta name=\"twitter:card\" content=\"summary_large_image\" \/>\n<script type=\"application\/ld+json\" class=\"yoast-schema-graph\">{\"@context\":\"https:\\\/\\\/schema.org\",\"@graph\":[{\"@type\":\"WebPage\",\"@id\":\"https:\\\/\\\/www.couchbase.com\\\/fr\\\/resources\\\/concepts\\\/in-memory-database\\\/\",\"url\":\"https:\\\/\\\/www.couchbase.com\\\/fr\\\/resources\\\/concepts\\\/in-memory-database\\\/\",\"name\":\"What Is an In-Memory Database? w\\\/ Examples | Couchbase\",\"isPartOf\":{\"@id\":\"https:\\\/\\\/www.couchbase.com\\\/fr\\\/#website\"},\"datePublished\":\"2024-12-19T14:45:11+00:00\",\"dateModified\":\"2024-12-19T14:45:44+00:00\",\"description\":\"What is an in-memory database? IMDBs are high-speed data storage systems with all data in the computer\u2019s main memory for fast data retrieval and processing.\",\"breadcrumb\":{\"@id\":\"https:\\\/\\\/www.couchbase.com\\\/fr\\\/resources\\\/concepts\\\/in-memory-database\\\/#breadcrumb\"},\"inLanguage\":\"fr-FR\",\"potentialAction\":[{\"@type\":\"ReadAction\",\"target\":[\"https:\\\/\\\/www.couchbase.com\\\/fr\\\/resources\\\/concepts\\\/in-memory-database\\\/\"]}]},{\"@type\":\"BreadcrumbList\",\"@id\":\"https:\\\/\\\/www.couchbase.com\\\/fr\\\/resources\\\/concepts\\\/in-memory-database\\\/#breadcrumb\",\"itemListElement\":[{\"@type\":\"ListItem\",\"position\":1,\"name\":\"Home\",\"item\":\"https:\\\/\\\/www.couchbase.com\\\/\"},{\"@type\":\"ListItem\",\"position\":2,\"name\":\"What Is an In-Memory Database?\"}]},{\"@type\":\"WebSite\",\"@id\":\"https:\\\/\\\/www.couchbase.com\\\/fr\\\/#website\",\"url\":\"https:\\\/\\\/www.couchbase.com\\\/fr\\\/\",\"name\":\"Couchbase\",\"description\":\"Just another The Couchbase Blog Sites site\",\"potentialAction\":[{\"@type\":\"SearchAction\",\"target\":{\"@type\":\"EntryPoint\",\"urlTemplate\":\"https:\\\/\\\/www.couchbase.com\\\/fr\\\/?s={search_term_string}\"},\"query-input\":{\"@type\":\"PropertyValueSpecification\",\"valueRequired\":true,\"valueName\":\"search_term_string\"}}],\"inLanguage\":\"fr-FR\"}]}<\/script>\n<!-- \/ Yoast SEO Premium plugin. -->","yoast_head_json":{"title":"Qu'est-ce qu'une base de donn\u00e9es en m\u00e9moire ? avec exemples | Couchbase","description":"Qu'est-ce qu'une base de donn\u00e9es en m\u00e9moire ? Les bases de donn\u00e9es en m\u00e9moire sont des syst\u00e8mes de stockage de donn\u00e9es \u00e0 grande vitesse dont toutes les donn\u00e9es se trouvent dans la m\u00e9moire principale de l'ordinateur, ce qui permet de les r\u00e9cup\u00e9rer et de les traiter rapidement.","robots":{"index":"index","follow":"follow","max-snippet":"max-snippet:-1","max-image-preview":"max-image-preview:large","max-video-preview":"max-video-preview:-1"},"canonical":"https:\/\/www.couchbase.com\/fr\/resources\/concepts\/in-memory-database\/","og_locale":"fr_FR","og_type":"article","og_title":"What Is an In-Memory Database?","og_description":"What is an in-memory database? IMDBs are high-speed data storage systems with all data in the computer\u2019s main memory for fast data retrieval and processing.","og_url":"https:\/\/www.couchbase.com\/fr\/resources\/concepts\/in-memory-database\/","og_site_name":"Couchbase","article_modified_time":"2024-12-19T14:45:44+00:00","og_image":[{"width":1200,"height":630,"url":"https:\/\/www.couchbase.com\/wp-content\/uploads\/2023\/10\/CB-Meta-Image-1.png","type":"image\/png"}],"twitter_card":"summary_large_image","schema":{"@context":"https:\/\/schema.org","@graph":[{"@type":"WebPage","@id":"https:\/\/www.couchbase.com\/fr\/resources\/concepts\/in-memory-database\/","url":"https:\/\/www.couchbase.com\/fr\/resources\/concepts\/in-memory-database\/","name":"Qu'est-ce qu'une base de donn\u00e9es en m\u00e9moire ? avec exemples | Couchbase","isPartOf":{"@id":"https:\/\/www.couchbase.com\/fr\/#website"},"datePublished":"2024-12-19T14:45:11+00:00","dateModified":"2024-12-19T14:45:44+00:00","description":"Qu'est-ce qu'une base de donn\u00e9es en m\u00e9moire ? Les bases de donn\u00e9es en m\u00e9moire sont des syst\u00e8mes de stockage de donn\u00e9es \u00e0 grande vitesse dont toutes les donn\u00e9es se trouvent dans la m\u00e9moire principale de l'ordinateur, ce qui permet de les r\u00e9cup\u00e9rer et de les traiter rapidement.","breadcrumb":{"@id":"https:\/\/www.couchbase.com\/fr\/resources\/concepts\/in-memory-database\/#breadcrumb"},"inLanguage":"fr-FR","potentialAction":[{"@type":"ReadAction","target":["https:\/\/www.couchbase.com\/fr\/resources\/concepts\/in-memory-database\/"]}]},{"@type":"BreadcrumbList","@id":"https:\/\/www.couchbase.com\/fr\/resources\/concepts\/in-memory-database\/#breadcrumb","itemListElement":[{"@type":"ListItem","position":1,"name":"Home","item":"https:\/\/www.couchbase.com\/"},{"@type":"ListItem","position":2,"name":"What Is an In-Memory Database?"}]},{"@type":"WebSite","@id":"https:\/\/www.couchbase.com\/fr\/#website","url":"https:\/\/www.couchbase.com\/fr\/","name":"Couchbase","description":"Encore un site The Couchbase Blog Sites","potentialAction":[{"@type":"SearchAction","target":{"@type":"EntryPoint","urlTemplate":"https:\/\/www.couchbase.com\/fr\/?s={search_term_string}"},"query-input":{"@type":"PropertyValueSpecification","valueRequired":true,"valueName":"search_term_string"}}],"inLanguage":"fr-FR"}]}},"acf":[],"_links":{"self":[{"href":"https:\/\/www.couchbase.com\/fr\/wp-json\/wp\/v2\/pages\/32383","targetHints":{"allow":["GET"]}}],"collection":[{"href":"https:\/\/www.couchbase.com\/fr\/wp-json\/wp\/v2\/pages"}],"about":[{"href":"https:\/\/www.couchbase.com\/fr\/wp-json\/wp\/v2\/types\/page"}],"author":[{"embeddable":true,"href":"https:\/\/www.couchbase.com\/fr\/wp-json\/wp\/v2\/users\/83874"}],"replies":[{"embeddable":true,"href":"https:\/\/www.couchbase.com\/fr\/wp-json\/wp\/v2\/comments?post=32383"}],"version-history":[{"count":0,"href":"https:\/\/www.couchbase.com\/fr\/wp-json\/wp\/v2\/pages\/32383\/revisions"}],"wp:attachment":[{"href":"https:\/\/www.couchbase.com\/fr\/wp-json\/wp\/v2\/media?parent=32383"}],"wp:term":[{"taxonomy":"category","embeddable":true,"href":"https:\/\/www.couchbase.com\/fr\/wp-json\/wp\/v2\/categories?post=32383"},{"taxonomy":"post_tag","embeddable":true,"href":"https:\/\/www.couchbase.com\/fr\/wp-json\/wp\/v2\/tags?post=32383"}],"curies":[{"name":"wp","href":"https:\/\/api.w.org\/{rel}","templated":true}]}}