{"id":30811,"date":"2024-07-11T19:31:25","date_gmt":"2024-07-12T02:31:25","guid":{"rendered":"https:\/\/www.couchbase.com\/?page_id=30811"},"modified":"2025-09-03T04:21:16","modified_gmt":"2025-09-03T11:21:16","slug":"partners-amazon","status":"publish","type":"page","link":"https:\/\/www.couchbase.com\/fr\/partners\/amazon\/","title":{"rendered":"Couchbase sur AWS"},"content":{"rendered":"","protected":false},"excerpt":{"rendered":"","protected":false},"author":15093,"featured_media":0,"parent":0,"menu_order":0,"comment_status":"closed","ping_status":"closed","template":"shortcode-template.php","meta":{"_acf_changed":false,"inline_featured_image":false,"footnotes":""},"categories":[],"tags":[],"class_list":["post-30811","page","type-page","status-publish","hentry"],"yoast_head":"<!-- This site is optimized with the Yoast SEO Premium plugin v27.3 (Yoast SEO v27.3) - https:\/\/yoast.com\/product\/yoast-seo-premium-wordpress\/ -->\n<title>Amazon Web Services (AWS) Partner | Couchbase<\/title>\n<meta name=\"description\" content=\"Learn how Couchbase and AWS provide a repeatable migration framework and credit incentives to help you move your workloads to Couchbase on the AWS cloud.\" \/>\n<meta name=\"robots\" content=\"index, follow, max-snippet:-1, max-image-preview:large, max-video-preview:-1\" \/>\n<link rel=\"canonical\" href=\"https:\/\/www.couchbase.com\/fr\/partners\/amazon\/\" \/>\n<meta property=\"og:locale\" content=\"fr_FR\" \/>\n<meta property=\"og:type\" content=\"article\" \/>\n<meta property=\"og:title\" content=\"Couchbase on AWS\" \/>\n<meta property=\"og:description\" content=\"Learn how Couchbase and AWS provide a repeatable migration framework and credit incentives to help you move your workloads to Couchbase on the AWS cloud.\" \/>\n<meta property=\"og:url\" content=\"https:\/\/www.couchbase.com\/fr\/partners\/amazon\/\" \/>\n<meta property=\"og:site_name\" content=\"Couchbase\" \/>\n<meta property=\"article:modified_time\" content=\"2025-09-03T11:21:16+00:00\" \/>\n<meta property=\"og:image\" content=\"https:\/\/www.couchbase.com\/wp-content\/uploads\/2023\/10\/CB-Meta-Image-1.png\" \/>\n\t<meta property=\"og:image:width\" content=\"1200\" \/>\n\t<meta property=\"og:image:height\" content=\"630\" \/>\n\t<meta property=\"og:image:type\" content=\"image\/png\" \/>\n<meta name=\"twitter:card\" content=\"summary_large_image\" \/>\n<script type=\"application\/ld+json\" class=\"yoast-schema-graph\">{\"@context\":\"https:\\\/\\\/schema.org\",\"@graph\":[{\"@type\":\"WebPage\",\"@id\":\"https:\\\/\\\/www.couchbase.com\\\/fr\\\/partners\\\/amazon\\\/\",\"url\":\"https:\\\/\\\/www.couchbase.com\\\/partners\\\/amazon\\\/\",\"name\":\"Amazon Web Services (AWS) Partner | Couchbase\",\"isPartOf\":{\"@id\":\"https:\\\/\\\/www.couchbase.com\\\/fr\\\/#website\"},\"datePublished\":\"2024-07-12T02:31:25+00:00\",\"dateModified\":\"2025-09-03T11:21:16+00:00\",\"description\":\"Learn how Couchbase and AWS provide a repeatable migration framework and credit incentives to help you move your workloads to Couchbase on the AWS cloud.\",\"breadcrumb\":{\"@id\":\"https:\\\/\\\/www.couchbase.com\\\/partners\\\/amazon\\\/#breadcrumb\"},\"inLanguage\":\"fr-FR\",\"potentialAction\":[{\"@type\":\"ReadAction\",\"target\":[\"https:\\\/\\\/www.couchbase.com\\\/partners\\\/amazon\\\/\"]}]},{\"@type\":\"BreadcrumbList\",\"@id\":\"https:\\\/\\\/www.couchbase.com\\\/partners\\\/amazon\\\/#breadcrumb\",\"itemListElement\":[{\"@type\":\"ListItem\",\"position\":1,\"name\":\"Home\",\"item\":\"https:\\\/\\\/www.couchbase.com\\\/\"},{\"@type\":\"ListItem\",\"position\":2,\"name\":\"Couchbase on AWS\"}]},{\"@type\":\"WebSite\",\"@id\":\"https:\\\/\\\/www.couchbase.com\\\/fr\\\/#website\",\"url\":\"https:\\\/\\\/www.couchbase.com\\\/fr\\\/\",\"name\":\"Couchbase\",\"description\":\"Just another The Couchbase Blog Sites site\",\"potentialAction\":[{\"@type\":\"SearchAction\",\"target\":{\"@type\":\"EntryPoint\",\"urlTemplate\":\"https:\\\/\\\/www.couchbase.com\\\/fr\\\/?s={search_term_string}\"},\"query-input\":{\"@type\":\"PropertyValueSpecification\",\"valueRequired\":true,\"valueName\":\"search_term_string\"}}],\"inLanguage\":\"fr-FR\"}]}<\/script>\n<!-- \/ Yoast SEO Premium plugin. -->","yoast_head_json":{"title":"Partenaire Amazon Web Services (AWS) | Couchbase","description":"D\u00e9couvrez comment Couchbase et AWS fournissent un cadre de migration reproductible et des incitations au cr\u00e9dit pour vous aider \u00e0 d\u00e9placer vos charges de travail vers Couchbase sur le cloud AWS.","robots":{"index":"index","follow":"follow","max-snippet":"max-snippet:-1","max-image-preview":"max-image-preview:large","max-video-preview":"max-video-preview:-1"},"canonical":"https:\/\/www.couchbase.com\/fr\/partners\/amazon\/","og_locale":"fr_FR","og_type":"article","og_title":"Couchbase on AWS","og_description":"Learn how Couchbase and AWS provide a repeatable migration framework and credit incentives to help you move your workloads to Couchbase on the AWS cloud.","og_url":"https:\/\/www.couchbase.com\/fr\/partners\/amazon\/","og_site_name":"Couchbase","article_modified_time":"2025-09-03T11:21:16+00:00","og_image":[{"width":1200,"height":630,"url":"https:\/\/www.couchbase.com\/wp-content\/uploads\/2023\/10\/CB-Meta-Image-1.png","type":"image\/png"}],"twitter_card":"summary_large_image","schema":{"@context":"https:\/\/schema.org","@graph":[{"@type":"WebPage","@id":"https:\/\/www.couchbase.com\/fr\/partners\/amazon\/","url":"https:\/\/www.couchbase.com\/partners\/amazon\/","name":"Partenaire Amazon Web Services (AWS) | Couchbase","isPartOf":{"@id":"https:\/\/www.couchbase.com\/fr\/#website"},"datePublished":"2024-07-12T02:31:25+00:00","dateModified":"2025-09-03T11:21:16+00:00","description":"D\u00e9couvrez comment Couchbase et AWS fournissent un cadre de migration reproductible et des incitations au cr\u00e9dit pour vous aider \u00e0 d\u00e9placer vos charges de travail vers Couchbase sur le cloud AWS.","breadcrumb":{"@id":"https:\/\/www.couchbase.com\/partners\/amazon\/#breadcrumb"},"inLanguage":"fr-FR","potentialAction":[{"@type":"ReadAction","target":["https:\/\/www.couchbase.com\/partners\/amazon\/"]}]},{"@type":"BreadcrumbList","@id":"https:\/\/www.couchbase.com\/partners\/amazon\/#breadcrumb","itemListElement":[{"@type":"ListItem","position":1,"name":"Home","item":"https:\/\/www.couchbase.com\/"},{"@type":"ListItem","position":2,"name":"Couchbase on AWS"}]},{"@type":"WebSite","@id":"https:\/\/www.couchbase.com\/fr\/#website","url":"https:\/\/www.couchbase.com\/fr\/","name":"Couchbase","description":"Encore un site The Couchbase Blog Sites","potentialAction":[{"@type":"SearchAction","target":{"@type":"EntryPoint","urlTemplate":"https:\/\/www.couchbase.com\/fr\/?s={search_term_string}"},"query-input":{"@type":"PropertyValueSpecification","valueRequired":true,"valueName":"search_term_string"}}],"inLanguage":"fr-FR"}]}},"acf":[],"_links":{"self":[{"href":"https:\/\/www.couchbase.com\/fr\/wp-json\/wp\/v2\/pages\/30811","targetHints":{"allow":["GET"]}}],"collection":[{"href":"https:\/\/www.couchbase.com\/fr\/wp-json\/wp\/v2\/pages"}],"about":[{"href":"https:\/\/www.couchbase.com\/fr\/wp-json\/wp\/v2\/types\/page"}],"author":[{"embeddable":true,"href":"https:\/\/www.couchbase.com\/fr\/wp-json\/wp\/v2\/users\/15093"}],"replies":[{"embeddable":true,"href":"https:\/\/www.couchbase.com\/fr\/wp-json\/wp\/v2\/comments?post=30811"}],"version-history":[{"count":0,"href":"https:\/\/www.couchbase.com\/fr\/wp-json\/wp\/v2\/pages\/30811\/revisions"}],"wp:attachment":[{"href":"https:\/\/www.couchbase.com\/fr\/wp-json\/wp\/v2\/media?parent=30811"}],"wp:term":[{"taxonomy":"category","embeddable":true,"href":"https:\/\/www.couchbase.com\/fr\/wp-json\/wp\/v2\/categories?post=30811"},{"taxonomy":"post_tag","embeddable":true,"href":"https:\/\/www.couchbase.com\/fr\/wp-json\/wp\/v2\/tags?post=30811"}],"curies":[{"name":"wp","href":"https:\/\/api.w.org\/{rel}","templated":true}]}}