{"id":28604,"date":"2024-05-28T00:36:45","date_gmt":"2024-05-28T07:36:45","guid":{"rendered":"https:\/\/www.couchbase.com\/?page_id=28604"},"modified":"2025-06-04T02:48:06","modified_gmt":"2025-06-04T09:48:06","slug":"product-catalog-management-use-case","status":"publish","type":"page","link":"https:\/\/www.couchbase.com\/fr\/use-cases\/product-catalog\/","title":{"rendered":"Cas d'utilisation de la gestion du catalogue de produits"},"content":{"rendered":"","protected":false},"excerpt":{"rendered":"","protected":false},"author":73510,"featured_media":0,"parent":0,"menu_order":0,"comment_status":"closed","ping_status":"closed","template":"shortcode-template.php","meta":{"_acf_changed":false,"inline_featured_image":false,"footnotes":""},"categories":[],"tags":[],"class_list":["post-28604","page","type-page","status-publish","hentry"],"yoast_head":"<!-- This site is optimized with the Yoast SEO Premium plugin v27.0 (Yoast SEO v27.0) - https:\/\/yoast.com\/product\/yoast-seo-premium-wordpress\/ -->\n<title>AI-Powered Product Catalog Management | Database Use Case<\/title>\n<meta name=\"description\" content=\"Couchbase powers adaptive product catalogs with real-time data, AI-generated personalization, and seamless management. View all the benefits here!\" \/>\n<meta name=\"robots\" content=\"index, follow, max-snippet:-1, max-image-preview:large, max-video-preview:-1\" \/>\n<link rel=\"canonical\" href=\"https:\/\/www.couchbase.com\/fr\/use-cases\/product-catalog\/\" \/>\n<meta property=\"og:locale\" content=\"fr_FR\" \/>\n<meta property=\"og:type\" content=\"article\" \/>\n<meta property=\"og:title\" content=\"Product Catalog Management Use Case\" \/>\n<meta property=\"og:description\" content=\"Couchbase powers adaptive product catalogs with real-time data, AI-generated personalization, and seamless management. View all the benefits here!\" \/>\n<meta property=\"og:url\" content=\"https:\/\/www.couchbase.com\/fr\/use-cases\/product-catalog\/\" \/>\n<meta property=\"og:site_name\" content=\"Couchbase\" \/>\n<meta property=\"article:modified_time\" content=\"2025-06-04T09:48:06+00:00\" \/>\n<meta property=\"og:image\" content=\"https:\/\/www.couchbase.com\/wp-content\/uploads\/2023\/10\/CB-Meta-Image-1.png\" \/>\n\t<meta property=\"og:image:width\" content=\"1200\" \/>\n\t<meta property=\"og:image:height\" content=\"630\" \/>\n\t<meta property=\"og:image:type\" content=\"image\/png\" \/>\n<meta name=\"twitter:card\" content=\"summary_large_image\" \/>\n<script type=\"application\/ld+json\" class=\"yoast-schema-graph\">{\"@context\":\"https:\/\/schema.org\",\"@graph\":[{\"@type\":\"WebPage\",\"@id\":\"https:\/\/www.couchbase.com\/fr\/use-cases\/product-catalog\/\",\"url\":\"https:\/\/www.couchbase.com\/use-cases\/product-catalog\/\",\"name\":\"AI-Powered Product Catalog Management | Database Use Case\",\"isPartOf\":{\"@id\":\"https:\/\/www.couchbase.com\/fr\/#website\"},\"datePublished\":\"2024-05-28T07:36:45+00:00\",\"dateModified\":\"2025-06-04T09:48:06+00:00\",\"description\":\"Couchbase powers adaptive product catalogs with real-time data, AI-generated personalization, and seamless management. View all the benefits here!\",\"breadcrumb\":{\"@id\":\"https:\/\/www.couchbase.com\/use-cases\/product-catalog\/#breadcrumb\"},\"inLanguage\":\"fr-FR\",\"potentialAction\":[{\"@type\":\"ReadAction\",\"target\":[\"https:\/\/www.couchbase.com\/use-cases\/product-catalog\/\"]}]},{\"@type\":\"BreadcrumbList\",\"@id\":\"https:\/\/www.couchbase.com\/use-cases\/product-catalog\/#breadcrumb\",\"itemListElement\":[{\"@type\":\"ListItem\",\"position\":1,\"name\":\"Home\",\"item\":\"https:\/\/www.couchbase.com\/\"},{\"@type\":\"ListItem\",\"position\":2,\"name\":\"Product Catalog Management Use Case\"}]},{\"@type\":\"WebSite\",\"@id\":\"https:\/\/www.couchbase.com\/fr\/#website\",\"url\":\"https:\/\/www.couchbase.com\/fr\/\",\"name\":\"Couchbase\",\"description\":\"Just another The Couchbase Blog Sites site\",\"potentialAction\":[{\"@type\":\"SearchAction\",\"target\":{\"@type\":\"EntryPoint\",\"urlTemplate\":\"https:\/\/www.couchbase.com\/fr\/?s={search_term_string}\"},\"query-input\":{\"@type\":\"PropertyValueSpecification\",\"valueRequired\":true,\"valueName\":\"search_term_string\"}}],\"inLanguage\":\"fr-FR\"}]}<\/script>\n<!-- \/ Yoast SEO Premium plugin. -->","yoast_head_json":{"title":"Cas d'utilisation d'une base de donn\u00e9es pour la gestion d'un catalogue de produits aliment\u00e9 par l'IA","description":"Couchbase alimente les catalogues de produits adaptatifs avec des donn\u00e9es en temps r\u00e9el, une personnalisation g\u00e9n\u00e9r\u00e9e par l'IA et une gestion transparente. D\u00e9couvrez tous les avantages ici !","robots":{"index":"index","follow":"follow","max-snippet":"max-snippet:-1","max-image-preview":"max-image-preview:large","max-video-preview":"max-video-preview:-1"},"canonical":"https:\/\/www.couchbase.com\/fr\/use-cases\/product-catalog\/","og_locale":"fr_FR","og_type":"article","og_title":"Product Catalog Management Use Case","og_description":"Couchbase powers adaptive product catalogs with real-time data, AI-generated personalization, and seamless management. View all the benefits here!","og_url":"https:\/\/www.couchbase.com\/fr\/use-cases\/product-catalog\/","og_site_name":"Couchbase","article_modified_time":"2025-06-04T09:48:06+00:00","og_image":[{"width":1200,"height":630,"url":"https:\/\/www.couchbase.com\/wp-content\/uploads\/2023\/10\/CB-Meta-Image-1.png","type":"image\/png"}],"twitter_card":"summary_large_image","schema":{"@context":"https:\/\/schema.org","@graph":[{"@type":"WebPage","@id":"https:\/\/www.couchbase.com\/fr\/use-cases\/product-catalog\/","url":"https:\/\/www.couchbase.com\/use-cases\/product-catalog\/","name":"Cas d'utilisation d'une base de donn\u00e9es pour la gestion d'un catalogue de produits aliment\u00e9 par l'IA","isPartOf":{"@id":"https:\/\/www.couchbase.com\/fr\/#website"},"datePublished":"2024-05-28T07:36:45+00:00","dateModified":"2025-06-04T09:48:06+00:00","description":"Couchbase alimente les catalogues de produits adaptatifs avec des donn\u00e9es en temps r\u00e9el, une personnalisation g\u00e9n\u00e9r\u00e9e par l'IA et une gestion transparente. D\u00e9couvrez tous les avantages ici !","breadcrumb":{"@id":"https:\/\/www.couchbase.com\/use-cases\/product-catalog\/#breadcrumb"},"inLanguage":"fr-FR","potentialAction":[{"@type":"ReadAction","target":["https:\/\/www.couchbase.com\/use-cases\/product-catalog\/"]}]},{"@type":"BreadcrumbList","@id":"https:\/\/www.couchbase.com\/use-cases\/product-catalog\/#breadcrumb","itemListElement":[{"@type":"ListItem","position":1,"name":"Home","item":"https:\/\/www.couchbase.com\/"},{"@type":"ListItem","position":2,"name":"Product Catalog Management Use Case"}]},{"@type":"WebSite","@id":"https:\/\/www.couchbase.com\/fr\/#website","url":"https:\/\/www.couchbase.com\/fr\/","name":"Couchbase","description":"Encore un site The Couchbase Blog Sites","potentialAction":[{"@type":"SearchAction","target":{"@type":"EntryPoint","urlTemplate":"https:\/\/www.couchbase.com\/fr\/?s={search_term_string}"},"query-input":{"@type":"PropertyValueSpecification","valueRequired":true,"valueName":"search_term_string"}}],"inLanguage":"fr-FR"}]}},"acf":[],"_links":{"self":[{"href":"https:\/\/www.couchbase.com\/fr\/wp-json\/wp\/v2\/pages\/28604","targetHints":{"allow":["GET"]}}],"collection":[{"href":"https:\/\/www.couchbase.com\/fr\/wp-json\/wp\/v2\/pages"}],"about":[{"href":"https:\/\/www.couchbase.com\/fr\/wp-json\/wp\/v2\/types\/page"}],"author":[{"embeddable":true,"href":"https:\/\/www.couchbase.com\/fr\/wp-json\/wp\/v2\/users\/73510"}],"replies":[{"embeddable":true,"href":"https:\/\/www.couchbase.com\/fr\/wp-json\/wp\/v2\/comments?post=28604"}],"version-history":[{"count":0,"href":"https:\/\/www.couchbase.com\/fr\/wp-json\/wp\/v2\/pages\/28604\/revisions"}],"wp:attachment":[{"href":"https:\/\/www.couchbase.com\/fr\/wp-json\/wp\/v2\/media?parent=28604"}],"wp:term":[{"taxonomy":"category","embeddable":true,"href":"https:\/\/www.couchbase.com\/fr\/wp-json\/wp\/v2\/categories?post=28604"},{"taxonomy":"post_tag","embeddable":true,"href":"https:\/\/www.couchbase.com\/fr\/wp-json\/wp\/v2\/tags?post=28604"}],"curies":[{"name":"wp","href":"https:\/\/api.w.org\/{rel}","templated":true}]}}