{"id":27097,"date":"2023-11-28T16:19:01","date_gmt":"2023-11-29T00:19:01","guid":{"rendered":"https:\/\/www.couchbase.com\/?page_id=27097"},"modified":"2025-11-24T11:58:57","modified_gmt":"2025-11-24T19:58:57","slug":"products-capella-trust-1","status":"publish","type":"page","link":"https:\/\/www.couchbase.com\/fr\/products\/capella\/trust\/","title":{"rendered":"Confiance"},"content":{"rendered":"","protected":false},"excerpt":{"rendered":"","protected":false},"author":15093,"featured_media":0,"parent":0,"menu_order":0,"comment_status":"closed","ping_status":"closed","template":"shortcode-template.php","meta":{"_acf_changed":false,"inline_featured_image":false,"footnotes":""},"categories":[],"tags":[369],"class_list":["post-27097","page","type-page","status-publish","hentry","tag-products-and-features"],"yoast_head":"<!-- This site is optimized with the Yoast SEO Premium plugin v27.0 (Yoast SEO v27.0) - https:\/\/yoast.com\/product\/yoast-seo-premium-wordpress\/ -->\n<title>Cloud Trust Center - Capella | Couchbase<\/title>\n<meta name=\"description\" content=\"Couchbase Capella is committed to serving the security needs of all customers. Learn more about our approach here.\" \/>\n<meta name=\"robots\" content=\"index, follow, max-snippet:-1, max-image-preview:large, max-video-preview:-1\" \/>\n<link rel=\"canonical\" href=\"https:\/\/www.couchbase.com\/fr\/products\/capella\/trust\/\" \/>\n<meta property=\"og:locale\" content=\"fr_FR\" \/>\n<meta property=\"og:type\" content=\"article\" \/>\n<meta property=\"og:title\" content=\"Cloud Trust Center - Capella | Couchbase\" \/>\n<meta property=\"og:description\" content=\"Couchbase Capella is committed to serving the security needs of all customers. Learn more about our approach here.\" \/>\n<meta property=\"og:url\" content=\"https:\/\/www.couchbase.com\/fr\/products\/capella\/trust\/\" \/>\n<meta property=\"og:site_name\" content=\"Couchbase\" \/>\n<meta property=\"article:modified_time\" content=\"2025-11-24T19:58:57+00:00\" \/>\n<meta property=\"og:image\" content=\"https:\/\/www.couchbase.com\/wp-content\/uploads\/2023\/10\/CB-Meta-Image-1.png\" \/>\n\t<meta property=\"og:image:width\" content=\"1200\" \/>\n\t<meta property=\"og:image:height\" content=\"630\" \/>\n\t<meta property=\"og:image:type\" content=\"image\/png\" \/>\n<meta name=\"twitter:card\" content=\"summary_large_image\" \/>\n<meta name=\"twitter:title\" content=\"Cloud Trust Center - Capella | Couchbase\" \/>\n<meta name=\"twitter:description\" content=\"Couchbase Capella is committed to serving the security needs of all customers. Learn more about our approach here.\" \/>\n<script type=\"application\/ld+json\" class=\"yoast-schema-graph\">{\"@context\":\"https:\/\/schema.org\",\"@graph\":[{\"@type\":\"WebPage\",\"@id\":\"https:\/\/www.couchbase.com\/fr\/products\/capella\/trust\/\",\"url\":\"https:\/\/www.couchbase.com\/products\/capella\/trust\/\",\"name\":\"Cloud Trust Center - Capella | Couchbase\",\"isPartOf\":{\"@id\":\"https:\/\/www.couchbase.com\/fr\/#website\"},\"datePublished\":\"2023-11-29T00:19:01+00:00\",\"dateModified\":\"2025-11-24T19:58:57+00:00\",\"description\":\"Couchbase Capella is committed to serving the security needs of all customers. Learn more about our approach here.\",\"breadcrumb\":{\"@id\":\"https:\/\/www.couchbase.com\/products\/capella\/trust\/#breadcrumb\"},\"inLanguage\":\"fr-FR\",\"potentialAction\":[{\"@type\":\"ReadAction\",\"target\":[\"https:\/\/www.couchbase.com\/products\/capella\/trust\/\"]}]},{\"@type\":\"BreadcrumbList\",\"@id\":\"https:\/\/www.couchbase.com\/products\/capella\/trust\/#breadcrumb\",\"itemListElement\":[{\"@type\":\"ListItem\",\"position\":1,\"name\":\"Home\",\"item\":\"https:\/\/www.couchbase.com\/\"},{\"@type\":\"ListItem\",\"position\":2,\"name\":\"Trust\"}]},{\"@type\":\"WebSite\",\"@id\":\"https:\/\/www.couchbase.com\/fr\/#website\",\"url\":\"https:\/\/www.couchbase.com\/fr\/\",\"name\":\"Couchbase\",\"description\":\"Just another The Couchbase Blog Sites site\",\"potentialAction\":[{\"@type\":\"SearchAction\",\"target\":{\"@type\":\"EntryPoint\",\"urlTemplate\":\"https:\/\/www.couchbase.com\/fr\/?s={search_term_string}\"},\"query-input\":{\"@type\":\"PropertyValueSpecification\",\"valueRequired\":true,\"valueName\":\"search_term_string\"}}],\"inLanguage\":\"fr-FR\"}]}<\/script>\n<!-- \/ Yoast SEO Premium plugin. -->","yoast_head_json":{"title":"Cloud Trust Center - Capella | Couchbase","description":"Couchbase Capella s'engage \u00e0 r\u00e9pondre aux besoins de s\u00e9curit\u00e9 de tous ses clients. Pour en savoir plus sur notre approche, cliquez ici.","robots":{"index":"index","follow":"follow","max-snippet":"max-snippet:-1","max-image-preview":"max-image-preview:large","max-video-preview":"max-video-preview:-1"},"canonical":"https:\/\/www.couchbase.com\/fr\/products\/capella\/trust\/","og_locale":"fr_FR","og_type":"article","og_title":"Cloud Trust Center - Capella | Couchbase","og_description":"Couchbase Capella is committed to serving the security needs of all customers. Learn more about our approach here.","og_url":"https:\/\/www.couchbase.com\/fr\/products\/capella\/trust\/","og_site_name":"Couchbase","article_modified_time":"2025-11-24T19:58:57+00:00","og_image":[{"width":1200,"height":630,"url":"https:\/\/www.couchbase.com\/wp-content\/uploads\/2023\/10\/CB-Meta-Image-1.png","type":"image\/png"}],"twitter_card":"summary_large_image","twitter_title":"Cloud Trust Center - Capella | Couchbase","twitter_description":"Couchbase Capella is committed to serving the security needs of all customers. Learn more about our approach here.","schema":{"@context":"https:\/\/schema.org","@graph":[{"@type":"WebPage","@id":"https:\/\/www.couchbase.com\/fr\/products\/capella\/trust\/","url":"https:\/\/www.couchbase.com\/products\/capella\/trust\/","name":"Cloud Trust Center - Capella | Couchbase","isPartOf":{"@id":"https:\/\/www.couchbase.com\/fr\/#website"},"datePublished":"2023-11-29T00:19:01+00:00","dateModified":"2025-11-24T19:58:57+00:00","description":"Couchbase Capella s'engage \u00e0 r\u00e9pondre aux besoins de s\u00e9curit\u00e9 de tous ses clients. Pour en savoir plus sur notre approche, cliquez ici.","breadcrumb":{"@id":"https:\/\/www.couchbase.com\/products\/capella\/trust\/#breadcrumb"},"inLanguage":"fr-FR","potentialAction":[{"@type":"ReadAction","target":["https:\/\/www.couchbase.com\/products\/capella\/trust\/"]}]},{"@type":"BreadcrumbList","@id":"https:\/\/www.couchbase.com\/products\/capella\/trust\/#breadcrumb","itemListElement":[{"@type":"ListItem","position":1,"name":"Home","item":"https:\/\/www.couchbase.com\/"},{"@type":"ListItem","position":2,"name":"Trust"}]},{"@type":"WebSite","@id":"https:\/\/www.couchbase.com\/fr\/#website","url":"https:\/\/www.couchbase.com\/fr\/","name":"Couchbase","description":"Encore un site The Couchbase Blog Sites","potentialAction":[{"@type":"SearchAction","target":{"@type":"EntryPoint","urlTemplate":"https:\/\/www.couchbase.com\/fr\/?s={search_term_string}"},"query-input":{"@type":"PropertyValueSpecification","valueRequired":true,"valueName":"search_term_string"}}],"inLanguage":"fr-FR"}]}},"acf":[],"_links":{"self":[{"href":"https:\/\/www.couchbase.com\/fr\/wp-json\/wp\/v2\/pages\/27097","targetHints":{"allow":["GET"]}}],"collection":[{"href":"https:\/\/www.couchbase.com\/fr\/wp-json\/wp\/v2\/pages"}],"about":[{"href":"https:\/\/www.couchbase.com\/fr\/wp-json\/wp\/v2\/types\/page"}],"author":[{"embeddable":true,"href":"https:\/\/www.couchbase.com\/fr\/wp-json\/wp\/v2\/users\/15093"}],"replies":[{"embeddable":true,"href":"https:\/\/www.couchbase.com\/fr\/wp-json\/wp\/v2\/comments?post=27097"}],"version-history":[{"count":0,"href":"https:\/\/www.couchbase.com\/fr\/wp-json\/wp\/v2\/pages\/27097\/revisions"}],"wp:attachment":[{"href":"https:\/\/www.couchbase.com\/fr\/wp-json\/wp\/v2\/media?parent=27097"}],"wp:term":[{"taxonomy":"category","embeddable":true,"href":"https:\/\/www.couchbase.com\/fr\/wp-json\/wp\/v2\/categories?post=27097"},{"taxonomy":"post_tag","embeddable":true,"href":"https:\/\/www.couchbase.com\/fr\/wp-json\/wp\/v2\/tags?post=27097"}],"curies":[{"name":"wp","href":"https:\/\/api.w.org\/{rel}","templated":true}]}}