{"id":26223,"date":"2023-10-31T05:53:53","date_gmt":"2023-10-31T12:53:53","guid":{"rendered":"https:\/\/www.couchbase.com\/?page_id=26223"},"modified":"2025-06-19T13:41:22","modified_gmt":"2025-06-19T20:41:22","slug":"use-cases","status":"publish","type":"page","link":"https:\/\/www.couchbase.com\/fr\/use-cases\/","title":{"rendered":"Cas d'utilisation"},"content":{"rendered":"","protected":false},"excerpt":{"rendered":"","protected":false},"author":73510,"featured_media":0,"parent":0,"menu_order":0,"comment_status":"closed","ping_status":"closed","template":"shortcode-template.php","meta":{"_acf_changed":false,"inline_featured_image":false,"footnotes":""},"categories":[],"tags":[374],"class_list":["post-26223","page","type-page","status-publish","hentry","tag-use-cases"],"yoast_head":"<!-- This site is optimized with the Yoast SEO Premium plugin v27.3 (Yoast SEO v27.3) - https:\/\/yoast.com\/product\/yoast-seo-premium-wordpress\/ -->\n<title>NoSQL Use Cases Across Industries | Powered by Couchbase<\/title>\n<meta name=\"description\" content=\"Explore how Couchbase delivers real-world NoSQL use cases in retail, finance, healthcare, and more. Build fast, scalable apps with modern data flexibility.\" \/>\n<meta name=\"robots\" content=\"index, follow, max-snippet:-1, max-image-preview:large, max-video-preview:-1\" \/>\n<link rel=\"canonical\" href=\"https:\/\/www.couchbase.com\/fr\/use-cases\/\" \/>\n<meta property=\"og:locale\" content=\"fr_FR\" \/>\n<meta property=\"og:type\" content=\"article\" \/>\n<meta property=\"og:title\" content=\"Use Cases\" \/>\n<meta property=\"og:description\" content=\"Explore how Couchbase delivers real-world NoSQL use cases in retail, finance, healthcare, and more. Build fast, scalable apps with modern data flexibility.\" \/>\n<meta property=\"og:url\" content=\"https:\/\/www.couchbase.com\/fr\/use-cases\/\" \/>\n<meta property=\"og:site_name\" content=\"Couchbase\" \/>\n<meta property=\"article:modified_time\" content=\"2025-06-19T20:41:22+00:00\" \/>\n<meta property=\"og:image\" content=\"https:\/\/www.couchbase.com\/wp-content\/uploads\/2023\/10\/CB-Meta-Image-1.png\" \/>\n\t<meta property=\"og:image:width\" content=\"1200\" \/>\n\t<meta property=\"og:image:height\" content=\"630\" \/>\n\t<meta property=\"og:image:type\" content=\"image\/png\" \/>\n<meta name=\"twitter:card\" content=\"summary_large_image\" \/>\n<script type=\"application\/ld+json\" class=\"yoast-schema-graph\">{\"@context\":\"https:\\\/\\\/schema.org\",\"@graph\":[{\"@type\":\"WebPage\",\"@id\":\"https:\\\/\\\/www.couchbase.com\\\/fr\\\/use-cases\\\/\",\"url\":\"https:\\\/\\\/www.couchbase.com\\\/fr\\\/use-cases\\\/\",\"name\":\"NoSQL Use Cases Across Industries | Powered by Couchbase\",\"isPartOf\":{\"@id\":\"https:\\\/\\\/www.couchbase.com\\\/fr\\\/#website\"},\"datePublished\":\"2023-10-31T12:53:53+00:00\",\"dateModified\":\"2025-06-19T20:41:22+00:00\",\"description\":\"Explore how Couchbase delivers real-world NoSQL use cases in retail, finance, healthcare, and more. Build fast, scalable apps with modern data flexibility.\",\"breadcrumb\":{\"@id\":\"https:\\\/\\\/www.couchbase.com\\\/fr\\\/use-cases\\\/#breadcrumb\"},\"inLanguage\":\"fr-FR\",\"potentialAction\":[{\"@type\":\"ReadAction\",\"target\":[\"https:\\\/\\\/www.couchbase.com\\\/fr\\\/use-cases\\\/\"]}]},{\"@type\":\"BreadcrumbList\",\"@id\":\"https:\\\/\\\/www.couchbase.com\\\/fr\\\/use-cases\\\/#breadcrumb\",\"itemListElement\":[{\"@type\":\"ListItem\",\"position\":1,\"name\":\"Home\",\"item\":\"https:\\\/\\\/www.couchbase.com\\\/\"},{\"@type\":\"ListItem\",\"position\":2,\"name\":\"Use Cases\"}]},{\"@type\":\"WebSite\",\"@id\":\"https:\\\/\\\/www.couchbase.com\\\/fr\\\/#website\",\"url\":\"https:\\\/\\\/www.couchbase.com\\\/fr\\\/\",\"name\":\"Couchbase\",\"description\":\"Just another The Couchbase Blog Sites site\",\"potentialAction\":[{\"@type\":\"SearchAction\",\"target\":{\"@type\":\"EntryPoint\",\"urlTemplate\":\"https:\\\/\\\/www.couchbase.com\\\/fr\\\/?s={search_term_string}\"},\"query-input\":{\"@type\":\"PropertyValueSpecification\",\"valueRequired\":true,\"valueName\":\"search_term_string\"}}],\"inLanguage\":\"fr-FR\"}]}<\/script>\n<!-- \/ Yoast SEO Premium plugin. -->","yoast_head_json":{"title":"Cas d'utilisation NoSQL dans tous les secteurs d'activit\u00e9 - Powered by Couchbase","description":"D\u00e9couvrez comment Couchbase propose des cas d'utilisation NoSQL concrets dans les domaines de la vente au d\u00e9tail, de la finance, de la sant\u00e9, etc. Cr\u00e9ez des applications rapides et \u00e9volutives gr\u00e2ce \u00e0 la flexibilit\u00e9 des donn\u00e9es modernes.","robots":{"index":"index","follow":"follow","max-snippet":"max-snippet:-1","max-image-preview":"max-image-preview:large","max-video-preview":"max-video-preview:-1"},"canonical":"https:\/\/www.couchbase.com\/fr\/use-cases\/","og_locale":"fr_FR","og_type":"article","og_title":"Use Cases","og_description":"Explore how Couchbase delivers real-world NoSQL use cases in retail, finance, healthcare, and more. Build fast, scalable apps with modern data flexibility.","og_url":"https:\/\/www.couchbase.com\/fr\/use-cases\/","og_site_name":"Couchbase","article_modified_time":"2025-06-19T20:41:22+00:00","og_image":[{"width":1200,"height":630,"url":"https:\/\/www.couchbase.com\/wp-content\/uploads\/2023\/10\/CB-Meta-Image-1.png","type":"image\/png"}],"twitter_card":"summary_large_image","schema":{"@context":"https:\/\/schema.org","@graph":[{"@type":"WebPage","@id":"https:\/\/www.couchbase.com\/fr\/use-cases\/","url":"https:\/\/www.couchbase.com\/fr\/use-cases\/","name":"Cas d'utilisation NoSQL dans tous les secteurs d'activit\u00e9 - Powered by Couchbase","isPartOf":{"@id":"https:\/\/www.couchbase.com\/fr\/#website"},"datePublished":"2023-10-31T12:53:53+00:00","dateModified":"2025-06-19T20:41:22+00:00","description":"D\u00e9couvrez comment Couchbase propose des cas d'utilisation NoSQL concrets dans les domaines de la vente au d\u00e9tail, de la finance, de la sant\u00e9, etc. Cr\u00e9ez des applications rapides et \u00e9volutives gr\u00e2ce \u00e0 la flexibilit\u00e9 des donn\u00e9es modernes.","breadcrumb":{"@id":"https:\/\/www.couchbase.com\/fr\/use-cases\/#breadcrumb"},"inLanguage":"fr-FR","potentialAction":[{"@type":"ReadAction","target":["https:\/\/www.couchbase.com\/fr\/use-cases\/"]}]},{"@type":"BreadcrumbList","@id":"https:\/\/www.couchbase.com\/fr\/use-cases\/#breadcrumb","itemListElement":[{"@type":"ListItem","position":1,"name":"Home","item":"https:\/\/www.couchbase.com\/"},{"@type":"ListItem","position":2,"name":"Use Cases"}]},{"@type":"WebSite","@id":"https:\/\/www.couchbase.com\/fr\/#website","url":"https:\/\/www.couchbase.com\/fr\/","name":"Couchbase","description":"Encore un site The Couchbase Blog Sites","potentialAction":[{"@type":"SearchAction","target":{"@type":"EntryPoint","urlTemplate":"https:\/\/www.couchbase.com\/fr\/?s={search_term_string}"},"query-input":{"@type":"PropertyValueSpecification","valueRequired":true,"valueName":"search_term_string"}}],"inLanguage":"fr-FR"}]}},"acf":[],"_links":{"self":[{"href":"https:\/\/www.couchbase.com\/fr\/wp-json\/wp\/v2\/pages\/26223","targetHints":{"allow":["GET"]}}],"collection":[{"href":"https:\/\/www.couchbase.com\/fr\/wp-json\/wp\/v2\/pages"}],"about":[{"href":"https:\/\/www.couchbase.com\/fr\/wp-json\/wp\/v2\/types\/page"}],"author":[{"embeddable":true,"href":"https:\/\/www.couchbase.com\/fr\/wp-json\/wp\/v2\/users\/73510"}],"replies":[{"embeddable":true,"href":"https:\/\/www.couchbase.com\/fr\/wp-json\/wp\/v2\/comments?post=26223"}],"version-history":[{"count":0,"href":"https:\/\/www.couchbase.com\/fr\/wp-json\/wp\/v2\/pages\/26223\/revisions"}],"wp:attachment":[{"href":"https:\/\/www.couchbase.com\/fr\/wp-json\/wp\/v2\/media?parent=26223"}],"wp:term":[{"taxonomy":"category","embeddable":true,"href":"https:\/\/www.couchbase.com\/fr\/wp-json\/wp\/v2\/categories?post=26223"},{"taxonomy":"post_tag","embeddable":true,"href":"https:\/\/www.couchbase.com\/fr\/wp-json\/wp\/v2\/tags?post=26223"}],"curies":[{"name":"wp","href":"https:\/\/api.w.org\/{rel}","templated":true}]}}