{"id":16708,"date":"2022-06-27T03:57:07","date_gmt":"2022-06-27T10:57:07","guid":{"rendered":"https:\/\/staging.couchbase.com\/?page_id=16708"},"modified":"2026-01-19T04:50:36","modified_gmt":"2026-01-19T12:50:36","slug":"sql","status":"publish","type":"page","link":"https:\/\/www.couchbase.com\/fr\/sqlplusplus\/","title":{"rendered":"SQL++"},"content":{"rendered":"<h2>Exemples de requ\u00eates SQL<\/h2>\n<p class=\"para-18\"> Couchbase est \u00e0 l'avant-garde de l'adoption pr\u00e9coce de la sp\u00e9cification SQL++, l'utilisant pour d\u00e9bloquer l'interaction analytique des donn\u00e9es JSON dans le serveur Couchbase. En utilisant SQL++ comme base standardis\u00e9e pour les requ\u00eates, les utilisateurs b\u00e9n\u00e9ficient d'un transfert facile de leurs comp\u00e9tences des bases de donn\u00e9es relationnelles traditionnelles vers le domaine NoSQL. L'abaissement de la barri\u00e8re \u00e0 l'interrogation des bases de donn\u00e9es NoSQL est essentiel pour permettre aux entreprises d'extraire de la valeur de leurs donn\u00e9es JSON. N1QL for Analytics est le langage de requ\u00eate Couchbase construit sur SQL++.<\/p>","protected":false},"excerpt":{"rendered":"<p>SQL++ query examples Couchbase is leading the way in the early adoption of the SQL++ specification, using it to unlock analytical JSON data interaction in Couchbase Server. By using SQL++ as a standardized base for querying, users benefit by easily [&hellip;]<\/p>\n","protected":false},"author":15093,"featured_media":0,"parent":0,"menu_order":0,"comment_status":"closed","ping_status":"closed","template":"sqlplusplus.php","meta":{"_acf_changed":false,"inline_featured_image":false,"footnotes":""},"categories":[],"tags":[],"class_list":["post-16708","page","type-page","status-publish","hentry"],"yoast_head":"<!-- This site is optimized with the Yoast SEO Premium plugin v27.3 (Yoast SEO v27.3) - https:\/\/yoast.com\/product\/yoast-seo-premium-wordpress\/ -->\n<title>SQL++ - Query Language for Managing JSON Data | Couchbase<\/title>\n<meta name=\"description\" content=\"Querying complex JSON data has been made easy. The next-generation query language for managing JSON data is SQL++. Read the tutorial at Couchbase.\" \/>\n<meta name=\"robots\" content=\"index, follow, max-snippet:-1, max-image-preview:large, max-video-preview:-1\" \/>\n<link rel=\"canonical\" href=\"https:\/\/www.couchbase.com\/fr\/sqlplusplus\/\" \/>\n<meta property=\"og:locale\" content=\"fr_FR\" \/>\n<meta property=\"og:type\" content=\"article\" \/>\n<meta property=\"og:title\" content=\"SQL++ | Couchbase\" \/>\n<meta property=\"og:description\" content=\"Couchbase N1QL for Analytics is leading the way in the early adoption of the SQL++ specification, use it to write queries that unlock JSON data. See sample SQL++ in action and find related resources.\" \/>\n<meta property=\"og:url\" content=\"https:\/\/www.couchbase.com\/fr\/sqlplusplus\/\" \/>\n<meta property=\"og:site_name\" content=\"Couchbase\" \/>\n<meta property=\"article:modified_time\" content=\"2026-01-19T12:50:36+00:00\" \/>\n<meta property=\"og:image\" content=\"https:\/\/www.couchbase.com\/wp-content\/uploads\/2023\/10\/CB-Meta-Image-1.png\" \/>\n\t<meta property=\"og:image:width\" content=\"1200\" \/>\n\t<meta property=\"og:image:height\" content=\"630\" \/>\n\t<meta property=\"og:image:type\" content=\"image\/png\" \/>\n<meta name=\"twitter:card\" content=\"summary_large_image\" \/>\n<meta name=\"twitter:title\" content=\"SQL++ | Couchbase\" \/>\n<meta name=\"twitter:description\" content=\"Couchbase N1QL for Analytics is leading the way in the early adoption of the SQL++ specification, use it to write queries that unlock JSON data. See sample SQL++ in action and find related resources.\" \/>\n<meta name=\"twitter:label1\" content=\"Est. reading time\" \/>\n\t<meta name=\"twitter:data1\" content=\"1 minute\" \/>\n<script type=\"application\/ld+json\" class=\"yoast-schema-graph\">{\"@context\":\"https:\\\/\\\/schema.org\",\"@graph\":[{\"@type\":\"WebPage\",\"@id\":\"https:\\\/\\\/www.couchbase.com\\\/fr\\\/sqlplusplus\\\/\",\"url\":\"https:\\\/\\\/www.couchbase.com\\\/fr\\\/sqlplusplus\\\/\",\"name\":\"SQL++ - Query Language for Managing JSON Data | Couchbase\",\"isPartOf\":{\"@id\":\"https:\\\/\\\/www.couchbase.com\\\/fr\\\/#website\"},\"datePublished\":\"2022-06-27T10:57:07+00:00\",\"dateModified\":\"2026-01-19T12:50:36+00:00\",\"description\":\"Querying complex JSON data has been made easy. The next-generation query language for managing JSON data is SQL++. Read the tutorial at Couchbase.\",\"breadcrumb\":{\"@id\":\"https:\\\/\\\/www.couchbase.com\\\/fr\\\/sqlplusplus\\\/#breadcrumb\"},\"inLanguage\":\"fr-FR\",\"potentialAction\":[{\"@type\":\"ReadAction\",\"target\":[\"https:\\\/\\\/www.couchbase.com\\\/fr\\\/sqlplusplus\\\/\"]}]},{\"@type\":\"BreadcrumbList\",\"@id\":\"https:\\\/\\\/www.couchbase.com\\\/fr\\\/sqlplusplus\\\/#breadcrumb\",\"itemListElement\":[{\"@type\":\"ListItem\",\"position\":1,\"name\":\"Home\",\"item\":\"https:\\\/\\\/www.couchbase.com\\\/\"},{\"@type\":\"ListItem\",\"position\":2,\"name\":\"SQL++\"}]},{\"@type\":\"WebSite\",\"@id\":\"https:\\\/\\\/www.couchbase.com\\\/fr\\\/#website\",\"url\":\"https:\\\/\\\/www.couchbase.com\\\/fr\\\/\",\"name\":\"Couchbase\",\"description\":\"Just another The Couchbase Blog Sites site\",\"potentialAction\":[{\"@type\":\"SearchAction\",\"target\":{\"@type\":\"EntryPoint\",\"urlTemplate\":\"https:\\\/\\\/www.couchbase.com\\\/fr\\\/?s={search_term_string}\"},\"query-input\":{\"@type\":\"PropertyValueSpecification\",\"valueRequired\":true,\"valueName\":\"search_term_string\"}}],\"inLanguage\":\"fr-FR\"}]}<\/script>\n<!-- \/ Yoast SEO Premium plugin. -->","yoast_head_json":{"title":"SQL++ - Langage de requ\u00eate pour la gestion de donn\u00e9es JSON | Couchbase","description":"L'interrogation de donn\u00e9es JSON complexes a \u00e9t\u00e9 facilit\u00e9e. Le langage de requ\u00eate de nouvelle g\u00e9n\u00e9ration pour la gestion des donn\u00e9es JSON est SQL++. Lire le tutoriel sur Couchbase.","robots":{"index":"index","follow":"follow","max-snippet":"max-snippet:-1","max-image-preview":"max-image-preview:large","max-video-preview":"max-video-preview:-1"},"canonical":"https:\/\/www.couchbase.com\/fr\/sqlplusplus\/","og_locale":"fr_FR","og_type":"article","og_title":"SQL++ | Couchbase","og_description":"Couchbase N1QL for Analytics is leading the way in the early adoption of the SQL++ specification, use it to write queries that unlock JSON data. See sample SQL++ in action and find related resources.","og_url":"https:\/\/www.couchbase.com\/fr\/sqlplusplus\/","og_site_name":"Couchbase","article_modified_time":"2026-01-19T12:50:36+00:00","og_image":[{"width":1200,"height":630,"url":"https:\/\/www.couchbase.com\/wp-content\/uploads\/2023\/10\/CB-Meta-Image-1.png","type":"image\/png"}],"twitter_card":"summary_large_image","twitter_title":"SQL++ | Couchbase","twitter_description":"Couchbase N1QL for Analytics is leading the way in the early adoption of the SQL++ specification, use it to write queries that unlock JSON data. See sample SQL++ in action and find related resources.","twitter_misc":{"Est. reading time":"1 minute"},"schema":{"@context":"https:\/\/schema.org","@graph":[{"@type":"WebPage","@id":"https:\/\/www.couchbase.com\/fr\/sqlplusplus\/","url":"https:\/\/www.couchbase.com\/fr\/sqlplusplus\/","name":"SQL++ - Langage de requ\u00eate pour la gestion de donn\u00e9es JSON | Couchbase","isPartOf":{"@id":"https:\/\/www.couchbase.com\/fr\/#website"},"datePublished":"2022-06-27T10:57:07+00:00","dateModified":"2026-01-19T12:50:36+00:00","description":"L'interrogation de donn\u00e9es JSON complexes a \u00e9t\u00e9 facilit\u00e9e. Le langage de requ\u00eate de nouvelle g\u00e9n\u00e9ration pour la gestion des donn\u00e9es JSON est SQL++. Lire le tutoriel sur Couchbase.","breadcrumb":{"@id":"https:\/\/www.couchbase.com\/fr\/sqlplusplus\/#breadcrumb"},"inLanguage":"fr-FR","potentialAction":[{"@type":"ReadAction","target":["https:\/\/www.couchbase.com\/fr\/sqlplusplus\/"]}]},{"@type":"BreadcrumbList","@id":"https:\/\/www.couchbase.com\/fr\/sqlplusplus\/#breadcrumb","itemListElement":[{"@type":"ListItem","position":1,"name":"Home","item":"https:\/\/www.couchbase.com\/"},{"@type":"ListItem","position":2,"name":"SQL++"}]},{"@type":"WebSite","@id":"https:\/\/www.couchbase.com\/fr\/#website","url":"https:\/\/www.couchbase.com\/fr\/","name":"Couchbase","description":"Encore un site The Couchbase Blog Sites","potentialAction":[{"@type":"SearchAction","target":{"@type":"EntryPoint","urlTemplate":"https:\/\/www.couchbase.com\/fr\/?s={search_term_string}"},"query-input":{"@type":"PropertyValueSpecification","valueRequired":true,"valueName":"search_term_string"}}],"inLanguage":"fr-FR"}]}},"acf":[],"_links":{"self":[{"href":"https:\/\/www.couchbase.com\/fr\/wp-json\/wp\/v2\/pages\/16708","targetHints":{"allow":["GET"]}}],"collection":[{"href":"https:\/\/www.couchbase.com\/fr\/wp-json\/wp\/v2\/pages"}],"about":[{"href":"https:\/\/www.couchbase.com\/fr\/wp-json\/wp\/v2\/types\/page"}],"author":[{"embeddable":true,"href":"https:\/\/www.couchbase.com\/fr\/wp-json\/wp\/v2\/users\/15093"}],"replies":[{"embeddable":true,"href":"https:\/\/www.couchbase.com\/fr\/wp-json\/wp\/v2\/comments?post=16708"}],"version-history":[{"count":0,"href":"https:\/\/www.couchbase.com\/fr\/wp-json\/wp\/v2\/pages\/16708\/revisions"}],"wp:attachment":[{"href":"https:\/\/www.couchbase.com\/fr\/wp-json\/wp\/v2\/media?parent=16708"}],"wp:term":[{"taxonomy":"category","embeddable":true,"href":"https:\/\/www.couchbase.com\/fr\/wp-json\/wp\/v2\/categories?post=16708"},{"taxonomy":"post_tag","embeddable":true,"href":"https:\/\/www.couchbase.com\/fr\/wp-json\/wp\/v2\/tags?post=16708"}],"curies":[{"name":"wp","href":"https:\/\/api.w.org\/{rel}","templated":true}]}}