{"id":13622,"date":"2022-03-01T00:32:13","date_gmt":"2022-03-01T08:32:13","guid":{"rendered":"https:\/\/cbmigrationstg.wpengine.com\/?page_id=13622&#038;preview_id=13622"},"modified":"2025-04-16T04:18:15","modified_gmt":"2025-04-16T11:18:15","slug":"tommy-hilfiger","status":"publish","type":"page","link":"https:\/\/www.couchbase.com\/fr\/customers\/tommy-hilfiger\/","title":{"rendered":"Tommy Hilfiger"},"content":{"rendered":"","protected":false},"excerpt":{"rendered":"","protected":false},"author":73510,"featured_media":0,"parent":0,"menu_order":0,"comment_status":"closed","ping_status":"closed","template":"customers-child.php","meta":{"_acf_changed":false,"inline_featured_image":false,"footnotes":""},"categories":[],"tags":[364],"class_list":["post-13622","page","type-page","status-publish","hentry","tag-customers"],"yoast_head":"<!-- This site is optimized with the Yoast SEO Premium plugin v27.3 (Yoast SEO v27.3) - https:\/\/yoast.com\/product\/yoast-seo-premium-wordpress\/ -->\n<title>Tommy Hilfiger \u2013 NoSQL Customer Success and Case Studies | Couchbase<\/title>\n<meta name=\"description\" content=\"See how Couchbase is helping Tommy Hilfiger revolutionize the fashion industry with digital showrooms that cut costs and speed new products to market.\" \/>\n<meta name=\"robots\" content=\"index, follow, max-snippet:-1, max-image-preview:large, max-video-preview:-1\" \/>\n<link rel=\"canonical\" href=\"https:\/\/www.couchbase.com\/fr\/customers\/tommy-hilfiger\/\" \/>\n<meta property=\"og:locale\" content=\"fr_FR\" \/>\n<meta property=\"og:type\" content=\"article\" \/>\n<meta property=\"og:title\" content=\"Tommy Hilfiger\" \/>\n<meta property=\"og:description\" content=\"See how Couchbase is helping Tommy Hilfiger revolutionize the fashion industry with digital showrooms that cut costs and speed new products to market.\" \/>\n<meta property=\"og:url\" content=\"https:\/\/www.couchbase.com\/fr\/customers\/tommy-hilfiger\/\" \/>\n<meta property=\"og:site_name\" content=\"Couchbase\" \/>\n<meta property=\"article:modified_time\" content=\"2025-04-16T11:18:15+00:00\" \/>\n<meta property=\"og:image\" content=\"https:\/\/www.couchbase.com\/wp-content\/uploads\/2023\/10\/CB-Meta-Image-1.png\" \/>\n\t<meta property=\"og:image:width\" content=\"1200\" \/>\n\t<meta property=\"og:image:height\" content=\"630\" \/>\n\t<meta property=\"og:image:type\" content=\"image\/png\" \/>\n<meta name=\"twitter:card\" content=\"summary_large_image\" \/>\n<script type=\"application\/ld+json\" class=\"yoast-schema-graph\">{\"@context\":\"https:\\\/\\\/schema.org\",\"@graph\":[{\"@type\":\"WebPage\",\"@id\":\"https:\\\/\\\/www.couchbase.com\\\/fr\\\/customers\\\/tommy-hilfiger\\\/\",\"url\":\"https:\\\/\\\/www.couchbase.com\\\/fr\\\/customers\\\/tommy-hilfiger\\\/\",\"name\":\"Tommy Hilfiger \u2013 NoSQL Customer Success and Case Studies | Couchbase\",\"isPartOf\":{\"@id\":\"https:\\\/\\\/www.couchbase.com\\\/fr\\\/#website\"},\"datePublished\":\"2022-03-01T08:32:13+00:00\",\"dateModified\":\"2025-04-16T11:18:15+00:00\",\"description\":\"See how Couchbase is helping Tommy Hilfiger revolutionize the fashion industry with digital showrooms that cut costs and speed new products to market.\",\"breadcrumb\":{\"@id\":\"https:\\\/\\\/www.couchbase.com\\\/fr\\\/customers\\\/tommy-hilfiger\\\/#breadcrumb\"},\"inLanguage\":\"fr-FR\",\"potentialAction\":[{\"@type\":\"ReadAction\",\"target\":[\"https:\\\/\\\/www.couchbase.com\\\/fr\\\/customers\\\/tommy-hilfiger\\\/\"]}]},{\"@type\":\"BreadcrumbList\",\"@id\":\"https:\\\/\\\/www.couchbase.com\\\/fr\\\/customers\\\/tommy-hilfiger\\\/#breadcrumb\",\"itemListElement\":[{\"@type\":\"ListItem\",\"position\":1,\"name\":\"Home\",\"item\":\"https:\\\/\\\/www.couchbase.com\\\/\"},{\"@type\":\"ListItem\",\"position\":2,\"name\":\"Tommy Hilfiger\"}]},{\"@type\":\"WebSite\",\"@id\":\"https:\\\/\\\/www.couchbase.com\\\/fr\\\/#website\",\"url\":\"https:\\\/\\\/www.couchbase.com\\\/fr\\\/\",\"name\":\"Couchbase\",\"description\":\"Just another The Couchbase Blog Sites site\",\"potentialAction\":[{\"@type\":\"SearchAction\",\"target\":{\"@type\":\"EntryPoint\",\"urlTemplate\":\"https:\\\/\\\/www.couchbase.com\\\/fr\\\/?s={search_term_string}\"},\"query-input\":{\"@type\":\"PropertyValueSpecification\",\"valueRequired\":true,\"valueName\":\"search_term_string\"}}],\"inLanguage\":\"fr-FR\"}]}<\/script>\n<!-- \/ Yoast SEO Premium plugin. -->","yoast_head_json":{"title":"Tommy Hilfiger - NoSQL Customer Success and Case Studies | Couchbase","description":"D\u00e9couvrez comment Couchbase aide Tommy Hilfiger \u00e0 r\u00e9volutionner l'industrie de la mode avec des salles d'exposition num\u00e9riques qui r\u00e9duisent les co\u00fbts et acc\u00e9l\u00e8rent la mise sur le march\u00e9 de nouveaux produits.","robots":{"index":"index","follow":"follow","max-snippet":"max-snippet:-1","max-image-preview":"max-image-preview:large","max-video-preview":"max-video-preview:-1"},"canonical":"https:\/\/www.couchbase.com\/fr\/customers\/tommy-hilfiger\/","og_locale":"fr_FR","og_type":"article","og_title":"Tommy Hilfiger","og_description":"See how Couchbase is helping Tommy Hilfiger revolutionize the fashion industry with digital showrooms that cut costs and speed new products to market.","og_url":"https:\/\/www.couchbase.com\/fr\/customers\/tommy-hilfiger\/","og_site_name":"Couchbase","article_modified_time":"2025-04-16T11:18:15+00:00","og_image":[{"width":1200,"height":630,"url":"https:\/\/www.couchbase.com\/wp-content\/uploads\/2023\/10\/CB-Meta-Image-1.png","type":"image\/png"}],"twitter_card":"summary_large_image","schema":{"@context":"https:\/\/schema.org","@graph":[{"@type":"WebPage","@id":"https:\/\/www.couchbase.com\/fr\/customers\/tommy-hilfiger\/","url":"https:\/\/www.couchbase.com\/fr\/customers\/tommy-hilfiger\/","name":"Tommy Hilfiger - NoSQL Customer Success and Case Studies | Couchbase","isPartOf":{"@id":"https:\/\/www.couchbase.com\/fr\/#website"},"datePublished":"2022-03-01T08:32:13+00:00","dateModified":"2025-04-16T11:18:15+00:00","description":"D\u00e9couvrez comment Couchbase aide Tommy Hilfiger \u00e0 r\u00e9volutionner l'industrie de la mode avec des salles d'exposition num\u00e9riques qui r\u00e9duisent les co\u00fbts et acc\u00e9l\u00e8rent la mise sur le march\u00e9 de nouveaux produits.","breadcrumb":{"@id":"https:\/\/www.couchbase.com\/fr\/customers\/tommy-hilfiger\/#breadcrumb"},"inLanguage":"fr-FR","potentialAction":[{"@type":"ReadAction","target":["https:\/\/www.couchbase.com\/fr\/customers\/tommy-hilfiger\/"]}]},{"@type":"BreadcrumbList","@id":"https:\/\/www.couchbase.com\/fr\/customers\/tommy-hilfiger\/#breadcrumb","itemListElement":[{"@type":"ListItem","position":1,"name":"Home","item":"https:\/\/www.couchbase.com\/"},{"@type":"ListItem","position":2,"name":"Tommy Hilfiger"}]},{"@type":"WebSite","@id":"https:\/\/www.couchbase.com\/fr\/#website","url":"https:\/\/www.couchbase.com\/fr\/","name":"Couchbase","description":"Encore un site The Couchbase Blog Sites","potentialAction":[{"@type":"SearchAction","target":{"@type":"EntryPoint","urlTemplate":"https:\/\/www.couchbase.com\/fr\/?s={search_term_string}"},"query-input":{"@type":"PropertyValueSpecification","valueRequired":true,"valueName":"search_term_string"}}],"inLanguage":"fr-FR"}]}},"acf":[],"_links":{"self":[{"href":"https:\/\/www.couchbase.com\/fr\/wp-json\/wp\/v2\/pages\/13622","targetHints":{"allow":["GET"]}}],"collection":[{"href":"https:\/\/www.couchbase.com\/fr\/wp-json\/wp\/v2\/pages"}],"about":[{"href":"https:\/\/www.couchbase.com\/fr\/wp-json\/wp\/v2\/types\/page"}],"author":[{"embeddable":true,"href":"https:\/\/www.couchbase.com\/fr\/wp-json\/wp\/v2\/users\/73510"}],"replies":[{"embeddable":true,"href":"https:\/\/www.couchbase.com\/fr\/wp-json\/wp\/v2\/comments?post=13622"}],"version-history":[{"count":0,"href":"https:\/\/www.couchbase.com\/fr\/wp-json\/wp\/v2\/pages\/13622\/revisions"}],"wp:attachment":[{"href":"https:\/\/www.couchbase.com\/fr\/wp-json\/wp\/v2\/media?parent=13622"}],"wp:term":[{"taxonomy":"category","embeddable":true,"href":"https:\/\/www.couchbase.com\/fr\/wp-json\/wp\/v2\/categories?post=13622"},{"taxonomy":"post_tag","embeddable":true,"href":"https:\/\/www.couchbase.com\/fr\/wp-json\/wp\/v2\/tags?post=13622"}],"curies":[{"name":"wp","href":"https:\/\/api.w.org\/{rel}","templated":true}]}}