{"id":13573,"date":"2022-02-28T06:03:39","date_gmt":"2022-02-28T14:03:39","guid":{"rendered":"https:\/\/cbmigrationstg.wpengine.com\/?page_id=13573"},"modified":"2025-05-22T08:02:24","modified_gmt":"2025-05-22T15:02:24","slug":"fico","status":"publish","type":"page","link":"https:\/\/www.couchbase.com\/fr\/customers\/fico\/","title":{"rendered":"fico"},"content":{"rendered":"","protected":false},"excerpt":{"rendered":"","protected":false},"author":73510,"featured_media":0,"parent":0,"menu_order":0,"comment_status":"closed","ping_status":"closed","template":"customers-child.php","meta":{"_acf_changed":false,"inline_featured_image":false,"footnotes":""},"categories":[],"tags":[364],"class_list":["post-13573","page","type-page","status-publish","hentry","tag-customers"],"yoast_head":"<!-- This site is optimized with the Yoast SEO Premium plugin v27.0 (Yoast SEO v27.0) - https:\/\/yoast.com\/product\/yoast-seo-premium-wordpress\/ -->\n<title>FICO \u2013 NoSQL Customer Case Study | Couchbase<\/title>\n<meta name=\"description\" content=\"Fico&#039;s fraud detection platform is #1 in the world. See why they selected Couchbase over Cassandra and MongoDB.\" \/>\n<meta name=\"robots\" content=\"index, follow, max-snippet:-1, max-image-preview:large, max-video-preview:-1\" \/>\n<link rel=\"canonical\" href=\"https:\/\/www.couchbase.com\/fr\/customers\/fico\/\" \/>\n<meta property=\"og:locale\" content=\"fr_FR\" \/>\n<meta property=\"og:type\" content=\"article\" \/>\n<meta property=\"og:title\" content=\"FICO \u2013 NoSQL Customer Case Study | Couchbase\" \/>\n<meta property=\"og:description\" content=\"Fico&#039;s fraud detection platform is #1 in the world. See why they selected Couchbase over Cassandra and MongoDB.\" \/>\n<meta property=\"og:url\" content=\"https:\/\/www.couchbase.com\/fr\/customers\/fico\/\" \/>\n<meta property=\"og:site_name\" content=\"Couchbase\" \/>\n<meta property=\"article:modified_time\" content=\"2025-05-22T15:02:24+00:00\" \/>\n<meta property=\"og:image\" content=\"https:\/\/www.couchbase.com\/wp-content\/uploads\/2025\/05\/1532-Fico-Meta-Image.png\" \/>\n\t<meta property=\"og:image:width\" content=\"2500\" \/>\n\t<meta property=\"og:image:height\" content=\"1309\" \/>\n\t<meta property=\"og:image:type\" content=\"image\/png\" \/>\n<meta name=\"twitter:card\" content=\"summary_large_image\" \/>\n<meta name=\"twitter:title\" content=\"FICO \u2013 NoSQL Customer Case Study | Couchbase\" \/>\n<meta name=\"twitter:description\" content=\"Fico&#039;s fraud detection platform is #1 in the world. See why they selected Couchbase over Cassandra and MongoDB.\" \/>\n<script type=\"application\/ld+json\" class=\"yoast-schema-graph\">{\"@context\":\"https:\/\/schema.org\",\"@graph\":[{\"@type\":\"WebPage\",\"@id\":\"https:\/\/www.couchbase.com\/fr\/customers\/fico\/\",\"url\":\"https:\/\/www.couchbase.com\/fr\/customers\/fico\/\",\"name\":\"FICO \u2013 NoSQL Customer Case Study | Couchbase\",\"isPartOf\":{\"@id\":\"https:\/\/www.couchbase.com\/fr\/#website\"},\"datePublished\":\"2022-02-28T14:03:39+00:00\",\"dateModified\":\"2025-05-22T15:02:24+00:00\",\"description\":\"Fico's fraud detection platform is #1 in the world. See why they selected Couchbase over Cassandra and MongoDB.\",\"breadcrumb\":{\"@id\":\"https:\/\/www.couchbase.com\/fr\/customers\/fico\/#breadcrumb\"},\"inLanguage\":\"fr-FR\",\"potentialAction\":[{\"@type\":\"ReadAction\",\"target\":[\"https:\/\/www.couchbase.com\/fr\/customers\/fico\/\"]}]},{\"@type\":\"BreadcrumbList\",\"@id\":\"https:\/\/www.couchbase.com\/fr\/customers\/fico\/#breadcrumb\",\"itemListElement\":[{\"@type\":\"ListItem\",\"position\":1,\"name\":\"Home\",\"item\":\"https:\/\/www.couchbase.com\/\"},{\"@type\":\"ListItem\",\"position\":2,\"name\":\"fico\"}]},{\"@type\":\"WebSite\",\"@id\":\"https:\/\/www.couchbase.com\/fr\/#website\",\"url\":\"https:\/\/www.couchbase.com\/fr\/\",\"name\":\"Couchbase\",\"description\":\"Just another The Couchbase Blog Sites site\",\"potentialAction\":[{\"@type\":\"SearchAction\",\"target\":{\"@type\":\"EntryPoint\",\"urlTemplate\":\"https:\/\/www.couchbase.com\/fr\/?s={search_term_string}\"},\"query-input\":{\"@type\":\"PropertyValueSpecification\",\"valueRequired\":true,\"valueName\":\"search_term_string\"}}],\"inLanguage\":\"fr-FR\"}]}<\/script>\n<!-- \/ Yoast SEO Premium plugin. -->","yoast_head_json":{"title":"FICO - \u00c9tude de cas client NoSQL - Couchbase","description":"La plateforme de d\u00e9tection des fraudes de Fico est #1 dans le monde. D\u00e9couvrez pourquoi ils ont choisi Couchbase plut\u00f4t que Cassandra et MongoDB.","robots":{"index":"index","follow":"follow","max-snippet":"max-snippet:-1","max-image-preview":"max-image-preview:large","max-video-preview":"max-video-preview:-1"},"canonical":"https:\/\/www.couchbase.com\/fr\/customers\/fico\/","og_locale":"fr_FR","og_type":"article","og_title":"FICO \u2013 NoSQL Customer Case Study | Couchbase","og_description":"Fico's fraud detection platform is #1 in the world. See why they selected Couchbase over Cassandra and MongoDB.","og_url":"https:\/\/www.couchbase.com\/fr\/customers\/fico\/","og_site_name":"Couchbase","article_modified_time":"2025-05-22T15:02:24+00:00","og_image":[{"width":2500,"height":1309,"url":"https:\/\/www.couchbase.com\/wp-content\/uploads\/2025\/05\/1532-Fico-Meta-Image.png","type":"image\/png"}],"twitter_card":"summary_large_image","twitter_title":"FICO \u2013 NoSQL Customer Case Study | Couchbase","twitter_description":"Fico's fraud detection platform is #1 in the world. See why they selected Couchbase over Cassandra and MongoDB.","schema":{"@context":"https:\/\/schema.org","@graph":[{"@type":"WebPage","@id":"https:\/\/www.couchbase.com\/fr\/customers\/fico\/","url":"https:\/\/www.couchbase.com\/fr\/customers\/fico\/","name":"FICO - \u00c9tude de cas client NoSQL - Couchbase","isPartOf":{"@id":"https:\/\/www.couchbase.com\/fr\/#website"},"datePublished":"2022-02-28T14:03:39+00:00","dateModified":"2025-05-22T15:02:24+00:00","description":"La plateforme de d\u00e9tection des fraudes de Fico est #1 dans le monde. D\u00e9couvrez pourquoi ils ont choisi Couchbase plut\u00f4t que Cassandra et MongoDB.","breadcrumb":{"@id":"https:\/\/www.couchbase.com\/fr\/customers\/fico\/#breadcrumb"},"inLanguage":"fr-FR","potentialAction":[{"@type":"ReadAction","target":["https:\/\/www.couchbase.com\/fr\/customers\/fico\/"]}]},{"@type":"BreadcrumbList","@id":"https:\/\/www.couchbase.com\/fr\/customers\/fico\/#breadcrumb","itemListElement":[{"@type":"ListItem","position":1,"name":"Home","item":"https:\/\/www.couchbase.com\/"},{"@type":"ListItem","position":2,"name":"fico"}]},{"@type":"WebSite","@id":"https:\/\/www.couchbase.com\/fr\/#website","url":"https:\/\/www.couchbase.com\/fr\/","name":"Couchbase","description":"Encore un site The Couchbase Blog Sites","potentialAction":[{"@type":"SearchAction","target":{"@type":"EntryPoint","urlTemplate":"https:\/\/www.couchbase.com\/fr\/?s={search_term_string}"},"query-input":{"@type":"PropertyValueSpecification","valueRequired":true,"valueName":"search_term_string"}}],"inLanguage":"fr-FR"}]}},"acf":[],"_links":{"self":[{"href":"https:\/\/www.couchbase.com\/fr\/wp-json\/wp\/v2\/pages\/13573","targetHints":{"allow":["GET"]}}],"collection":[{"href":"https:\/\/www.couchbase.com\/fr\/wp-json\/wp\/v2\/pages"}],"about":[{"href":"https:\/\/www.couchbase.com\/fr\/wp-json\/wp\/v2\/types\/page"}],"author":[{"embeddable":true,"href":"https:\/\/www.couchbase.com\/fr\/wp-json\/wp\/v2\/users\/73510"}],"replies":[{"embeddable":true,"href":"https:\/\/www.couchbase.com\/fr\/wp-json\/wp\/v2\/comments?post=13573"}],"version-history":[{"count":0,"href":"https:\/\/www.couchbase.com\/fr\/wp-json\/wp\/v2\/pages\/13573\/revisions"}],"wp:attachment":[{"href":"https:\/\/www.couchbase.com\/fr\/wp-json\/wp\/v2\/media?parent=13573"}],"wp:term":[{"taxonomy":"category","embeddable":true,"href":"https:\/\/www.couchbase.com\/fr\/wp-json\/wp\/v2\/categories?post=13573"},{"taxonomy":"post_tag","embeddable":true,"href":"https:\/\/www.couchbase.com\/fr\/wp-json\/wp\/v2\/tags?post=13573"}],"curies":[{"name":"wp","href":"https:\/\/api.w.org\/{rel}","templated":true}]}}