{"id":36253,"date":"2026-04-30T10:12:00","date_gmt":"2026-04-30T17:12:00","guid":{"rendered":"https:\/\/www.couchbase.com\/?page_id=36253"},"modified":"2026-04-30T10:12:00","modified_gmt":"2026-04-30T17:12:00","slug":"clouddbday","status":"publish","type":"page","link":"https:\/\/www.couchbase.com\/es\/clouddbday\/","title":{"rendered":"D\u00eda Nacional de las Bases de Datos en la Nube"},"content":{"rendered":"","protected":false},"excerpt":{"rendered":"","protected":false},"author":83912,"featured_media":0,"parent":0,"menu_order":0,"comment_status":"closed","ping_status":"closed","template":"flexible-components.php","meta":{"_acf_changed":false,"inline_featured_image":false,"footnotes":""},"categories":[],"tags":[],"class_list":["post-36253","page","type-page","status-publish","hentry"],"yoast_head":"<!-- This site is optimized with the Yoast SEO Premium plugin v27.3 (Yoast SEO v27.3) - https:\/\/yoast.com\/product\/yoast-seo-premium-wordpress\/ -->\n<title>National Cloud Database Day \u2013 June 1 | Couchbase<\/title>\n<meta name=\"description\" content=\"National Cloud Database Day recognizes cloud databases across all industries. Find out how you can celebrate this day with Couchbase on June 1!\" \/>\n<meta name=\"robots\" content=\"index, follow, max-snippet:-1, max-image-preview:large, max-video-preview:-1\" \/>\n<link rel=\"canonical\" href=\"https:\/\/www.couchbase.com\/es\/clouddbday\/\" \/>\n<meta property=\"og:locale\" content=\"es_MX\" \/>\n<meta property=\"og:type\" content=\"article\" \/>\n<meta property=\"og:title\" content=\"National Cloud Database Day \u2013 June 1 | Couchbase\" \/>\n<meta property=\"og:description\" content=\"National Cloud Database Day recognizes cloud databases across all industries. Find out how you can celebrate this day with Couchbase on June 1!\" \/>\n<meta property=\"og:url\" content=\"https:\/\/www.couchbase.com\/es\/clouddbday\/\" \/>\n<meta property=\"og:site_name\" content=\"Couchbase\" \/>\n<meta property=\"og:image\" content=\"https:\/\/www.couchbase.com\/wp-content\/uploads\/2023\/10\/CB-Meta-Image-1.png\" \/>\n\t<meta property=\"og:image:width\" content=\"1200\" \/>\n\t<meta property=\"og:image:height\" content=\"630\" \/>\n\t<meta property=\"og:image:type\" content=\"image\/png\" \/>\n<meta name=\"twitter:card\" content=\"summary_large_image\" \/>\n<meta name=\"twitter:title\" content=\"National Cloud Database Day \u2013 June 1 | Couchbase\" \/>\n<meta name=\"twitter:description\" content=\"National Cloud Database Day recognizes cloud databases across all industries. Find out how you can celebrate this day with Couchbase on June 1!\" \/>\n<script type=\"application\/ld+json\" class=\"yoast-schema-graph\">{\"@context\":\"https:\\\/\\\/schema.org\",\"@graph\":[{\"@type\":\"WebPage\",\"@id\":\"https:\\\/\\\/www.couchbase.com\\\/es\\\/clouddbday\\\/\",\"url\":\"https:\\\/\\\/www.couchbase.com\\\/es\\\/clouddbday\\\/\",\"name\":\"National Cloud Database Day \u2013 June 1 | Couchbase\",\"isPartOf\":{\"@id\":\"https:\\\/\\\/www.couchbase.com\\\/es\\\/#website\"},\"datePublished\":\"2026-04-30T17:12:00+00:00\",\"description\":\"National Cloud Database Day recognizes cloud databases across all industries. Find out how you can celebrate this day with Couchbase on June 1!\",\"breadcrumb\":{\"@id\":\"https:\\\/\\\/www.couchbase.com\\\/es\\\/clouddbday\\\/#breadcrumb\"},\"inLanguage\":\"es\",\"potentialAction\":[{\"@type\":\"ReadAction\",\"target\":[\"https:\\\/\\\/www.couchbase.com\\\/es\\\/clouddbday\\\/\"]}]},{\"@type\":\"BreadcrumbList\",\"@id\":\"https:\\\/\\\/www.couchbase.com\\\/es\\\/clouddbday\\\/#breadcrumb\",\"itemListElement\":[{\"@type\":\"ListItem\",\"position\":1,\"name\":\"Home\",\"item\":\"https:\\\/\\\/www.couchbase.com\\\/\"},{\"@type\":\"ListItem\",\"position\":2,\"name\":\"National Cloud Database Day\"}]},{\"@type\":\"WebSite\",\"@id\":\"https:\\\/\\\/www.couchbase.com\\\/es\\\/#website\",\"url\":\"https:\\\/\\\/www.couchbase.com\\\/es\\\/\",\"name\":\"Couchbase\",\"description\":\"Just another The Couchbase Blog Sites site\",\"potentialAction\":[{\"@type\":\"SearchAction\",\"target\":{\"@type\":\"EntryPoint\",\"urlTemplate\":\"https:\\\/\\\/www.couchbase.com\\\/es\\\/?s={search_term_string}\"},\"query-input\":{\"@type\":\"PropertyValueSpecification\",\"valueRequired\":true,\"valueName\":\"search_term_string\"}}],\"inLanguage\":\"es\"}]}<\/script>\n<!-- \/ Yoast SEO Premium plugin. -->","yoast_head_json":{"title":"D\u00eda Nacional de las Bases de Datos en la Nube - 1 de junio | Couchbase","description":"El D\u00eda Nacional de las Bases de Datos en la Nube reconoce las bases de datos en la nube en todos los sectores. Descubre c\u00f3mo puedes celebrar este d\u00eda con Couchbase el 1 de junio.","robots":{"index":"index","follow":"follow","max-snippet":"max-snippet:-1","max-image-preview":"max-image-preview:large","max-video-preview":"max-video-preview:-1"},"canonical":"https:\/\/www.couchbase.com\/es\/clouddbday\/","og_locale":"es_MX","og_type":"article","og_title":"National Cloud Database Day \u2013 June 1 | Couchbase","og_description":"National Cloud Database Day recognizes cloud databases across all industries. Find out how you can celebrate this day with Couchbase on June 1!","og_url":"https:\/\/www.couchbase.com\/es\/clouddbday\/","og_site_name":"Couchbase","og_image":[{"width":1200,"height":630,"url":"https:\/\/www.couchbase.com\/wp-content\/uploads\/2023\/10\/CB-Meta-Image-1.png","type":"image\/png"}],"twitter_card":"summary_large_image","twitter_title":"National Cloud Database Day \u2013 June 1 | Couchbase","twitter_description":"National Cloud Database Day recognizes cloud databases across all industries. Find out how you can celebrate this day with Couchbase on June 1!","schema":{"@context":"https:\/\/schema.org","@graph":[{"@type":"WebPage","@id":"https:\/\/www.couchbase.com\/es\/clouddbday\/","url":"https:\/\/www.couchbase.com\/es\/clouddbday\/","name":"D\u00eda Nacional de las Bases de Datos en la Nube - 1 de junio | Couchbase","isPartOf":{"@id":"https:\/\/www.couchbase.com\/es\/#website"},"datePublished":"2026-04-30T17:12:00+00:00","description":"El D\u00eda Nacional de las Bases de Datos en la Nube reconoce las bases de datos en la nube en todos los sectores. Descubre c\u00f3mo puedes celebrar este d\u00eda con Couchbase el 1 de junio.","breadcrumb":{"@id":"https:\/\/www.couchbase.com\/es\/clouddbday\/#breadcrumb"},"inLanguage":"es","potentialAction":[{"@type":"ReadAction","target":["https:\/\/www.couchbase.com\/es\/clouddbday\/"]}]},{"@type":"BreadcrumbList","@id":"https:\/\/www.couchbase.com\/es\/clouddbday\/#breadcrumb","itemListElement":[{"@type":"ListItem","position":1,"name":"Home","item":"https:\/\/www.couchbase.com\/"},{"@type":"ListItem","position":2,"name":"National Cloud Database Day"}]},{"@type":"WebSite","@id":"https:\/\/www.couchbase.com\/es\/#website","url":"https:\/\/www.couchbase.com\/es\/","name":"Couchbase","description":"Otro sitio de The Couchbase Blog Sites","potentialAction":[{"@type":"SearchAction","target":{"@type":"EntryPoint","urlTemplate":"https:\/\/www.couchbase.com\/es\/?s={search_term_string}"},"query-input":{"@type":"PropertyValueSpecification","valueRequired":true,"valueName":"search_term_string"}}],"inLanguage":"es"}]}},"acf":[],"_links":{"self":[{"href":"https:\/\/www.couchbase.com\/es\/wp-json\/wp\/v2\/pages\/36253","targetHints":{"allow":["GET"]}}],"collection":[{"href":"https:\/\/www.couchbase.com\/es\/wp-json\/wp\/v2\/pages"}],"about":[{"href":"https:\/\/www.couchbase.com\/es\/wp-json\/wp\/v2\/types\/page"}],"author":[{"embeddable":true,"href":"https:\/\/www.couchbase.com\/es\/wp-json\/wp\/v2\/users\/83912"}],"replies":[{"embeddable":true,"href":"https:\/\/www.couchbase.com\/es\/wp-json\/wp\/v2\/comments?post=36253"}],"version-history":[{"count":0,"href":"https:\/\/www.couchbase.com\/es\/wp-json\/wp\/v2\/pages\/36253\/revisions"}],"wp:attachment":[{"href":"https:\/\/www.couchbase.com\/es\/wp-json\/wp\/v2\/media?parent=36253"}],"wp:term":[{"taxonomy":"category","embeddable":true,"href":"https:\/\/www.couchbase.com\/es\/wp-json\/wp\/v2\/categories?post=36253"},{"taxonomy":"post_tag","embeddable":true,"href":"https:\/\/www.couchbase.com\/es\/wp-json\/wp\/v2\/tags?post=36253"}],"curies":[{"name":"wp","href":"https:\/\/api.w.org\/{rel}","templated":true}]}}