{"id":35623,"date":"2026-01-20T22:06:57","date_gmt":"2026-01-21T06:06:57","guid":{"rendered":"https:\/\/www.couchbase.com\/?page_id=35623"},"modified":"2026-02-09T01:24:39","modified_gmt":"2026-02-09T09:24:39","slug":"couchbase-privacy-policy","status":"publish","type":"page","link":"https:\/\/www.couchbase.com\/es\/privacy-policy\/","title":{"rendered":"Pol\u00edtica de privacidad de Couchbase"},"content":{"rendered":"","protected":false},"excerpt":{"rendered":"","protected":false},"author":73510,"featured_media":0,"parent":0,"menu_order":0,"comment_status":"closed","ping_status":"closed","template":"flexible-components.php","meta":{"_acf_changed":false,"inline_featured_image":false,"footnotes":""},"categories":[],"tags":[],"class_list":["post-35623","page","type-page","status-publish","hentry"],"yoast_head":"<!-- This site is optimized with the Yoast SEO Premium plugin v27.3 (Yoast SEO v27.3) - https:\/\/yoast.com\/product\/yoast-seo-premium-wordpress\/ -->\n<title>Privacy Policy | Couchbase<\/title>\n<meta name=\"description\" content=\"Your privacy and trust are important to us. Please read this Privacy Policy to understand how we collect and use personal data, for example when you contact us, visit our websites, apply for a job, or use our services.\" \/>\n<meta name=\"robots\" content=\"index, follow, max-snippet:-1, max-image-preview:large, max-video-preview:-1\" \/>\n<link rel=\"canonical\" href=\"https:\/\/www.couchbase.com\/es\/privacy-policy\/\" \/>\n<meta property=\"og:locale\" content=\"es_MX\" \/>\n<meta property=\"og:type\" content=\"article\" \/>\n<meta property=\"og:title\" content=\"Privacy Policy | Couchbase\" \/>\n<meta property=\"og:description\" content=\"Your privacy and trust are important to us. Please read this Privacy Policy to understand how we collect and use personal data, for example when you contact us, visit our websites, apply for a job, or use our services.\" \/>\n<meta property=\"og:url\" content=\"https:\/\/www.couchbase.com\/es\/privacy-policy\/\" \/>\n<meta property=\"og:site_name\" content=\"Couchbase\" \/>\n<meta property=\"article:modified_time\" content=\"2026-02-09T09:24:39+00:00\" \/>\n<meta property=\"og:image\" content=\"https:\/\/www.couchbase.com\/wp-content\/uploads\/2023\/10\/CB-Meta-Image-1.png\" \/>\n\t<meta property=\"og:image:width\" content=\"1200\" \/>\n\t<meta property=\"og:image:height\" content=\"630\" \/>\n\t<meta property=\"og:image:type\" content=\"image\/png\" \/>\n<meta name=\"twitter:card\" content=\"summary_large_image\" \/>\n<meta name=\"twitter:title\" content=\"Privacy Policy | Couchbase\" \/>\n<meta name=\"twitter:description\" content=\"Your privacy and trust are important to us. Please read this Privacy Policy to understand how we collect and use personal data, for example when you contact us, visit our websites, apply for a job, or use our services.\" \/>\n<script type=\"application\/ld+json\" class=\"yoast-schema-graph\">{\"@context\":\"https:\\\/\\\/schema.org\",\"@graph\":[{\"@type\":\"WebPage\",\"@id\":\"https:\\\/\\\/www.couchbase.com\\\/es\\\/privacy-policy\\\/\",\"url\":\"https:\\\/\\\/www.couchbase.com\\\/es\\\/privacy-policy\\\/\",\"name\":\"Privacy Policy | Couchbase\",\"isPartOf\":{\"@id\":\"https:\\\/\\\/www.couchbase.com\\\/es\\\/#website\"},\"datePublished\":\"2026-01-21T06:06:57+00:00\",\"dateModified\":\"2026-02-09T09:24:39+00:00\",\"description\":\"Your privacy and trust are important to us. Please read this Privacy Policy to understand how we collect and use personal data, for example when you contact us, visit our websites, apply for a job, or use our services.\",\"breadcrumb\":{\"@id\":\"https:\\\/\\\/www.couchbase.com\\\/es\\\/privacy-policy\\\/#breadcrumb\"},\"inLanguage\":\"es\",\"potentialAction\":[{\"@type\":\"ReadAction\",\"target\":[\"https:\\\/\\\/www.couchbase.com\\\/es\\\/privacy-policy\\\/\"]}]},{\"@type\":\"BreadcrumbList\",\"@id\":\"https:\\\/\\\/www.couchbase.com\\\/es\\\/privacy-policy\\\/#breadcrumb\",\"itemListElement\":[{\"@type\":\"ListItem\",\"position\":1,\"name\":\"Home\",\"item\":\"https:\\\/\\\/www.couchbase.com\\\/\"},{\"@type\":\"ListItem\",\"position\":2,\"name\":\"Couchbase Privacy Policy\"}]},{\"@type\":\"WebSite\",\"@id\":\"https:\\\/\\\/www.couchbase.com\\\/es\\\/#website\",\"url\":\"https:\\\/\\\/www.couchbase.com\\\/es\\\/\",\"name\":\"Couchbase\",\"description\":\"Just another The Couchbase Blog Sites site\",\"potentialAction\":[{\"@type\":\"SearchAction\",\"target\":{\"@type\":\"EntryPoint\",\"urlTemplate\":\"https:\\\/\\\/www.couchbase.com\\\/es\\\/?s={search_term_string}\"},\"query-input\":{\"@type\":\"PropertyValueSpecification\",\"valueRequired\":true,\"valueName\":\"search_term_string\"}}],\"inLanguage\":\"es\"}]}<\/script>\n<!-- \/ Yoast SEO Premium plugin. -->","yoast_head_json":{"title":"Pol\u00edtica de privacidad | Couchbase","description":"Su privacidad y confianza son importantes para nosotros. Lea esta Pol\u00edtica de privacidad para saber c\u00f3mo recopilamos y utilizamos sus datos personales, por ejemplo cuando se pone en contacto con nosotros, visita nuestros sitios web, solicita un empleo o utiliza nuestros servicios.","robots":{"index":"index","follow":"follow","max-snippet":"max-snippet:-1","max-image-preview":"max-image-preview:large","max-video-preview":"max-video-preview:-1"},"canonical":"https:\/\/www.couchbase.com\/es\/privacy-policy\/","og_locale":"es_MX","og_type":"article","og_title":"Privacy Policy | Couchbase","og_description":"Your privacy and trust are important to us. Please read this Privacy Policy to understand how we collect and use personal data, for example when you contact us, visit our websites, apply for a job, or use our services.","og_url":"https:\/\/www.couchbase.com\/es\/privacy-policy\/","og_site_name":"Couchbase","article_modified_time":"2026-02-09T09:24:39+00:00","og_image":[{"width":1200,"height":630,"url":"https:\/\/www.couchbase.com\/wp-content\/uploads\/2023\/10\/CB-Meta-Image-1.png","type":"image\/png"}],"twitter_card":"summary_large_image","twitter_title":"Privacy Policy | Couchbase","twitter_description":"Your privacy and trust are important to us. Please read this Privacy Policy to understand how we collect and use personal data, for example when you contact us, visit our websites, apply for a job, or use our services.","schema":{"@context":"https:\/\/schema.org","@graph":[{"@type":"WebPage","@id":"https:\/\/www.couchbase.com\/es\/privacy-policy\/","url":"https:\/\/www.couchbase.com\/es\/privacy-policy\/","name":"Pol\u00edtica de privacidad | Couchbase","isPartOf":{"@id":"https:\/\/www.couchbase.com\/es\/#website"},"datePublished":"2026-01-21T06:06:57+00:00","dateModified":"2026-02-09T09:24:39+00:00","description":"Su privacidad y confianza son importantes para nosotros. Lea esta Pol\u00edtica de privacidad para saber c\u00f3mo recopilamos y utilizamos sus datos personales, por ejemplo cuando se pone en contacto con nosotros, visita nuestros sitios web, solicita un empleo o utiliza nuestros servicios.","breadcrumb":{"@id":"https:\/\/www.couchbase.com\/es\/privacy-policy\/#breadcrumb"},"inLanguage":"es","potentialAction":[{"@type":"ReadAction","target":["https:\/\/www.couchbase.com\/es\/privacy-policy\/"]}]},{"@type":"BreadcrumbList","@id":"https:\/\/www.couchbase.com\/es\/privacy-policy\/#breadcrumb","itemListElement":[{"@type":"ListItem","position":1,"name":"Home","item":"https:\/\/www.couchbase.com\/"},{"@type":"ListItem","position":2,"name":"Couchbase Privacy Policy"}]},{"@type":"WebSite","@id":"https:\/\/www.couchbase.com\/es\/#website","url":"https:\/\/www.couchbase.com\/es\/","name":"Couchbase","description":"Otro sitio de The Couchbase Blog Sites","potentialAction":[{"@type":"SearchAction","target":{"@type":"EntryPoint","urlTemplate":"https:\/\/www.couchbase.com\/es\/?s={search_term_string}"},"query-input":{"@type":"PropertyValueSpecification","valueRequired":true,"valueName":"search_term_string"}}],"inLanguage":"es"}]}},"acf":[],"_links":{"self":[{"href":"https:\/\/www.couchbase.com\/es\/wp-json\/wp\/v2\/pages\/35623","targetHints":{"allow":["GET"]}}],"collection":[{"href":"https:\/\/www.couchbase.com\/es\/wp-json\/wp\/v2\/pages"}],"about":[{"href":"https:\/\/www.couchbase.com\/es\/wp-json\/wp\/v2\/types\/page"}],"author":[{"embeddable":true,"href":"https:\/\/www.couchbase.com\/es\/wp-json\/wp\/v2\/users\/73510"}],"replies":[{"embeddable":true,"href":"https:\/\/www.couchbase.com\/es\/wp-json\/wp\/v2\/comments?post=35623"}],"version-history":[{"count":0,"href":"https:\/\/www.couchbase.com\/es\/wp-json\/wp\/v2\/pages\/35623\/revisions"}],"wp:attachment":[{"href":"https:\/\/www.couchbase.com\/es\/wp-json\/wp\/v2\/media?parent=35623"}],"wp:term":[{"taxonomy":"category","embeddable":true,"href":"https:\/\/www.couchbase.com\/es\/wp-json\/wp\/v2\/categories?post=35623"},{"taxonomy":"post_tag","embeddable":true,"href":"https:\/\/www.couchbase.com\/es\/wp-json\/wp\/v2\/tags?post=35623"}],"curies":[{"name":"wp","href":"https:\/\/api.w.org\/{rel}","templated":true}]}}