{"id":33689,"date":"2025-03-28T15:17:21","date_gmt":"2025-03-28T22:17:21","guid":{"rendered":"https:\/\/www.couchbase.com\/?page_id=33689"},"modified":"2025-03-28T15:17:39","modified_gmt":"2025-03-28T22:17:39","slug":"customers-tesco","status":"publish","type":"page","link":"https:\/\/www.couchbase.com\/es\/customers\/tesco\/","title":{"rendered":"Tesco"},"content":{"rendered":"","protected":false},"excerpt":{"rendered":"","protected":false},"author":15093,"featured_media":0,"parent":0,"menu_order":0,"comment_status":"closed","ping_status":"closed","template":"shortcode-template.php","meta":{"_acf_changed":false,"inline_featured_image":false,"footnotes":""},"categories":[],"tags":[],"class_list":["post-33689","page","type-page","status-publish","hentry"],"yoast_head":"<!-- This site is optimized with the Yoast SEO Premium plugin v27.0 (Yoast SEO v27.0) - https:\/\/yoast.com\/product\/yoast-seo-premium-wordpress\/ -->\n<title>Tesco \u2013 NoSQL Customer Success and Case Studies | Couchbase<\/title>\n<meta name=\"description\" content=\"Learn how Tesco scales Couchbase to support millions of products in store and online for millions of retail customers.\" \/>\n<meta name=\"robots\" content=\"index, follow, max-snippet:-1, max-image-preview:large, max-video-preview:-1\" \/>\n<link rel=\"canonical\" href=\"https:\/\/www.couchbase.com\/es\/customers\/tesco\/\" \/>\n<meta property=\"og:locale\" content=\"es_MX\" \/>\n<meta property=\"og:type\" content=\"article\" \/>\n<meta property=\"og:title\" content=\"Netropolix \u2013 Capella Customer Success Story | Couchbase\" \/>\n<meta property=\"og:description\" content=\"Learn how Tesco scales Couchbase to support millions of products in store and online for millions of retail customers.\" \/>\n<meta property=\"og:url\" content=\"https:\/\/www.couchbase.com\/es\/customers\/tesco\/\" \/>\n<meta property=\"og:site_name\" content=\"Couchbase\" \/>\n<meta property=\"article:modified_time\" content=\"2025-03-28T22:17:39+00:00\" \/>\n<meta property=\"og:image\" content=\"https:\/\/www.couchbase.com\/wp-content\/uploads\/2024\/01\/Netropolix-CB-META.png\" \/>\n\t<meta property=\"og:image:width\" content=\"1200\" \/>\n\t<meta property=\"og:image:height\" content=\"628\" \/>\n\t<meta property=\"og:image:type\" content=\"image\/png\" \/>\n<meta name=\"twitter:card\" content=\"summary_large_image\" \/>\n<meta name=\"twitter:title\" content=\"Netropolix \u2013 Capella Customer Success Story | Couchbase\" \/>\n<meta name=\"twitter:description\" content=\"See why Netropolix selected Couchbase Capella on AWS to handle simultaneous user logins, build more solutions, and onboard additional customers.\" \/>\n<meta name=\"twitter:image\" content=\"https:\/\/www.couchbase.com\/wp-content\/uploads\/2024\/01\/Netropolix-CB-META.png\" \/>\n<script type=\"application\/ld+json\" class=\"yoast-schema-graph\">{\"@context\":\"https:\/\/schema.org\",\"@graph\":[{\"@type\":\"WebPage\",\"@id\":\"https:\/\/www.couchbase.com\/es\/customers\/tesco\/\",\"url\":\"https:\/\/www.couchbase.com\/customers\/tesco\/\",\"name\":\"Tesco \u2013 NoSQL Customer Success and Case Studies | Couchbase\",\"isPartOf\":{\"@id\":\"https:\/\/www.couchbase.com\/es\/#website\"},\"datePublished\":\"2025-03-28T22:17:21+00:00\",\"dateModified\":\"2025-03-28T22:17:39+00:00\",\"description\":\"Learn how Tesco scales Couchbase to support millions of products in store and online for millions of retail customers.\",\"breadcrumb\":{\"@id\":\"https:\/\/www.couchbase.com\/customers\/tesco\/#breadcrumb\"},\"inLanguage\":\"es\",\"potentialAction\":[{\"@type\":\"ReadAction\",\"target\":[\"https:\/\/www.couchbase.com\/customers\/tesco\/\"]}]},{\"@type\":\"BreadcrumbList\",\"@id\":\"https:\/\/www.couchbase.com\/customers\/tesco\/#breadcrumb\",\"itemListElement\":[{\"@type\":\"ListItem\",\"position\":1,\"name\":\"Home\",\"item\":\"https:\/\/www.couchbase.com\/\"},{\"@type\":\"ListItem\",\"position\":2,\"name\":\"Tesco\"}]},{\"@type\":\"WebSite\",\"@id\":\"https:\/\/www.couchbase.com\/es\/#website\",\"url\":\"https:\/\/www.couchbase.com\/es\/\",\"name\":\"Couchbase\",\"description\":\"Just another The Couchbase Blog Sites site\",\"potentialAction\":[{\"@type\":\"SearchAction\",\"target\":{\"@type\":\"EntryPoint\",\"urlTemplate\":\"https:\/\/www.couchbase.com\/es\/?s={search_term_string}\"},\"query-input\":{\"@type\":\"PropertyValueSpecification\",\"valueRequired\":true,\"valueName\":\"search_term_string\"}}],\"inLanguage\":\"es\"}]}<\/script>\n<!-- \/ Yoast SEO Premium plugin. -->","yoast_head_json":{"title":"Tesco - Casos pr\u00e1cticos y \u00e9xito de clientes NoSQL | Couchbase","description":"Descubra c\u00f3mo Tesco escala Couchbase para dar soporte a millones de productos en tienda y en l\u00ednea para millones de clientes minoristas.","robots":{"index":"index","follow":"follow","max-snippet":"max-snippet:-1","max-image-preview":"max-image-preview:large","max-video-preview":"max-video-preview:-1"},"canonical":"https:\/\/www.couchbase.com\/es\/customers\/tesco\/","og_locale":"es_MX","og_type":"article","og_title":"Netropolix \u2013 Capella Customer Success Story | Couchbase","og_description":"Learn how Tesco scales Couchbase to support millions of products in store and online for millions of retail customers.","og_url":"https:\/\/www.couchbase.com\/es\/customers\/tesco\/","og_site_name":"Couchbase","article_modified_time":"2025-03-28T22:17:39+00:00","og_image":[{"width":1200,"height":628,"url":"https:\/\/www.couchbase.com\/wp-content\/uploads\/2024\/01\/Netropolix-CB-META.png","type":"image\/png"}],"twitter_card":"summary_large_image","twitter_title":"Netropolix \u2013 Capella Customer Success Story | Couchbase","twitter_description":"See why Netropolix selected Couchbase Capella on AWS to handle simultaneous user logins, build more solutions, and onboard additional customers.","twitter_image":"https:\/\/www.couchbase.com\/wp-content\/uploads\/2024\/01\/Netropolix-CB-META.png","schema":{"@context":"https:\/\/schema.org","@graph":[{"@type":"WebPage","@id":"https:\/\/www.couchbase.com\/es\/customers\/tesco\/","url":"https:\/\/www.couchbase.com\/customers\/tesco\/","name":"Tesco - Casos pr\u00e1cticos y \u00e9xito de clientes NoSQL | Couchbase","isPartOf":{"@id":"https:\/\/www.couchbase.com\/es\/#website"},"datePublished":"2025-03-28T22:17:21+00:00","dateModified":"2025-03-28T22:17:39+00:00","description":"Descubra c\u00f3mo Tesco escala Couchbase para dar soporte a millones de productos en tienda y en l\u00ednea para millones de clientes minoristas.","breadcrumb":{"@id":"https:\/\/www.couchbase.com\/customers\/tesco\/#breadcrumb"},"inLanguage":"es","potentialAction":[{"@type":"ReadAction","target":["https:\/\/www.couchbase.com\/customers\/tesco\/"]}]},{"@type":"BreadcrumbList","@id":"https:\/\/www.couchbase.com\/customers\/tesco\/#breadcrumb","itemListElement":[{"@type":"ListItem","position":1,"name":"Home","item":"https:\/\/www.couchbase.com\/"},{"@type":"ListItem","position":2,"name":"Tesco"}]},{"@type":"WebSite","@id":"https:\/\/www.couchbase.com\/es\/#website","url":"https:\/\/www.couchbase.com\/es\/","name":"Couchbase","description":"Otro sitio de The Couchbase Blog Sites","potentialAction":[{"@type":"SearchAction","target":{"@type":"EntryPoint","urlTemplate":"https:\/\/www.couchbase.com\/es\/?s={search_term_string}"},"query-input":{"@type":"PropertyValueSpecification","valueRequired":true,"valueName":"search_term_string"}}],"inLanguage":"es"}]}},"acf":[],"_links":{"self":[{"href":"https:\/\/www.couchbase.com\/es\/wp-json\/wp\/v2\/pages\/33689","targetHints":{"allow":["GET"]}}],"collection":[{"href":"https:\/\/www.couchbase.com\/es\/wp-json\/wp\/v2\/pages"}],"about":[{"href":"https:\/\/www.couchbase.com\/es\/wp-json\/wp\/v2\/types\/page"}],"author":[{"embeddable":true,"href":"https:\/\/www.couchbase.com\/es\/wp-json\/wp\/v2\/users\/15093"}],"replies":[{"embeddable":true,"href":"https:\/\/www.couchbase.com\/es\/wp-json\/wp\/v2\/comments?post=33689"}],"version-history":[{"count":0,"href":"https:\/\/www.couchbase.com\/es\/wp-json\/wp\/v2\/pages\/33689\/revisions"}],"wp:attachment":[{"href":"https:\/\/www.couchbase.com\/es\/wp-json\/wp\/v2\/media?parent=33689"}],"wp:term":[{"taxonomy":"category","embeddable":true,"href":"https:\/\/www.couchbase.com\/es\/wp-json\/wp\/v2\/categories?post=33689"},{"taxonomy":"post_tag","embeddable":true,"href":"https:\/\/www.couchbase.com\/es\/wp-json\/wp\/v2\/tags?post=33689"}],"curies":[{"name":"wp","href":"https:\/\/api.w.org\/{rel}","templated":true}]}}