{"id":22965,"date":"2022-11-19T12:30:03","date_gmt":"2022-11-19T12:30:03","guid":{"rendered":"https:\/\/www.couchbase.com\/?page_id=22965"},"modified":"2025-08-13T00:46:24","modified_gmt":"2025-08-13T07:46:24","slug":"register-a-deal","status":"publish","type":"page","link":"https:\/\/www.couchbase.com\/es\/register-a-deal\/","title":{"rendered":"Registrar una operaci\u00f3n"},"content":{"rendered":"<p>\u00bfListo para registrar un acuerdo con Couchbase?<\/p>\n<p>El formulario de registro se utiliza para confirmar sus datos como socio de Couchbase y para obtener m\u00e1s informaci\u00f3n sobre el cliente potencial que est\u00e1 registrando.<\/p>\n<p><strong>El formulario de inscripci\u00f3n:<\/strong><\/p>\n<ul>\n<li>Confirma los datos de tu pareja y la informaci\u00f3n de contacto para que podamos ponernos en contacto contigo para hablar de la inscripci\u00f3n<\/li>\n<li>Nos informa sobre el cliente potencial que est\u00e1 registrando y el contacto principal en esa organizaci\u00f3n<\/li>\n<li>Nos proporciona informaci\u00f3n que nos ayudar\u00e1 a cualificar al cliente potencial.<\/li>\n<\/ul>\n<p>Revisaremos y calificaremos los registros de prospectos y oportunidades, y si determinamos que cumple nuestros criterios, aprobaremos el registro. Podemos rechazar una oportunidad a nuestra entera discreci\u00f3n. Las inscripciones de \"Reventa\" aprobadas le garantizan la protecci\u00f3n de la oferta y descuentos seg\u00fan los t\u00e9rminos acordados en el programa de socios. Los registros de \"Referencia\" aprobados aseguran que usted reciba una comisi\u00f3n por referencia en un acuerdo cerrado \"ganado\" basado en los t\u00e9rminos acordados del programa de socios y su acuerdo de gobierno con Couchbase. Por \u00faltimo, los registros de \"Co-Venta\" aprobados no reciben beneficios comerciales, pero se utilizar\u00e1n para realizar un seguimiento de las oportunidades con Couchbase. Cualquier acuerdo futuro se regir\u00e1 por su acuerdo de gobierno con Couchbase.<\/p>\n<p>Utilizaremos la informaci\u00f3n del prospecto para ayudar a calificar el registro y podemos requerir informaci\u00f3n adicional de usted o del cliente final. Tenga en cuenta que Couchbase se pondr\u00e1 en contacto con usted antes de comprometerse con el cliente potencial. Adem\u00e1s, la informaci\u00f3n de calificaci\u00f3n ser\u00e1 utilizada por el equipo de ventas de Couchbase para ayudar a calificar el registro.<\/p>","protected":false},"excerpt":{"rendered":"<p>Ready to register a deal with Couchbase? The registration form is used to confirm your details as a partner of Couchbase and to learn more about the prospect you are registering. The registration form: Confirms your partner details and contact [&hellip;]<\/p>\n","protected":false},"author":73510,"featured_media":0,"parent":0,"menu_order":0,"comment_status":"closed","ping_status":"closed","template":"shortcode-template.php","meta":{"_acf_changed":false,"inline_featured_image":false,"footnotes":""},"categories":[],"tags":[366],"class_list":["post-22965","page","type-page","status-publish","hentry","tag-partners"],"yoast_head":"<!-- This site is optimized with the Yoast SEO Premium plugin v27.3 (Yoast SEO v27.3) - https:\/\/yoast.com\/product\/yoast-seo-premium-wordpress\/ -->\n<title>Register a Deal - Couchbase<\/title>\n<meta name=\"robots\" content=\"index, follow, max-snippet:-1, max-image-preview:large, max-video-preview:-1\" \/>\n<link rel=\"canonical\" href=\"https:\/\/www.couchbase.com\/es\/register-a-deal\/\" \/>\n<meta property=\"og:locale\" content=\"es_MX\" \/>\n<meta property=\"og:type\" content=\"article\" \/>\n<meta property=\"og:title\" content=\"Register a Deal\" \/>\n<meta property=\"og:description\" content=\"Ready to register a deal with Couchbase? The registration form is used to confirm your details as a partner of Couchbase and to learn more about the prospect you are registering. The registration form: Confirms your partner details and contact [&hellip;]\" \/>\n<meta property=\"og:url\" content=\"https:\/\/www.couchbase.com\/es\/register-a-deal\/\" \/>\n<meta property=\"og:site_name\" content=\"Couchbase\" \/>\n<meta property=\"article:modified_time\" content=\"2025-08-13T07:46:24+00:00\" \/>\n<meta property=\"og:image\" content=\"https:\/\/www.couchbase.com\/wp-content\/uploads\/2023\/10\/CB-Meta-Image-1.png\" \/>\n\t<meta property=\"og:image:width\" content=\"1200\" \/>\n\t<meta property=\"og:image:height\" content=\"630\" \/>\n\t<meta property=\"og:image:type\" content=\"image\/png\" \/>\n<meta name=\"twitter:card\" content=\"summary_large_image\" \/>\n<meta name=\"twitter:label1\" content=\"Est. reading time\" \/>\n\t<meta name=\"twitter:data1\" content=\"2 minutos\" \/>\n<script type=\"application\/ld+json\" class=\"yoast-schema-graph\">{\"@context\":\"https:\\\/\\\/schema.org\",\"@graph\":[{\"@type\":\"WebPage\",\"@id\":\"https:\\\/\\\/www.couchbase.com\\\/es\\\/register-a-deal\\\/\",\"url\":\"https:\\\/\\\/www.couchbase.com\\\/es\\\/register-a-deal\\\/\",\"name\":\"Register a Deal - Couchbase\",\"isPartOf\":{\"@id\":\"https:\\\/\\\/www.couchbase.com\\\/es\\\/#website\"},\"datePublished\":\"2022-11-19T12:30:03+00:00\",\"dateModified\":\"2025-08-13T07:46:24+00:00\",\"breadcrumb\":{\"@id\":\"https:\\\/\\\/www.couchbase.com\\\/es\\\/register-a-deal\\\/#breadcrumb\"},\"inLanguage\":\"es\",\"potentialAction\":[{\"@type\":\"ReadAction\",\"target\":[\"https:\\\/\\\/www.couchbase.com\\\/es\\\/register-a-deal\\\/\"]}]},{\"@type\":\"BreadcrumbList\",\"@id\":\"https:\\\/\\\/www.couchbase.com\\\/es\\\/register-a-deal\\\/#breadcrumb\",\"itemListElement\":[{\"@type\":\"ListItem\",\"position\":1,\"name\":\"Home\",\"item\":\"https:\\\/\\\/www.couchbase.com\\\/\"},{\"@type\":\"ListItem\",\"position\":2,\"name\":\"Register a Deal\"}]},{\"@type\":\"WebSite\",\"@id\":\"https:\\\/\\\/www.couchbase.com\\\/es\\\/#website\",\"url\":\"https:\\\/\\\/www.couchbase.com\\\/es\\\/\",\"name\":\"Couchbase\",\"description\":\"Just another The Couchbase Blog Sites site\",\"potentialAction\":[{\"@type\":\"SearchAction\",\"target\":{\"@type\":\"EntryPoint\",\"urlTemplate\":\"https:\\\/\\\/www.couchbase.com\\\/es\\\/?s={search_term_string}\"},\"query-input\":{\"@type\":\"PropertyValueSpecification\",\"valueRequired\":true,\"valueName\":\"search_term_string\"}}],\"inLanguage\":\"es\"}]}<\/script>\n<!-- \/ Yoast SEO Premium plugin. -->","yoast_head_json":{"title":"Registrar una operaci\u00f3n - Couchbase","robots":{"index":"index","follow":"follow","max-snippet":"max-snippet:-1","max-image-preview":"max-image-preview:large","max-video-preview":"max-video-preview:-1"},"canonical":"https:\/\/www.couchbase.com\/es\/register-a-deal\/","og_locale":"es_MX","og_type":"article","og_title":"Register a Deal","og_description":"Ready to register a deal with Couchbase? The registration form is used to confirm your details as a partner of Couchbase and to learn more about the prospect you are registering. The registration form: Confirms your partner details and contact [&hellip;]","og_url":"https:\/\/www.couchbase.com\/es\/register-a-deal\/","og_site_name":"Couchbase","article_modified_time":"2025-08-13T07:46:24+00:00","og_image":[{"width":1200,"height":630,"url":"https:\/\/www.couchbase.com\/wp-content\/uploads\/2023\/10\/CB-Meta-Image-1.png","type":"image\/png"}],"twitter_card":"summary_large_image","twitter_misc":{"Est. reading time":"2 minutos"},"schema":{"@context":"https:\/\/schema.org","@graph":[{"@type":"WebPage","@id":"https:\/\/www.couchbase.com\/es\/register-a-deal\/","url":"https:\/\/www.couchbase.com\/es\/register-a-deal\/","name":"Registrar una operaci\u00f3n - Couchbase","isPartOf":{"@id":"https:\/\/www.couchbase.com\/es\/#website"},"datePublished":"2022-11-19T12:30:03+00:00","dateModified":"2025-08-13T07:46:24+00:00","breadcrumb":{"@id":"https:\/\/www.couchbase.com\/es\/register-a-deal\/#breadcrumb"},"inLanguage":"es","potentialAction":[{"@type":"ReadAction","target":["https:\/\/www.couchbase.com\/es\/register-a-deal\/"]}]},{"@type":"BreadcrumbList","@id":"https:\/\/www.couchbase.com\/es\/register-a-deal\/#breadcrumb","itemListElement":[{"@type":"ListItem","position":1,"name":"Home","item":"https:\/\/www.couchbase.com\/"},{"@type":"ListItem","position":2,"name":"Register a Deal"}]},{"@type":"WebSite","@id":"https:\/\/www.couchbase.com\/es\/#website","url":"https:\/\/www.couchbase.com\/es\/","name":"Couchbase","description":"Otro sitio de The Couchbase Blog Sites","potentialAction":[{"@type":"SearchAction","target":{"@type":"EntryPoint","urlTemplate":"https:\/\/www.couchbase.com\/es\/?s={search_term_string}"},"query-input":{"@type":"PropertyValueSpecification","valueRequired":true,"valueName":"search_term_string"}}],"inLanguage":"es"}]}},"acf":[],"_links":{"self":[{"href":"https:\/\/www.couchbase.com\/es\/wp-json\/wp\/v2\/pages\/22965","targetHints":{"allow":["GET"]}}],"collection":[{"href":"https:\/\/www.couchbase.com\/es\/wp-json\/wp\/v2\/pages"}],"about":[{"href":"https:\/\/www.couchbase.com\/es\/wp-json\/wp\/v2\/types\/page"}],"author":[{"embeddable":true,"href":"https:\/\/www.couchbase.com\/es\/wp-json\/wp\/v2\/users\/73510"}],"replies":[{"embeddable":true,"href":"https:\/\/www.couchbase.com\/es\/wp-json\/wp\/v2\/comments?post=22965"}],"version-history":[{"count":0,"href":"https:\/\/www.couchbase.com\/es\/wp-json\/wp\/v2\/pages\/22965\/revisions"}],"wp:attachment":[{"href":"https:\/\/www.couchbase.com\/es\/wp-json\/wp\/v2\/media?parent=22965"}],"wp:term":[{"taxonomy":"category","embeddable":true,"href":"https:\/\/www.couchbase.com\/es\/wp-json\/wp\/v2\/categories?post=22965"},{"taxonomy":"post_tag","embeddable":true,"href":"https:\/\/www.couchbase.com\/es\/wp-json\/wp\/v2\/tags?post=22965"}],"curies":[{"name":"wp","href":"https:\/\/api.w.org\/{rel}","templated":true}]}}