{"id":13578,"date":"2022-02-28T06:57:19","date_gmt":"2022-02-28T14:57:19","guid":{"rendered":"https:\/\/cbmigrationstg.wpengine.com\/?page_id=13578"},"modified":"2025-05-13T10:14:46","modified_gmt":"2025-05-13T17:14:46","slug":"gannett","status":"publish","type":"page","link":"https:\/\/www.couchbase.com\/es\/customers\/gannett\/","title":{"rendered":"Gannett"},"content":{"rendered":"","protected":false},"excerpt":{"rendered":"","protected":false},"author":73510,"featured_media":0,"parent":0,"menu_order":0,"comment_status":"closed","ping_status":"closed","template":"customers-child.php","meta":{"_acf_changed":false,"inline_featured_image":false,"footnotes":""},"categories":[],"tags":[364],"class_list":["post-13578","page","type-page","status-publish","hentry","tag-customers"],"yoast_head":"<!-- This site is optimized with the Yoast SEO Premium plugin v27.3 (Yoast SEO v27.3) - https:\/\/yoast.com\/product\/yoast-seo-premium-wordpress\/ -->\n<title>Gannett Case Study \u2013 NoSQL Hybrid Cloud Database Increased Scalability and Cut Fees<\/title>\n<meta name=\"description\" content=\"See how Gannett switched from SQL Server to Couchbase\u2019s highly scalable NoSQL database to implement a hybrid cloud strategy and cut licensing fees by 75%.\" \/>\n<meta name=\"robots\" content=\"index, follow, max-snippet:-1, max-image-preview:large, max-video-preview:-1\" \/>\n<link rel=\"canonical\" href=\"https:\/\/www.couchbase.com\/es\/customers\/gannett\/\" \/>\n<meta property=\"og:locale\" content=\"es_MX\" \/>\n<meta property=\"og:type\" content=\"article\" \/>\n<meta property=\"og:title\" content=\"Gannett\" \/>\n<meta property=\"og:description\" content=\"See how Gannett switched from SQL Server to Couchbase\u2019s highly scalable NoSQL database to implement a hybrid cloud strategy and cut licensing fees by 75%.\" \/>\n<meta property=\"og:url\" content=\"https:\/\/www.couchbase.com\/es\/customers\/gannett\/\" \/>\n<meta property=\"og:site_name\" content=\"Couchbase\" \/>\n<meta property=\"article:modified_time\" content=\"2025-05-13T17:14:46+00:00\" \/>\n<meta property=\"og:image\" content=\"https:\/\/www.couchbase.com\/wp-content\/uploads\/2023\/10\/CB-Meta-Image-1.png\" \/>\n\t<meta property=\"og:image:width\" content=\"1200\" \/>\n\t<meta property=\"og:image:height\" content=\"630\" \/>\n\t<meta property=\"og:image:type\" content=\"image\/png\" \/>\n<meta name=\"twitter:card\" content=\"summary_large_image\" \/>\n<script type=\"application\/ld+json\" class=\"yoast-schema-graph\">{\"@context\":\"https:\\\/\\\/schema.org\",\"@graph\":[{\"@type\":\"WebPage\",\"@id\":\"https:\\\/\\\/www.couchbase.com\\\/es\\\/customers\\\/gannett\\\/\",\"url\":\"https:\\\/\\\/www.couchbase.com\\\/es\\\/customers\\\/gannett\\\/\",\"name\":\"Gannett Case Study \u2013 NoSQL Hybrid Cloud Database Increased Scalability and Cut Fees\",\"isPartOf\":{\"@id\":\"https:\\\/\\\/www.couchbase.com\\\/es\\\/#website\"},\"datePublished\":\"2022-02-28T14:57:19+00:00\",\"dateModified\":\"2025-05-13T17:14:46+00:00\",\"description\":\"See how Gannett switched from SQL Server to Couchbase\u2019s highly scalable NoSQL database to implement a hybrid cloud strategy and cut licensing fees by 75%.\",\"breadcrumb\":{\"@id\":\"https:\\\/\\\/www.couchbase.com\\\/es\\\/customers\\\/gannett\\\/#breadcrumb\"},\"inLanguage\":\"es\",\"potentialAction\":[{\"@type\":\"ReadAction\",\"target\":[\"https:\\\/\\\/www.couchbase.com\\\/es\\\/customers\\\/gannett\\\/\"]}]},{\"@type\":\"BreadcrumbList\",\"@id\":\"https:\\\/\\\/www.couchbase.com\\\/es\\\/customers\\\/gannett\\\/#breadcrumb\",\"itemListElement\":[{\"@type\":\"ListItem\",\"position\":1,\"name\":\"Home\",\"item\":\"https:\\\/\\\/www.couchbase.com\\\/\"},{\"@type\":\"ListItem\",\"position\":2,\"name\":\"Gannett\"}]},{\"@type\":\"WebSite\",\"@id\":\"https:\\\/\\\/www.couchbase.com\\\/es\\\/#website\",\"url\":\"https:\\\/\\\/www.couchbase.com\\\/es\\\/\",\"name\":\"Couchbase\",\"description\":\"Just another The Couchbase Blog Sites site\",\"potentialAction\":[{\"@type\":\"SearchAction\",\"target\":{\"@type\":\"EntryPoint\",\"urlTemplate\":\"https:\\\/\\\/www.couchbase.com\\\/es\\\/?s={search_term_string}\"},\"query-input\":{\"@type\":\"PropertyValueSpecification\",\"valueRequired\":true,\"valueName\":\"search_term_string\"}}],\"inLanguage\":\"es\"}]}<\/script>\n<!-- \/ Yoast SEO Premium plugin. -->","yoast_head_json":{"title":"Caso pr\u00e1ctico de Gannett: la base de datos h\u00edbrida en la nube NoSQL aument\u00f3 la escalabilidad y redujo las tarifas","description":"Vea c\u00f3mo Gannett cambi\u00f3 de SQL Server a la base de datos NoSQL altamente escalable de Couchbase para implementar una estrategia de nube h\u00edbrida y reducir las tarifas de licencias en 75%.","robots":{"index":"index","follow":"follow","max-snippet":"max-snippet:-1","max-image-preview":"max-image-preview:large","max-video-preview":"max-video-preview:-1"},"canonical":"https:\/\/www.couchbase.com\/es\/customers\/gannett\/","og_locale":"es_MX","og_type":"article","og_title":"Gannett","og_description":"See how Gannett switched from SQL Server to Couchbase\u2019s highly scalable NoSQL database to implement a hybrid cloud strategy and cut licensing fees by 75%.","og_url":"https:\/\/www.couchbase.com\/es\/customers\/gannett\/","og_site_name":"Couchbase","article_modified_time":"2025-05-13T17:14:46+00:00","og_image":[{"width":1200,"height":630,"url":"https:\/\/www.couchbase.com\/wp-content\/uploads\/2023\/10\/CB-Meta-Image-1.png","type":"image\/png"}],"twitter_card":"summary_large_image","schema":{"@context":"https:\/\/schema.org","@graph":[{"@type":"WebPage","@id":"https:\/\/www.couchbase.com\/es\/customers\/gannett\/","url":"https:\/\/www.couchbase.com\/es\/customers\/gannett\/","name":"Caso pr\u00e1ctico de Gannett: la base de datos h\u00edbrida en la nube NoSQL aument\u00f3 la escalabilidad y redujo las tarifas","isPartOf":{"@id":"https:\/\/www.couchbase.com\/es\/#website"},"datePublished":"2022-02-28T14:57:19+00:00","dateModified":"2025-05-13T17:14:46+00:00","description":"Vea c\u00f3mo Gannett cambi\u00f3 de SQL Server a la base de datos NoSQL altamente escalable de Couchbase para implementar una estrategia de nube h\u00edbrida y reducir las tarifas de licencias en 75%.","breadcrumb":{"@id":"https:\/\/www.couchbase.com\/es\/customers\/gannett\/#breadcrumb"},"inLanguage":"es","potentialAction":[{"@type":"ReadAction","target":["https:\/\/www.couchbase.com\/es\/customers\/gannett\/"]}]},{"@type":"BreadcrumbList","@id":"https:\/\/www.couchbase.com\/es\/customers\/gannett\/#breadcrumb","itemListElement":[{"@type":"ListItem","position":1,"name":"Home","item":"https:\/\/www.couchbase.com\/"},{"@type":"ListItem","position":2,"name":"Gannett"}]},{"@type":"WebSite","@id":"https:\/\/www.couchbase.com\/es\/#website","url":"https:\/\/www.couchbase.com\/es\/","name":"Couchbase","description":"Otro sitio de The Couchbase Blog Sites","potentialAction":[{"@type":"SearchAction","target":{"@type":"EntryPoint","urlTemplate":"https:\/\/www.couchbase.com\/es\/?s={search_term_string}"},"query-input":{"@type":"PropertyValueSpecification","valueRequired":true,"valueName":"search_term_string"}}],"inLanguage":"es"}]}},"acf":[],"_links":{"self":[{"href":"https:\/\/www.couchbase.com\/es\/wp-json\/wp\/v2\/pages\/13578","targetHints":{"allow":["GET"]}}],"collection":[{"href":"https:\/\/www.couchbase.com\/es\/wp-json\/wp\/v2\/pages"}],"about":[{"href":"https:\/\/www.couchbase.com\/es\/wp-json\/wp\/v2\/types\/page"}],"author":[{"embeddable":true,"href":"https:\/\/www.couchbase.com\/es\/wp-json\/wp\/v2\/users\/73510"}],"replies":[{"embeddable":true,"href":"https:\/\/www.couchbase.com\/es\/wp-json\/wp\/v2\/comments?post=13578"}],"version-history":[{"count":0,"href":"https:\/\/www.couchbase.com\/es\/wp-json\/wp\/v2\/pages\/13578\/revisions"}],"wp:attachment":[{"href":"https:\/\/www.couchbase.com\/es\/wp-json\/wp\/v2\/media?parent=13578"}],"wp:term":[{"taxonomy":"category","embeddable":true,"href":"https:\/\/www.couchbase.com\/es\/wp-json\/wp\/v2\/categories?post=13578"},{"taxonomy":"post_tag","embeddable":true,"href":"https:\/\/www.couchbase.com\/es\/wp-json\/wp\/v2\/tags?post=13578"}],"curies":[{"name":"wp","href":"https:\/\/api.w.org\/{rel}","templated":true}]}}