{"id":31443,"date":"2024-09-18T02:05:31","date_gmt":"2024-09-18T09:05:31","guid":{"rendered":"https:\/\/www.couchbase.com\/?page_id=31443"},"modified":"2025-11-12T06:22:15","modified_gmt":"2025-11-12T14:22:15","slug":"support-policy-enterprise-software","status":"publish","type":"page","link":"https:\/\/www.couchbase.com\/de\/support-policy\/enterprise-software\/","title":{"rendered":"Couchbase Enterprise Software Support Richtlinie"},"content":{"rendered":"","protected":false},"excerpt":{"rendered":"","protected":false},"author":15093,"featured_media":0,"parent":0,"menu_order":0,"comment_status":"closed","ping_status":"closed","template":"shortcode-template.php","meta":{"_acf_changed":false,"inline_featured_image":false,"footnotes":""},"categories":[],"tags":[],"class_list":["post-31443","page","type-page","status-publish","hentry"],"yoast_head":"<!-- This site is optimized with the Yoast SEO Premium plugin v27.3 (Yoast SEO v27.3) - https:\/\/yoast.com\/product\/yoast-seo-premium-wordpress\/ -->\n<title>Enterprise Software Support Policy | Couchbase<\/title>\n<meta name=\"description\" content=\"Couchbase Capella is the NoSQL cloud database for business-critical applications. Review all your support level options plus terms and conditions.\" \/>\n<meta name=\"robots\" content=\"index, follow, max-snippet:-1, max-image-preview:large, max-video-preview:-1\" \/>\n<link rel=\"canonical\" href=\"https:\/\/www.couchbase.com\/de\/support-policy\/enterprise-software\/\" \/>\n<meta property=\"og:locale\" content=\"de_DE\" \/>\n<meta property=\"og:type\" content=\"article\" \/>\n<meta property=\"og:title\" content=\"Couchbase Enterprise Software Support Policy\" \/>\n<meta property=\"og:description\" content=\"Couchbase Capella is the NoSQL cloud database for business-critical applications. Review all your support level options plus terms and conditions.\" \/>\n<meta property=\"og:url\" content=\"https:\/\/www.couchbase.com\/de\/support-policy\/enterprise-software\/\" \/>\n<meta property=\"og:site_name\" content=\"Couchbase\" \/>\n<meta property=\"article:modified_time\" content=\"2025-11-12T14:22:15+00:00\" \/>\n<meta property=\"og:image\" content=\"https:\/\/www.couchbase.com\/wp-content\/uploads\/2023\/10\/CB-Meta-Image-1.png\" \/>\n\t<meta property=\"og:image:width\" content=\"1200\" \/>\n\t<meta property=\"og:image:height\" content=\"630\" \/>\n\t<meta property=\"og:image:type\" content=\"image\/png\" \/>\n<meta name=\"twitter:card\" content=\"summary_large_image\" \/>\n<script type=\"application\/ld+json\" class=\"yoast-schema-graph\">{\"@context\":\"https:\\\/\\\/schema.org\",\"@graph\":[{\"@type\":\"WebPage\",\"@id\":\"https:\\\/\\\/www.couchbase.com\\\/de\\\/support-policy\\\/enterprise-software\\\/\",\"url\":\"https:\\\/\\\/www.couchbase.com\\\/support-policy\\\/enterprise-software\\\/\",\"name\":\"Enterprise Software Support Policy | Couchbase\",\"isPartOf\":{\"@id\":\"https:\\\/\\\/www.couchbase.com\\\/de\\\/#website\"},\"datePublished\":\"2024-09-18T09:05:31+00:00\",\"dateModified\":\"2025-11-12T14:22:15+00:00\",\"description\":\"Couchbase Capella is the NoSQL cloud database for business-critical applications. Review all your support level options plus terms and conditions.\",\"breadcrumb\":{\"@id\":\"https:\\\/\\\/www.couchbase.com\\\/support-policy\\\/enterprise-software\\\/#breadcrumb\"},\"inLanguage\":\"de\",\"potentialAction\":[{\"@type\":\"ReadAction\",\"target\":[\"https:\\\/\\\/www.couchbase.com\\\/support-policy\\\/enterprise-software\\\/\"]}]},{\"@type\":\"BreadcrumbList\",\"@id\":\"https:\\\/\\\/www.couchbase.com\\\/support-policy\\\/enterprise-software\\\/#breadcrumb\",\"itemListElement\":[{\"@type\":\"ListItem\",\"position\":1,\"name\":\"Home\",\"item\":\"https:\\\/\\\/www.couchbase.com\\\/\"},{\"@type\":\"ListItem\",\"position\":2,\"name\":\"Couchbase Enterprise Software Support Policy\"}]},{\"@type\":\"WebSite\",\"@id\":\"https:\\\/\\\/www.couchbase.com\\\/de\\\/#website\",\"url\":\"https:\\\/\\\/www.couchbase.com\\\/de\\\/\",\"name\":\"Couchbase\",\"description\":\"Just another The Couchbase Blog Sites site\",\"potentialAction\":[{\"@type\":\"SearchAction\",\"target\":{\"@type\":\"EntryPoint\",\"urlTemplate\":\"https:\\\/\\\/www.couchbase.com\\\/de\\\/?s={search_term_string}\"},\"query-input\":{\"@type\":\"PropertyValueSpecification\",\"valueRequired\":true,\"valueName\":\"search_term_string\"}}],\"inLanguage\":\"de\"}]}<\/script>\n<!-- \/ Yoast SEO Premium plugin. -->","yoast_head_json":{"title":"Support-Richtlinie f\u00fcr Unternehmenssoftware | Couchbase","description":"Couchbase Capella ist die NoSQL-Cloud-Datenbank f\u00fcr gesch\u00e4ftskritische Anwendungen. Informieren Sie sich \u00fcber alle Support-Optionen und die Gesch\u00e4ftsbedingungen.","robots":{"index":"index","follow":"follow","max-snippet":"max-snippet:-1","max-image-preview":"max-image-preview:large","max-video-preview":"max-video-preview:-1"},"canonical":"https:\/\/www.couchbase.com\/de\/support-policy\/enterprise-software\/","og_locale":"de_DE","og_type":"article","og_title":"Couchbase Enterprise Software Support Policy","og_description":"Couchbase Capella is the NoSQL cloud database for business-critical applications. Review all your support level options plus terms and conditions.","og_url":"https:\/\/www.couchbase.com\/de\/support-policy\/enterprise-software\/","og_site_name":"Couchbase","article_modified_time":"2025-11-12T14:22:15+00:00","og_image":[{"width":1200,"height":630,"url":"https:\/\/www.couchbase.com\/wp-content\/uploads\/2023\/10\/CB-Meta-Image-1.png","type":"image\/png"}],"twitter_card":"summary_large_image","schema":{"@context":"https:\/\/schema.org","@graph":[{"@type":"WebPage","@id":"https:\/\/www.couchbase.com\/de\/support-policy\/enterprise-software\/","url":"https:\/\/www.couchbase.com\/support-policy\/enterprise-software\/","name":"Support-Richtlinie f\u00fcr Unternehmenssoftware | Couchbase","isPartOf":{"@id":"https:\/\/www.couchbase.com\/de\/#website"},"datePublished":"2024-09-18T09:05:31+00:00","dateModified":"2025-11-12T14:22:15+00:00","description":"Couchbase Capella ist die NoSQL-Cloud-Datenbank f\u00fcr gesch\u00e4ftskritische Anwendungen. Informieren Sie sich \u00fcber alle Support-Optionen und die Gesch\u00e4ftsbedingungen.","breadcrumb":{"@id":"https:\/\/www.couchbase.com\/support-policy\/enterprise-software\/#breadcrumb"},"inLanguage":"de","potentialAction":[{"@type":"ReadAction","target":["https:\/\/www.couchbase.com\/support-policy\/enterprise-software\/"]}]},{"@type":"BreadcrumbList","@id":"https:\/\/www.couchbase.com\/support-policy\/enterprise-software\/#breadcrumb","itemListElement":[{"@type":"ListItem","position":1,"name":"Home","item":"https:\/\/www.couchbase.com\/"},{"@type":"ListItem","position":2,"name":"Couchbase Enterprise Software Support Policy"}]},{"@type":"WebSite","@id":"https:\/\/www.couchbase.com\/de\/#website","url":"https:\/\/www.couchbase.com\/de\/","name":"Couchbase","description":"Nur eine weitere The Couchbase Blog Sites Seite","potentialAction":[{"@type":"SearchAction","target":{"@type":"EntryPoint","urlTemplate":"https:\/\/www.couchbase.com\/de\/?s={search_term_string}"},"query-input":{"@type":"PropertyValueSpecification","valueRequired":true,"valueName":"search_term_string"}}],"inLanguage":"de"}]}},"acf":[],"_links":{"self":[{"href":"https:\/\/www.couchbase.com\/de\/wp-json\/wp\/v2\/pages\/31443","targetHints":{"allow":["GET"]}}],"collection":[{"href":"https:\/\/www.couchbase.com\/de\/wp-json\/wp\/v2\/pages"}],"about":[{"href":"https:\/\/www.couchbase.com\/de\/wp-json\/wp\/v2\/types\/page"}],"author":[{"embeddable":true,"href":"https:\/\/www.couchbase.com\/de\/wp-json\/wp\/v2\/users\/15093"}],"replies":[{"embeddable":true,"href":"https:\/\/www.couchbase.com\/de\/wp-json\/wp\/v2\/comments?post=31443"}],"version-history":[{"count":0,"href":"https:\/\/www.couchbase.com\/de\/wp-json\/wp\/v2\/pages\/31443\/revisions"}],"wp:attachment":[{"href":"https:\/\/www.couchbase.com\/de\/wp-json\/wp\/v2\/media?parent=31443"}],"wp:term":[{"taxonomy":"category","embeddable":true,"href":"https:\/\/www.couchbase.com\/de\/wp-json\/wp\/v2\/categories?post=31443"},{"taxonomy":"post_tag","embeddable":true,"href":"https:\/\/www.couchbase.com\/de\/wp-json\/wp\/v2\/tags?post=31443"}],"curies":[{"name":"wp","href":"https:\/\/api.w.org\/{rel}","templated":true}]}}